{"id":22515,"date":"2025-06-26T20:26:06","date_gmt":"2025-06-26T20:26:06","guid":{"rendered":"https:\/\/assist.com.co\/?page_id=22515"},"modified":"2026-02-25T15:41:13","modified_gmt":"2026-02-25T15:41:13","slug":"saturn-studio-automatizacion-sin-codigo","status":"publish","type":"page","link":"https:\/\/assist.com.co\/en\/saturn-studio-automatizacion-sin-codigo\/","title":{"rendered":"Saturn Studio Automatizaci\u00f3n sin c\u00f3digo para tu empresa"},"content":{"rendered":"<div class=\"et_pb_section_0 et_pb_section et_section_regular et_block_section preset--module--divi-section--default\"><div class=\"et_pb_row_0 et_pb_row et_block_row\"><div class=\"et_pb_column_0 et_pb_column et_pb_column_3_5 et_block_column et_pb_css_mix_blend_mode_passthrough\"><div class=\"et_pb_text_0 et_pb_text et_pb_bg_layout_light et_pb_module et_block_module preset--module--divi-text--a0ab3b0a-0100-421d-af4e-e50287b97df0\"><div class=\"et_pb_text_inner\"><h1><strong>\u00bfTe imaginas tener un asistente que se anticipa a tus necesidades?<\/strong><\/h1>\n<\/div><\/div><\/div><div class=\"et_pb_column_1 et_pb_column et_pb_column_2_5 et-last-child et_block_column et_pb_css_mix_blend_mode_passthrough et_clickable\"><div class=\"et_pb_image_0 et_pb_image et_animated et_pb_module et_block_module\"><span class=\"et_pb_image_wrap\"><img loading=\"lazy\" decoding=\"async\" src=\"https:\/\/assist.com.co\/wp-content\/uploads\/2025\/06\/Sin-titulo-1.png\" width=\"1920\" height=\"1080\" srcset=\"https:\/\/assist.com.co\/wp-content\/uploads\/2025\/06\/Sin-titulo-1.png 1920w, https:\/\/assist.com.co\/wp-content\/uploads\/2025\/06\/Sin-titulo-1-1280x720.png 1280w, https:\/\/assist.com.co\/wp-content\/uploads\/2025\/06\/Sin-titulo-1-980x551.png 980w, https:\/\/assist.com.co\/wp-content\/uploads\/2025\/06\/Sin-titulo-1-480x270.png 480w\" sizes=\"(min-width: 0px) and (max-width: 480px) 480px, (min-width: 481px) and (max-width: 980px) 980px, (min-width: 981px) and (max-width: 1280px) 1280px, (min-width: 1281px) 1920px, 100vw\" class=\"wp-image-22525\" title=\"hiper automatizaci\u00f3n\" alt=\"hiper automatizaci\u00f3n\" \/><\/span><\/div><\/div><\/div><div class=\"et_pb_row_1 et_pb_row et_block_row\"><div class=\"et_pb_column_2 et_pb_column et_pb_column_1_2 et_block_column et_pb_css_mix_blend_mode_passthrough\"><div class=\"et_pb_image_1 et_pb_image et_pb_image_sticky et_pb_module et_block_module\"><span class=\"et_pb_image_wrap\"><img loading=\"lazy\" decoding=\"async\" src=\"https:\/\/assist.com.co\/wp-content\/uploads\/2025\/06\/rocketbot-1.jpg\" width=\"1080\" height=\"1080\" srcset=\"https:\/\/assist.com.co\/wp-content\/uploads\/2025\/06\/rocketbot-1.jpg 1080w, https:\/\/assist.com.co\/wp-content\/uploads\/2025\/06\/rocketbot-1-980x980.jpg 980w, https:\/\/assist.com.co\/wp-content\/uploads\/2025\/06\/rocketbot-1-480x480.jpg 480w\" sizes=\"(min-width: 0px) and (max-width: 480px) 480px, (min-width: 481px) and (max-width: 980px) 980px, (min-width: 981px) 1080px, 100vw\" class=\"wp-image-22526\" title=\"rocketbot\" alt=\"rocketbot\" \/><\/span><\/div><div class=\"et_pb_text_1 et_pb_text et_pb_bg_layout_light et_pb_module et_block_module preset--module--divi-text--753d7e5f-c40a-4562-a76d-daacc52cfb9e\"><div class=\"et_pb_text_inner\"><h2>Eso es <strong>Saturn Studio<\/strong>: una plataforma de automatizaci\u00f3n que trabaja por ti como si supiera exactamente lo que tu operaci\u00f3n necesita...<\/h2>\n<\/div><\/div><div class=\"et_pb_image_2 et_pb_image et_pb_module et_block_module\"><span class=\"et_pb_image_wrap has-box-shadow-overlay\"><div class=\"box-shadow-overlay\"><\/div><img loading=\"lazy\" decoding=\"async\" src=\"https:\/\/assist.com.co\/wp-content\/uploads\/2025\/06\/0626-1.gif\" width=\"1138\" height=\"640\" sizes=\"(min-width: 0px) and (max-width: 480px) 480px, (min-width: 481px) and (max-width: 980px) 980px, (min-width: 981px) 1138px, 100vw\" class=\"wp-image-22534\" title=\"no code\" alt=\"no code\" \/><\/span><\/div><\/div><div class=\"et_pb_column_3 et_pb_column et_pb_column_1_2 et-last-child et_block_column et_pb_css_mix_blend_mode_passthrough\"><div class=\"et_pb_code_0 et_pb_code et_pb_module\"><div class=\"et_pb_code_inner\"><iframe loading=\"lazy\" src=\"https:\/\/docs.google.com\/forms\/d\/e\/1FAIpQLSd7Y64JGVQEaTiIdbodqWDpKBs8vrss98NWe6uHy6dUkhC_Rw\/viewform?embedded=true\" width=\"640\" height=\"900\" frameborder=\"0\" marginheight=\"0\" marginwidth=\"0\">Cargando\u2026<\/iframe><\/div><\/div><div class=\"et_pb_text_2 et_pb_text et_pb_bg_layout_light et_pb_module et_block_module preset--module--divi-text--8906cc24-b703-4f6a-b45c-5203e7555c1b\"><div class=\"et_pb_text_inner\"><h1><strong><em>\u00a0Y sin c\u00f3digo.<\/em><\/strong><\/h1>\n<\/div><\/div><\/div><\/div><\/div><div class=\"et_pb_section_1 et_pb_section et_section_regular et_block_section et_pb_section_parallax preset--module--divi-section--default\"><span class=\"et-pb-parallax-wrapper\"><span class=\"et-pb-parallax-background et-pb-parallax-background-module--divi-section-1\" style=\"background-image:url(https:\/\/assist.com.co\/wp-content\/uploads\/2025\/06\/2151152322.webp)\"><\/span><\/span><div class=\"et_pb_row_2 et_pb_row et_pb_equal_columns et_block_row\"><div class=\"et_pb_column_4 et_pb_column et_pb_column_1_2 et_block_column et_pb_css_mix_blend_mode_passthrough\"><div class=\"et_pb_text_3 et_pb_text et_pb_bg_layout_light et_pb_module et_block_module preset--module--divi-text--9acecbca-bcea-4a0d-b96f-363dc516c06a\"><div class=\"et_pb_text_inner\"><h2><strong>A tu medida, como tu caf\u00e9 favorito<\/strong><\/h2>\n<\/div><\/div><div class=\"et_pb_text_4 et_pb_text et_pb_bg_layout_light et_pb_module et_block_module preset--module--divi-text--753d7e5f-c40a-4562-a76d-daacc52cfb9e\"><div class=\"et_pb_text_inner\"><h3 style=\"text-align: justify;\"><strong>As\u00ed como preparas tu caf\u00e9 como te gusta cada ma\u00f1ana...<br \/><\/strong>Saturn Studio orquesta tus procesos a la medida.<br \/>Con una interfaz visual y sin necesidad de programaci\u00f3n, solo arrastras, conectas y ves c\u00f3mo todo fluye.<\/h3>\n<\/div><\/div><div class=\"et_pb_text_5 et_pb_text et_pb_bg_layout_light et_pb_module et_block_module\"><div class=\"et_pb_text_inner\"><h1><strong><em>Tan simple y placentero como armar tu rutina ideal.<\/em><\/strong><\/h1>\n<\/div><\/div><\/div><div class=\"et_pb_column_5 et_pb_column et_pb_column_1_2 et-last-child et_block_column et_pb_column_empty et_pb_css_mix_blend_mode_passthrough\"><\/div><\/div><div class=\"et_pb_row_3 et_pb_row et_block_row\"><div class=\"et_pb_column_6 et_pb_column et_pb_column_4_4 et-last-child et_block_column et_pb_css_mix_blend_mode_passthrough\"><div class=\"et_pb_text_6 et_pb_text et_pb_bg_layout_light et_pb_module et_block_module preset--module--divi-text--9acecbca-bcea-4a0d-b96f-363dc516c06a\"><div class=\"et_pb_text_inner\"><h2><strong>Automatiza sin drama<\/strong><\/h2>\n<\/div><\/div><\/div><\/div><\/div><div class=\"et_pb_section_2 et_pb_section et_section_regular et_block_section preset--module--divi-section--default\"><div class=\"et_pb_row_4 et_pb_row et_block_row\"><div class=\"et_pb_column_7 et_pb_column et_pb_column_1_3 et_block_column et_pb_css_mix_blend_mode_passthrough\"><div class=\"et_pb_text_7 et_pb_text et_pb_bg_layout_light et_pb_module et_block_module preset--module--divi-text--9acecbca-bcea-4a0d-b96f-363dc516c06a\"><div class=\"et_pb_text_inner\"><h1><strong>\u00bfQu\u00e9 han logrado otras empresas con Saturn Studio?<\/strong><\/h1>\n<\/div><\/div><div class=\"et_pb_circle_counter_0 et_pb_circle_counter et_pb_with_title et_pb_bg_layout_light et_pb_text_align_center container-width-change-notify et_pb_module et_block_module\"><div class=\"et_pb_circle_counter_inner\"><div class=\"percent\"><p><span class=\"percent-value\"><\/span><span class=\"percent-sign\">%<\/span><\/p><\/div><h3 class=\"et_pb_module_header\">Menos en costos operativos<\/h3><\/div><\/div><\/div><div class=\"et_pb_column_8 et_pb_column et_pb_column_1_3 et_block_column et_pb_css_mix_blend_mode_passthrough\"><div class=\"et_pb_circle_counter_1 et_pb_circle_counter et_pb_with_title et_pb_bg_layout_light et_pb_text_align_center container-width-change-notify et_pb_module et_block_module\"><div class=\"et_pb_circle_counter_inner\"><div class=\"percent\"><p><span class=\"percent-value\"><\/span><span class=\"percent-sign\">%<\/span><\/p><\/div><h3 class=\"et_pb_module_header\">menos errores humanos<\/h3><\/div><\/div><div class=\"et_pb_circle_counter_2 et_pb_circle_counter et_pb_with_title et_pb_bg_layout_light et_pb_text_align_center container-width-change-notify et_pb_module et_block_module\"><div class=\"et_pb_circle_counter_inner\"><div class=\"percent\"><p><span class=\"percent-value\"><\/span><span class=\"percent-sign\">%<\/span><\/p><\/div><h3 class=\"et_pb_module_header\">M\u00e1s velocidad en procesos cr\u00edticos<\/h3><\/div><\/div><\/div><div class=\"et_pb_column_9 et_pb_column et_pb_column_1_3 et-last-child et_block_column et_pb_css_mix_blend_mode_passthrough\"><div class=\"et_pb_circle_counter_3 et_pb_circle_counter et_pb_with_title et_pb_bg_layout_light et_pb_text_align_center container-width-change-notify et_pb_module et_block_module\"><div class=\"et_pb_circle_counter_inner\"><div class=\"percent\"><p><span class=\"percent-value\"><\/span><span class=\"percent-sign\">%<\/span><\/p><\/div><h3 class=\"et_pb_module_header\">Menos tiempo de implementaci\u00f3n<\/h3><\/div><\/div><div class=\"et_pb_text_8 et_pb_text et_pb_bg_layout_light et_pb_module et_block_module preset--module--divi-text--efa34cd4-5e54-4df7-a1f7-2f2d8c767dcf\"><div class=\"et_pb_text_inner\"><h2><em>S\u00ed, es real. Y comprobable.<\/em><\/h2>\n<\/div><\/div><div class=\"et_pb_image_3 et_pb_image et_pb_module et_block_module\"><span class=\"et_pb_image_wrap\"><img loading=\"lazy\" decoding=\"async\" src=\"https:\/\/assist.com.co\/wp-content\/uploads\/2025\/06\/logo-12375_256.gif\" width=\"239\" height=\"256\" sizes=\"(max-width: 239px) 100vw, 239px\" class=\"wp-image-22531\" \/><\/span><\/div><\/div><\/div><div class=\"et_pb_row_5 et_pb_row et_block_row\"><div class=\"et_pb_column_10 et_pb_column et_pb_column_1_2 et_block_column et_pb_css_mix_blend_mode_passthrough\"><div class=\"et_pb_image_4 et_pb_image et_pb_module et_block_module\"><span class=\"et_pb_image_wrap\"><img loading=\"lazy\" decoding=\"async\" src=\"https:\/\/assist.com.co\/wp-content\/uploads\/2025\/06\/bots.gif\" width=\"1138\" height=\"640\" sizes=\"(min-width: 0px) and (max-width: 480px) 480px, (min-width: 481px) and (max-width: 980px) 980px, (min-width: 981px) 1138px, 100vw\" class=\"wp-image-22532\" title=\"bots\" \/><\/span><\/div><\/div><div class=\"et_pb_column_11 et_pb_column et_pb_column_1_2 et-last-child et_block_column et_pb_css_mix_blend_mode_passthrough\"><div class=\"et_pb_text_9 et_pb_text et_pb_bg_layout_light et_pb_module et_block_module preset--module--divi-text--753d7e5f-c40a-4562-a76d-daacc52cfb9e\"><div class=\"et_pb_text_inner\"><h2 style=\"text-align: justify;\">Automatizar no deber\u00eda ser un proyecto eteeeeeerno.<br \/>Con Saturn Studio pasas de la idea a la ejecuci\u00f3n en minutos, no meses.<br \/><em>Mientras otros siguen resolviendo tickets, t\u00fa ya optimizaste la operaci\u00f3n.<br \/><\/em>Sin drama. Sin ghosteo. Como todo l\u00edder.<\/h2>\n<\/div><\/div><div class=\"et_pb_module et_pb_button_module_wrapper et_pb_button_0_wrapper\"><a class=\"et_pb_button_0 et_pb_button et_pb_bg_layout_light et_pb_module et_block_module\" href=\"https:\/\/assist.com.co\/en\/solicitudes\/\">Talk to our experts:<\/a><\/div><\/div><\/div><\/div><div class=\"et_pb_section_3 et_pb_section et_section_regular et_block_section preset--module--divi-section--default\"><div class=\"et_pb_row_6 et_pb_row et_pb_equal_columns et_block_row\"><div class=\"et_pb_column_12 et_pb_column et_pb_column_1_2 et_block_column et_pb_css_mix_blend_mode_passthrough\"><div class=\"et_pb_image_5 et_pb_image et_pb_module et_block_module\"><span class=\"et_pb_image_wrap\"><img loading=\"lazy\" decoding=\"async\" src=\"https:\/\/assist.com.co\/wp-content\/uploads\/2025\/06\/0625.gif\" width=\"1216\" height=\"640\" sizes=\"(min-width: 0px) and (max-width: 480px) 480px, (min-width: 481px) and (max-width: 980px) 980px, (min-width: 981px) 1216px, 100vw\" class=\"wp-image-22492\" \/><\/span><\/div><\/div><div class=\"et_pb_column_13 et_pb_column et_pb_column_1_2 et-last-child et_block_column et_pb_css_mix_blend_mode_passthrough\"><div class=\"et_pb_text_10 et_pb_text et_pb_bg_layout_light et_pb_module et_block_module preset--module--divi-text--9acecbca-bcea-4a0d-b96f-363dc516c06a\"><div class=\"et_pb_text_inner\"><h1><strong>\u00bfListo para que tus procesos trabajen por ti, y no al rev\u00e9s?<\/strong><\/h1>\n<\/div><\/div><div class=\"et_pb_text_11 et_pb_text et_pb_bg_layout_light et_pb_module et_block_module\"><div class=\"et_pb_text_inner\"><h2>D\u00e9janos tus datos y te contactaremos para mostrarte c\u00f3mo llevar tu operaci\u00f3n al siguiente nivel con Saturn Studio.<\/h2>\n<\/div><\/div><div class=\"et_pb_module et_pb_button_module_wrapper et_pb_button_1_wrapper\"><a class=\"et_pb_button_1 et_pb_button et_pb_bg_layout_light et_pb_module et_block_module\" href=\"https:\/\/assist.com.co\/en\/solicitudes\/\">CONTACT US<\/a><\/div><\/div><\/div><\/div>","protected":false},"excerpt":{"rendered":"","protected":false},"author":2,"featured_media":22516,"parent":0,"menu_order":0,"comment_status":"closed","ping_status":"closed","template":"","meta":{"inline_featured_image":false,"footnotes":""},"class_list":["post-22515","page","type-page","status-publish","has-post-thumbnail","hentry"],"yoast_head":"<!-- This site is optimized with the Yoast SEO Premium plugin v25.2 (Yoast SEO v27.3) - https:\/\/yoast.com\/product\/yoast-seo-premium-wordpress\/ -->\n<title>Saturn Studio Automatizaci\u00f3n sin c\u00f3digo para tu empresa<\/title>\n<meta name=\"description\" content=\"Automatiza tus procesos sin escribir c\u00f3digo. Reduce costos, errores y acelera tu operaci\u00f3n con Saturn Studio. Solicita tu demo gratuita hoy.\" \/>\n<meta name=\"robots\" content=\"index, follow, max-snippet:-1, max-image-preview:large, max-video-preview:-1\" \/>\n<link rel=\"canonical\" href=\"https:\/\/assist.com.co\/en\/saturn-studio-automatizacion-sin-codigo\/\" \/>\n<meta property=\"og:locale\" content=\"en_US\" \/>\n<meta property=\"og:type\" content=\"article\" \/>\n<meta property=\"og:title\" content=\"Saturn Studio Automatizaci\u00f3n sin c\u00f3digo para tu empresa Saturn Studio Automatizaci\u00f3n sin c\u00f3digo para tu empresa\" \/>\n<meta property=\"og:description\" content=\"Optimiza tu operaci\u00f3n con Saturn Studio, Plataforma de automatizaci\u00f3n sin c\u00f3digo que mejora eficiencia, reduce errores y acelera resultados. Agenda tu demo.\" \/>\n<meta property=\"og:url\" content=\"https:\/\/assist.com.co\/en\/saturn-studio-automatizacion-sin-codigo\/\" \/>\n<meta property=\"og:site_name\" content=\"Assist Consultores\" \/>\n<meta property=\"article:modified_time\" content=\"2026-02-25T15:41:13+00:00\" \/>\n<meta property=\"og:image\" content=\"https:\/\/assist.com.co\/wp-content\/uploads\/2025\/06\/saturn-studio-rocketbot-assist.jpg\" \/>\n\t<meta property=\"og:image:width\" content=\"1200\" \/>\n\t<meta property=\"og:image:height\" content=\"628\" \/>\n\t<meta property=\"og:image:type\" content=\"image\/jpeg\" \/>\n<meta name=\"twitter:card\" content=\"summary_large_image\" \/>\n<meta name=\"twitter:title\" content=\"Saturn Studio Automatizaci\u00f3n sin c\u00f3digo para tu empresa\" \/>\n<meta name=\"twitter:label1\" content=\"Est. reading time\" \/>\n\t<meta name=\"twitter:data1\" content=\"3 minutes\" \/>\n<script type=\"application\/ld+json\" class=\"yoast-schema-graph\">{\"@context\":\"https:\\\/\\\/schema.org\",\"@graph\":[{\"@type\":\"WebPage\",\"@id\":\"https:\\\/\\\/assist.com.co\\\/saturn-studio-automatizacion-sin-codigo\\\/\",\"url\":\"https:\\\/\\\/assist.com.co\\\/saturn-studio-automatizacion-sin-codigo\\\/\",\"name\":\"Saturn Studio Automatizaci\u00f3n sin c\u00f3digo para tu empresa\",\"isPartOf\":{\"@id\":\"https:\\\/\\\/assist.com.co\\\/#website\"},\"primaryImageOfPage\":{\"@id\":\"https:\\\/\\\/assist.com.co\\\/saturn-studio-automatizacion-sin-codigo\\\/#primaryimage\"},\"image\":{\"@id\":\"https:\\\/\\\/assist.com.co\\\/saturn-studio-automatizacion-sin-codigo\\\/#primaryimage\"},\"thumbnailUrl\":\"https:\\\/\\\/assist.com.co\\\/wp-content\\\/uploads\\\/2025\\\/06\\\/saturn-studio.png\",\"datePublished\":\"2025-06-26T20:26:06+00:00\",\"dateModified\":\"2026-02-25T15:41:13+00:00\",\"description\":\"Automatiza tus procesos sin escribir c\u00f3digo. Reduce costos, errores y acelera tu operaci\u00f3n con Saturn Studio. Solicita tu demo gratuita hoy.\",\"breadcrumb\":{\"@id\":\"https:\\\/\\\/assist.com.co\\\/saturn-studio-automatizacion-sin-codigo\\\/#breadcrumb\"},\"inLanguage\":\"en-US\",\"potentialAction\":[{\"@type\":\"ReadAction\",\"target\":[\"https:\\\/\\\/assist.com.co\\\/saturn-studio-automatizacion-sin-codigo\\\/\"]}]},{\"@type\":\"ImageObject\",\"inLanguage\":\"en-US\",\"@id\":\"https:\\\/\\\/assist.com.co\\\/saturn-studio-automatizacion-sin-codigo\\\/#primaryimage\",\"url\":\"https:\\\/\\\/assist.com.co\\\/wp-content\\\/uploads\\\/2025\\\/06\\\/saturn-studio.png\",\"contentUrl\":\"https:\\\/\\\/assist.com.co\\\/wp-content\\\/uploads\\\/2025\\\/06\\\/saturn-studio.png\",\"width\":1080,\"height\":1080,\"caption\":\"saturn-studio\"},{\"@type\":\"BreadcrumbList\",\"@id\":\"https:\\\/\\\/assist.com.co\\\/saturn-studio-automatizacion-sin-codigo\\\/#breadcrumb\",\"itemListElement\":[{\"@type\":\"ListItem\",\"position\":1,\"name\":\"Home\",\"item\":\"https:\\\/\\\/assist.com.co\\\/\"},{\"@type\":\"ListItem\",\"position\":2,\"name\":\"Saturn Studio Automatizaci\u00f3n sin c\u00f3digo para tu empresa\"}]},{\"@type\":\"WebSite\",\"@id\":\"https:\\\/\\\/assist.com.co\\\/#website\",\"url\":\"https:\\\/\\\/assist.com.co\\\/\",\"name\":\"Assist Consultores\",\"description\":\"Transformando Capacidades Empresariales en Sistemas Innovadores\",\"potentialAction\":[{\"@type\":\"SearchAction\",\"target\":{\"@type\":\"EntryPoint\",\"urlTemplate\":\"https:\\\/\\\/assist.com.co\\\/?s={search_term_string}\"},\"query-input\":{\"@type\":\"PropertyValueSpecification\",\"valueRequired\":true,\"valueName\":\"search_term_string\"}}],\"inLanguage\":\"en-US\"}]}<\/script>\n<!-- \/ Yoast SEO Premium plugin. -->","yoast_head_json":{"title":"Saturn Studio Automatizaci\u00f3n sin c\u00f3digo para tu empresa","description":"Automatiza tus procesos sin escribir c\u00f3digo. Reduce costos, errores y acelera tu operaci\u00f3n con Saturn Studio. Solicita tu demo gratuita hoy.","robots":{"index":"index","follow":"follow","max-snippet":"max-snippet:-1","max-image-preview":"max-image-preview:large","max-video-preview":"max-video-preview:-1"},"canonical":"https:\/\/assist.com.co\/en\/saturn-studio-automatizacion-sin-codigo\/","og_locale":"en_US","og_type":"article","og_title":"Saturn Studio Automatizaci\u00f3n sin c\u00f3digo para tu empresa Saturn Studio Automatizaci\u00f3n sin c\u00f3digo para tu empresa","og_description":"Optimiza tu operaci\u00f3n con Saturn Studio, Plataforma de automatizaci\u00f3n sin c\u00f3digo que mejora eficiencia, reduce errores y acelera resultados. Agenda tu demo.","og_url":"https:\/\/assist.com.co\/en\/saturn-studio-automatizacion-sin-codigo\/","og_site_name":"Assist Consultores","article_modified_time":"2026-02-25T15:41:13+00:00","og_image":[{"width":1200,"height":628,"url":"https:\/\/assist.com.co\/wp-content\/uploads\/2025\/06\/saturn-studio-rocketbot-assist.jpg","type":"image\/jpeg"}],"twitter_card":"summary_large_image","twitter_title":"Saturn Studio Automatizaci\u00f3n sin c\u00f3digo para tu empresa","twitter_misc":{"Est. reading time":"3 minutes"},"schema":{"@context":"https:\/\/schema.org","@graph":[{"@type":"WebPage","@id":"https:\/\/assist.com.co\/saturn-studio-automatizacion-sin-codigo\/","url":"https:\/\/assist.com.co\/saturn-studio-automatizacion-sin-codigo\/","name":"Saturn Studio Automatizaci\u00f3n sin c\u00f3digo para tu empresa","isPartOf":{"@id":"https:\/\/assist.com.co\/#website"},"primaryImageOfPage":{"@id":"https:\/\/assist.com.co\/saturn-studio-automatizacion-sin-codigo\/#primaryimage"},"image":{"@id":"https:\/\/assist.com.co\/saturn-studio-automatizacion-sin-codigo\/#primaryimage"},"thumbnailUrl":"https:\/\/assist.com.co\/wp-content\/uploads\/2025\/06\/saturn-studio.png","datePublished":"2025-06-26T20:26:06+00:00","dateModified":"2026-02-25T15:41:13+00:00","description":"Automatiza tus procesos sin escribir c\u00f3digo. Reduce costos, errores y acelera tu operaci\u00f3n con Saturn Studio. Solicita tu demo gratuita hoy.","breadcrumb":{"@id":"https:\/\/assist.com.co\/saturn-studio-automatizacion-sin-codigo\/#breadcrumb"},"inLanguage":"en-US","potentialAction":[{"@type":"ReadAction","target":["https:\/\/assist.com.co\/saturn-studio-automatizacion-sin-codigo\/"]}]},{"@type":"ImageObject","inLanguage":"en-US","@id":"https:\/\/assist.com.co\/saturn-studio-automatizacion-sin-codigo\/#primaryimage","url":"https:\/\/assist.com.co\/wp-content\/uploads\/2025\/06\/saturn-studio.png","contentUrl":"https:\/\/assist.com.co\/wp-content\/uploads\/2025\/06\/saturn-studio.png","width":1080,"height":1080,"caption":"saturn-studio"},{"@type":"BreadcrumbList","@id":"https:\/\/assist.com.co\/saturn-studio-automatizacion-sin-codigo\/#breadcrumb","itemListElement":[{"@type":"ListItem","position":1,"name":"Home","item":"https:\/\/assist.com.co\/"},{"@type":"ListItem","position":2,"name":"Saturn Studio Automatizaci\u00f3n sin c\u00f3digo para tu empresa"}]},{"@type":"WebSite","@id":"https:\/\/assist.com.co\/#website","url":"https:\/\/assist.com.co\/","name":"Assist Consultores","description":"Transformando Capacidades Empresariales en Sistemas Innovadores","potentialAction":[{"@type":"SearchAction","target":{"@type":"EntryPoint","urlTemplate":"https:\/\/assist.com.co\/?s={search_term_string}"},"query-input":{"@type":"PropertyValueSpecification","valueRequired":true,"valueName":"search_term_string"}}],"inLanguage":"en-US"}]}},"_links":{"self":[{"href":"https:\/\/assist.com.co\/en\/wp-json\/wp\/v2\/pages\/22515","targetHints":{"allow":["GET"]}}],"collection":[{"href":"https:\/\/assist.com.co\/en\/wp-json\/wp\/v2\/pages"}],"about":[{"href":"https:\/\/assist.com.co\/en\/wp-json\/wp\/v2\/types\/page"}],"author":[{"embeddable":true,"href":"https:\/\/assist.com.co\/en\/wp-json\/wp\/v2\/users\/2"}],"replies":[{"embeddable":true,"href":"https:\/\/assist.com.co\/en\/wp-json\/wp\/v2\/comments?post=22515"}],"version-history":[{"count":5,"href":"https:\/\/assist.com.co\/en\/wp-json\/wp\/v2\/pages\/22515\/revisions"}],"predecessor-version":[{"id":24295,"href":"https:\/\/assist.com.co\/en\/wp-json\/wp\/v2\/pages\/22515\/revisions\/24295"}],"wp:featuredmedia":[{"embeddable":true,"href":"https:\/\/assist.com.co\/en\/wp-json\/wp\/v2\/media\/22516"}],"wp:attachment":[{"href":"https:\/\/assist.com.co\/en\/wp-json\/wp\/v2\/media?parent=22515"}],"curies":[{"name":"wp","href":"https:\/\/api.w.org\/{rel}","templated":true}]}}