{"id":2475,"date":"2019-02-15T15:58:18","date_gmt":"2019-02-15T15:58:18","guid":{"rendered":"https:\/\/assist.com.co\/?page_id=2475"},"modified":"2026-02-25T15:27:31","modified_gmt":"2026-02-25T15:27:31","slug":"atencion-al-cliente-solicitudes","status":"publish","type":"page","link":"https:\/\/assist.com.co\/en\/atencion-al-cliente-solicitudes\/","title":{"rendered":"Customer service"},"content":{"rendered":"<div class=\"et_pb_section_0 et_pb_section et_section_regular et_block_section et_pb_section_parallax preset--module--divi-section--default\"><span class=\"et-pb-parallax-wrapper\"><span class=\"et-pb-parallax-background et-pb-parallax-background-module--divi-section-0\" style=\"background-image:url(https:\/\/assist.com.co\/wp-content\/uploads\/2025\/02\/15275629_5569837-01.svg)\"><\/span><\/span><div class=\"et_pb_row_0 et_pb_row et_block_row\"><div class=\"et_pb_column_0 et_pb_column et_pb_column_1_2 et_block_column et_pb_css_mix_blend_mode_passthrough\"><div class=\"et_pb_text_0 et_pb_text et_pb_bg_layout_light et_pb_module et_block_module\"><div class=\"et_pb_text_inner\"><h2><span style=\"color: #333399;\"><strong><em>Let\u2019s talk now<\/em><\/strong><\/span><\/h2>\n<\/div><\/div><div class=\"et_pb_divider_0 et_pb_divider et_pb_space et_pb_divider_position_top et_pb_module\"><div class=\"et_pb_divider_internal\"><\/div><\/div><div class=\"et_pb_text_1 et_pb_text et_pb_bg_layout_light et_pb_module et_block_module\"><div class=\"et_pb_text_inner\"><h1>Your problem, our solution.\u00a0<\/h1>\n<\/div><\/div><div class=\"et_pb_text_2 et_pb_text et_pb_bg_layout_light et_pb_module et_block_module\"><div class=\"et_pb_text_inner\"><p style=\"text-align: justify;\" class=\"translation-block\">We get it\u2014your time is money. That\u2019s why our squad of tech experts is always on deck, ready to hit fast-forward on solutions that are sharp, reliable, and tailor-made for your needs.<\/p>\n<\/div><\/div><div class=\"et_pb_text_3 et_pb_text et_pb_bg_layout_light et_pb_module et_block_module\"><div class=\"et_pb_text_inner\"><h1><strong><em>Drop us a message<\/em><\/strong><\/h1>\n<\/div><\/div><div class=\"et_pb_image_0 et_pb_image et_pb_module et_block_module\"><span class=\"et_pb_image_wrap\"><img loading=\"lazy\" decoding=\"async\" src=\"https:\/\/assist.com.co\/wp-content\/uploads\/2025\/06\/0625.gif\" width=\"1216\" height=\"640\" sizes=\"(min-width: 0px) and (max-width: 480px) 480px, (min-width: 481px) and (max-width: 980px) 980px, (min-width: 981px) 1216px, 100vw\" class=\"wp-image-22492\" title=\"atenci\u00f3n-al-cliente\" alt=\"atenci\u00f3n-al-cliente\" \/><\/span><\/div><\/div><div class=\"et_pb_column_1 et_pb_column et_pb_column_1_2 et-last-child et_block_column et_pb_css_mix_blend_mode_passthrough\"><div class=\"et_pb_code_0 et_pb_code et_pb_module\"><div class=\"et_pb_code_inner\"><iframe loading=\"lazy\" src=\"https:\/\/docs.google.com\/forms\/d\/e\/1FAIpQLScXzHDb_SPa0ulphze4XSzIh301gd3p1YdFPu5rS_oq3YYFiQ\/viewform?embedded=true\" width=\"640\" height=\"800\" frameborder=\"0\" marginheight=\"0\" marginwidth=\"0\">Cargando\u2026<\/iframe><\/div><\/div><div class=\"et_pb_module et_pb_button_module_wrapper et_pb_button_0_wrapper\"><a class=\"et_pb_button_0 et_pb_button et_pb_bg_layout_light et_pb_module et_block_module\" href=\"https:\/\/api.whatsapp.com\/send\/?phone=%2B573102169640&#038;text=Hola%2C+quisiera+que+me+contacten.&#038;type=phone_number&#038;app_absent=0\">Solicita ayuda inmediata<\/a><\/div><\/div><\/div><\/div><div class=\"et_pb_section_1 et_pb_section et_section_regular et_block_section preset--module--divi-section--default\"><div class=\"et_pb_row_1 et_pb_row et_block_row\"><div class=\"et_pb_column_2 et_pb_column et_pb_column_4_4 et-last-child et_block_column et_pb_css_mix_blend_mode_passthrough\"><div class=\"et_pb_text_4 et_pb_text et_pb_bg_layout_light et_pb_module et_block_module et_pb_text_align_center\"><div class=\"et_pb_text_inner\"><h2>ou can also report any incident through the following channels<\/h2>\n<\/div><\/div><\/div><\/div><div class=\"et_pb_row_2 et_pb_row et_block_row\"><div class=\"et_pb_column_3 et_pb_column et_pb_column_1_3 et_block_column et_pb_css_mix_blend_mode_passthrough\"><div class=\"et_pb_image_1 et_pb_image et_pb_module et_block_module\"><span class=\"et_pb_image_wrap\"><img loading=\"lazy\" decoding=\"async\" src=\"https:\/\/assist.com.co\/wp-content\/uploads\/2025\/06\/speech-bubble-5022_256.gif\" width=\"256\" height=\"256\" sizes=\"(max-width: 256px) 100vw, 256px\" class=\"wp-image-22493\" title=\"email_marketing_02\" \/><\/span><\/div><div class=\"et_pb_text_5 et_pb_text et_pb_bg_layout_light et_pb_module et_block_module et_pb_text_align_center\"><div class=\"et_pb_text_inner\"><h1><strong><span style=\"color: #ff0000;\">Support lines<\/span><\/strong><\/h1>\n<\/div><\/div><div class=\"et_pb_text_6 et_pb_text et_pb_bg_layout_light et_pb_module et_block_module et_pb_text_align_center\"><div class=\"et_pb_text_inner\"><h2><span style=\"color: #000000;\">(601) 432 2360<\/span><\/h2>\n<h2><span style=\"color: #000000;\">Ext:\u00a0 305<\/span><\/h2>\n<h2><span style=\"color: #000000;\">310- 2169640<\/span><\/h2>\n<\/div><\/div><\/div><div class=\"et_pb_column_4 et_pb_column et_pb_column_1_3 et_block_column et_pb_css_mix_blend_mode_passthrough\"><div class=\"et_pb_image_2 et_pb_image et_pb_module et_block_module\"><span class=\"et_pb_image_wrap\"><img loading=\"lazy\" decoding=\"async\" src=\"https:\/\/assist.com.co\/wp-content\/uploads\/2025\/05\/letter-5642_128.gif\" width=\"128\" height=\"128\" srcset=\"https:\/\/assist.com.co\/wp-content\/uploads\/2025\/05\/letter-5642_128.gif 128w, https:\/\/assist.com.co\/wp-content\/uploads\/2025\/05\/letter-5642_128-12x12.gif 12w\" sizes=\"(max-width: 128px) 100vw, 128px\" class=\"wp-image-22092\" title=\"letter-5642_128\" \/><\/span><\/div><div class=\"et_pb_text_7 et_pb_text et_pb_bg_layout_light et_pb_module et_block_module et_pb_text_align_center\"><div class=\"et_pb_text_inner\"><h1><strong><span style=\"color: #ff0000;\">Mail<\/span><\/strong><\/h1>\n<\/div><\/div><div class=\"et_pb_text_8 et_pb_text et_pb_bg_layout_light et_pb_module et_block_module et_pb_text_align_center\"><div class=\"et_pb_text_inner\"><h2><strong><span style=\"color: #000000;\">\u00a0<a href=\"mailto:atencionalcliente@assist.com.co\" target=\"_blank\" rel=\"noopener\" style=\"color: #000000;\">atencionalcliente@assist.<wbr \/>com.co<\/a><\/span><\/strong><\/h2>\n<\/div><\/div><\/div><div class=\"et_pb_column_5 et_pb_column et_pb_column_1_3 et-last-child et_block_column et_pb_css_mix_blend_mode_passthrough\"><div class=\"et_pb_image_3 et_pb_image et_pb_module et_block_module\"><span class=\"et_pb_image_wrap\"><img loading=\"lazy\" decoding=\"async\" src=\"https:\/\/assist.com.co\/wp-content\/uploads\/2025\/05\/rocket-158_256.gif\" width=\"256\" height=\"256\" sizes=\"(max-width: 256px) 100vw, 256px\" class=\"wp-image-22190\" title=\"email_marketing_06\" \/><\/span><\/div><div class=\"et_pb_text_9 et_pb_text et_pb_bg_layout_light et_pb_module et_block_module\"><div class=\"et_pb_text_inner\"><h1><em><strong>No headaches, just solutions.<\/strong><\/em><\/h1>\n<p><em><strong>We know your time is valuable. That\u2019s why our process is fast, clear, and straight to the point.<\/strong><\/em><\/p>\n<\/div><\/div><\/div><\/div><\/div>","protected":false},"excerpt":{"rendered":"","protected":false},"author":1,"featured_media":22495,"parent":0,"menu_order":0,"comment_status":"closed","ping_status":"closed","template":"","meta":{"inline_featured_image":false,"footnotes":""},"class_list":["post-2475","page","type-page","status-publish","has-post-thumbnail","hentry"],"yoast_head":"<!-- This site is optimized with the Yoast SEO Premium plugin v25.2 (Yoast SEO v27.4) - https:\/\/yoast.com\/product\/yoast-seo-premium-wordpress\/ -->\n<title>Atenci\u00f3n al Cliente - Assist Consultores<\/title>\n<meta name=\"description\" content=\"Soporte y atenci\u00f3n al cliente de Assist. Resuelve dudas, gestiona solicitudes o recibe ayuda inmediata de nuestro equipo especializado.\" \/>\n<meta name=\"robots\" content=\"index, follow, max-snippet:-1, max-image-preview:large, max-video-preview:-1\" \/>\n<link rel=\"canonical\" href=\"https:\/\/assist.com.co\/en\/atencion-al-cliente-solicitudes\/\" \/>\n<meta property=\"og:locale\" content=\"en_US\" \/>\n<meta property=\"og:type\" content=\"article\" \/>\n<meta property=\"og:title\" content=\"Atenci\u00f3n al Cliente Atenci\u00f3n al Cliente | Assist Consultores | Resuelve tus Solicitudes\" \/>\n<meta property=\"og:description\" content=\"\u00bfTienes dudas o solicitudes? Nuestro equipo de atenci\u00f3n al cliente est\u00e1 listo para ayudarte de forma r\u00e1pida y efectiva.\" \/>\n<meta property=\"og:url\" content=\"https:\/\/assist.com.co\/en\/atencion-al-cliente-solicitudes\/\" \/>\n<meta property=\"og:site_name\" content=\"Assist Consultores\" \/>\n<meta property=\"article:modified_time\" content=\"2026-02-25T15:27:31+00:00\" \/>\n<meta property=\"og:image\" content=\"https:\/\/assist.com.co\/wp-content\/uploads\/2025\/06\/atendemos-todas-tus-inquietudes_Imagen-para-destacado-social.webp\" \/>\n\t<meta property=\"og:image:width\" content=\"2501\" \/>\n\t<meta property=\"og:image:height\" content=\"1310\" \/>\n\t<meta property=\"og:image:type\" content=\"image\/webp\" \/>\n<meta name=\"twitter:card\" content=\"summary_large_image\" \/>\n<meta name=\"twitter:title\" content=\"Atenci\u00f3n al Cliente\" \/>\n<meta name=\"twitter:label1\" content=\"Est. reading time\" \/>\n\t<meta name=\"twitter:data1\" content=\"2 minutes\" \/>\n<script type=\"application\/ld+json\" class=\"yoast-schema-graph\">{\"@context\":\"https:\\\/\\\/schema.org\",\"@graph\":[{\"@type\":\"WebPage\",\"@id\":\"https:\\\/\\\/assist.com.co\\\/atencion-al-cliente-solicitudes\\\/\",\"url\":\"https:\\\/\\\/assist.com.co\\\/atencion-al-cliente-solicitudes\\\/\",\"name\":\"Atenci\u00f3n al Cliente - Assist Consultores\",\"isPartOf\":{\"@id\":\"https:\\\/\\\/assist.com.co\\\/#website\"},\"primaryImageOfPage\":{\"@id\":\"https:\\\/\\\/assist.com.co\\\/atencion-al-cliente-solicitudes\\\/#primaryimage\"},\"image\":{\"@id\":\"https:\\\/\\\/assist.com.co\\\/atencion-al-cliente-solicitudes\\\/#primaryimage\"},\"thumbnailUrl\":\"https:\\\/\\\/assist.com.co\\\/wp-content\\\/uploads\\\/2025\\\/06\\\/atencion-al-cliente.png\",\"datePublished\":\"2019-02-15T15:58:18+00:00\",\"dateModified\":\"2026-02-25T15:27:31+00:00\",\"description\":\"Soporte y atenci\u00f3n al cliente de Assist. Resuelve dudas, gestiona solicitudes o recibe ayuda inmediata de nuestro equipo especializado.\",\"breadcrumb\":{\"@id\":\"https:\\\/\\\/assist.com.co\\\/atencion-al-cliente-solicitudes\\\/#breadcrumb\"},\"inLanguage\":\"en-US\",\"potentialAction\":[{\"@type\":\"ReadAction\",\"target\":[\"https:\\\/\\\/assist.com.co\\\/atencion-al-cliente-solicitudes\\\/\"]}]},{\"@type\":\"ImageObject\",\"inLanguage\":\"en-US\",\"@id\":\"https:\\\/\\\/assist.com.co\\\/atencion-al-cliente-solicitudes\\\/#primaryimage\",\"url\":\"https:\\\/\\\/assist.com.co\\\/wp-content\\\/uploads\\\/2025\\\/06\\\/atencion-al-cliente.png\",\"contentUrl\":\"https:\\\/\\\/assist.com.co\\\/wp-content\\\/uploads\\\/2025\\\/06\\\/atencion-al-cliente.png\",\"width\":1080,\"height\":1080,\"caption\":\"atenci\u00f3n-al-cliente\"},{\"@type\":\"BreadcrumbList\",\"@id\":\"https:\\\/\\\/assist.com.co\\\/atencion-al-cliente-solicitudes\\\/#breadcrumb\",\"itemListElement\":[{\"@type\":\"ListItem\",\"position\":1,\"name\":\"Home\",\"item\":\"https:\\\/\\\/assist.com.co\\\/\"},{\"@type\":\"ListItem\",\"position\":2,\"name\":\"Atenci\u00f3n al Cliente\"}]},{\"@type\":\"WebSite\",\"@id\":\"https:\\\/\\\/assist.com.co\\\/#website\",\"url\":\"https:\\\/\\\/assist.com.co\\\/\",\"name\":\"Assist Consultores\",\"description\":\"Transformando Capacidades Empresariales en Sistemas Innovadores\",\"potentialAction\":[{\"@type\":\"SearchAction\",\"target\":{\"@type\":\"EntryPoint\",\"urlTemplate\":\"https:\\\/\\\/assist.com.co\\\/?s={search_term_string}\"},\"query-input\":{\"@type\":\"PropertyValueSpecification\",\"valueRequired\":true,\"valueName\":\"search_term_string\"}}],\"inLanguage\":\"en-US\"}]}<\/script>\n<!-- \/ Yoast SEO Premium plugin. -->","yoast_head_json":{"title":"Atenci\u00f3n al Cliente - Assist Consultores","description":"Soporte y atenci\u00f3n al cliente de Assist. Resuelve dudas, gestiona solicitudes o recibe ayuda inmediata de nuestro equipo especializado.","robots":{"index":"index","follow":"follow","max-snippet":"max-snippet:-1","max-image-preview":"max-image-preview:large","max-video-preview":"max-video-preview:-1"},"canonical":"https:\/\/assist.com.co\/en\/atencion-al-cliente-solicitudes\/","og_locale":"en_US","og_type":"article","og_title":"Atenci\u00f3n al Cliente Atenci\u00f3n al Cliente | Assist Consultores | Resuelve tus Solicitudes","og_description":"\u00bfTienes dudas o solicitudes? Nuestro equipo de atenci\u00f3n al cliente est\u00e1 listo para ayudarte de forma r\u00e1pida y efectiva.","og_url":"https:\/\/assist.com.co\/en\/atencion-al-cliente-solicitudes\/","og_site_name":"Assist Consultores","article_modified_time":"2026-02-25T15:27:31+00:00","og_image":[{"width":2501,"height":1310,"url":"https:\/\/assist.com.co\/wp-content\/uploads\/2025\/06\/atendemos-todas-tus-inquietudes_Imagen-para-destacado-social.webp","type":"image\/webp"}],"twitter_card":"summary_large_image","twitter_title":"Atenci\u00f3n al Cliente","twitter_misc":{"Est. reading time":"2 minutes"},"schema":{"@context":"https:\/\/schema.org","@graph":[{"@type":"WebPage","@id":"https:\/\/assist.com.co\/atencion-al-cliente-solicitudes\/","url":"https:\/\/assist.com.co\/atencion-al-cliente-solicitudes\/","name":"Atenci\u00f3n al Cliente - Assist Consultores","isPartOf":{"@id":"https:\/\/assist.com.co\/#website"},"primaryImageOfPage":{"@id":"https:\/\/assist.com.co\/atencion-al-cliente-solicitudes\/#primaryimage"},"image":{"@id":"https:\/\/assist.com.co\/atencion-al-cliente-solicitudes\/#primaryimage"},"thumbnailUrl":"https:\/\/assist.com.co\/wp-content\/uploads\/2025\/06\/atencion-al-cliente.png","datePublished":"2019-02-15T15:58:18+00:00","dateModified":"2026-02-25T15:27:31+00:00","description":"Soporte y atenci\u00f3n al cliente de Assist. Resuelve dudas, gestiona solicitudes o recibe ayuda inmediata de nuestro equipo especializado.","breadcrumb":{"@id":"https:\/\/assist.com.co\/atencion-al-cliente-solicitudes\/#breadcrumb"},"inLanguage":"en-US","potentialAction":[{"@type":"ReadAction","target":["https:\/\/assist.com.co\/atencion-al-cliente-solicitudes\/"]}]},{"@type":"ImageObject","inLanguage":"en-US","@id":"https:\/\/assist.com.co\/atencion-al-cliente-solicitudes\/#primaryimage","url":"https:\/\/assist.com.co\/wp-content\/uploads\/2025\/06\/atencion-al-cliente.png","contentUrl":"https:\/\/assist.com.co\/wp-content\/uploads\/2025\/06\/atencion-al-cliente.png","width":1080,"height":1080,"caption":"atenci\u00f3n-al-cliente"},{"@type":"BreadcrumbList","@id":"https:\/\/assist.com.co\/atencion-al-cliente-solicitudes\/#breadcrumb","itemListElement":[{"@type":"ListItem","position":1,"name":"Home","item":"https:\/\/assist.com.co\/"},{"@type":"ListItem","position":2,"name":"Atenci\u00f3n al Cliente"}]},{"@type":"WebSite","@id":"https:\/\/assist.com.co\/#website","url":"https:\/\/assist.com.co\/","name":"Assist Consultores","description":"Transformando Capacidades Empresariales en Sistemas Innovadores","potentialAction":[{"@type":"SearchAction","target":{"@type":"EntryPoint","urlTemplate":"https:\/\/assist.com.co\/?s={search_term_string}"},"query-input":{"@type":"PropertyValueSpecification","valueRequired":true,"valueName":"search_term_string"}}],"inLanguage":"en-US"}]}},"_links":{"self":[{"href":"https:\/\/assist.com.co\/en\/wp-json\/wp\/v2\/pages\/2475","targetHints":{"allow":["GET"]}}],"collection":[{"href":"https:\/\/assist.com.co\/en\/wp-json\/wp\/v2\/pages"}],"about":[{"href":"https:\/\/assist.com.co\/en\/wp-json\/wp\/v2\/types\/page"}],"author":[{"embeddable":true,"href":"https:\/\/assist.com.co\/en\/wp-json\/wp\/v2\/users\/1"}],"replies":[{"embeddable":true,"href":"https:\/\/assist.com.co\/en\/wp-json\/wp\/v2\/comments?post=2475"}],"version-history":[{"count":9,"href":"https:\/\/assist.com.co\/en\/wp-json\/wp\/v2\/pages\/2475\/revisions"}],"predecessor-version":[{"id":24134,"href":"https:\/\/assist.com.co\/en\/wp-json\/wp\/v2\/pages\/2475\/revisions\/24134"}],"wp:featuredmedia":[{"embeddable":true,"href":"https:\/\/assist.com.co\/en\/wp-json\/wp\/v2\/media\/22495"}],"wp:attachment":[{"href":"https:\/\/assist.com.co\/en\/wp-json\/wp\/v2\/media?parent=2475"}],"curies":[{"name":"wp","href":"https:\/\/api.w.org\/{rel}","templated":true}]}}