{"id":2500,"date":"2019-02-15T17:34:28","date_gmt":"2019-02-15T17:34:28","guid":{"rendered":"https:\/\/assist.com.co\/?page_id=2500"},"modified":"2026-02-25T15:27:33","modified_gmt":"2026-02-25T15:27:33","slug":"ultimas-noticias","status":"publish","type":"page","link":"https:\/\/assist.com.co\/en\/ultimas-noticias\/","title":{"rendered":"LAST NEWS"},"content":{"rendered":"<div class=\"et_pb_section_0 et_pb_section et_section_regular et_block_section et-pb-has-background-video et_pb_preload et_pb_section_parallax preset--module--divi-section--default\"><span class=\"et-pb-parallax-wrapper\"><span class=\"et-pb-parallax-background et-pb-parallax-background--css et-pb-parallax-background-module--divi-section-0\" style=\"background-image:url(https:\/\/assist.com.co\/wp-content\/uploads\/2025\/05\/pieza-email-BIAN-fondo-scaled.png)\"><\/span><\/span><span class=\"et-pb-background-video\"><video autoplay loop playsinline muted><source type=\"video\/mp4\" src=\"https:\/\/assist.com.co\/wp-content\/uploads\/2022\/01\/video.mp4\" \/><\/video><\/span><div class=\"et_pb_row_0 et_pb_row et_block_row\"><div class=\"et_pb_column_0 et_pb_column et_pb_column_4_4 et-last-child et_block_column et_pb_css_mix_blend_mode_passthrough\"><div class=\"et_pb_text_0 et_pb_text et_pb_bg_layout_light et_pb_module et_block_module\"><div class=\"et_pb_text_inner\"><h2 class=\"heading-title\" style=\"text-align: center;\"><span style=\"color: #ffffff;\"><em>OUTSTANDING NEWS<\/em><\/span><\/h2>\n<\/div><\/div><\/div><\/div><\/div><div class=\"et_pb_section_1 et_pb_section et_section_regular et_block_section preset--module--divi-section--default\"><div class=\"et_pb_row_1 et_pb_row et_block_row\"><div class=\"et_pb_column_1 et_pb_column et_pb_column_4_4 et-last-child et_block_column et_pb_css_mix_blend_mode_passthrough\"><div class=\"et_pb_blog_0 et_pb_blog et_pb_bg_layout_light et_pb_posts et_pb_module\"><div class=\"et_pb_ajax_pagination_container\"><div class=\"et_pb_posts et_flex_module\"><article class=\"et_pb_post et_pb_post_id_19161 clearfix et_pb_blog_item_0_0 post-19161 post type-post status-publish format-standard has-post-thumbnail sticky hentry category-aliados-estrategicos category-servicios category-tendencias\"><a href=\"https:\/\/assist.com.co\/en\/2024\/06\/27\/7-razones-por-las-que-adoit-triunfa\/\" class=\"entry-featured-image-url\"><img loading=\"lazy\" decoding=\"async\" src=\"https:\/\/assist.com.co\/wp-content\/uploads\/2024\/06\/adoit-1.jpg\" width=\"1080\" height=\"672\" alt=\"adoit\" class=\"et_pb_post_main_image\" \/><span data-icon=\"\ue050\" class=\"et_overlay et_pb_inline_icon\"><\/span><\/a><h2 class=\"entry-title\"><a href=\"https:\/\/assist.com.co\/en\/2024\/06\/27\/7-razones-por-las-que-adoit-triunfa\/\">Motivos que explican el \u00e9xito de ADOIT<\/a><\/h2><p class=\"post-meta\">by <span class=\"author vcard\"><a href=\"https:\/\/assist.com.co\/en\/author\/administrador-assist\/\" title=\"Posts by admin\" rel=\"author\">admin<\/a><\/span> | <span class=\"published\">Jun 27, 2024<\/span> | <span class=\"entry-categories\"><a href=\"https:\/\/assist.com.co\/en\/category\/aliados-estrategicos\/\" rel=\"tag\">Aliados Estrat\u00e9gicos<\/a>, <a href=\"https:\/\/assist.com.co\/en\/category\/servicios\/\" rel=\"tag\">Servicios<\/a>, <a href=\"https:\/\/assist.com.co\/en\/category\/tendencias\/\" rel=\"tag\">Trends<\/a><\/span><\/p><div class=\"post-content\"><div class=\"post-content-inner\"><p>Motivos que explican el \u00e9xito de ADOIT frente a otras plataformas de arquitectura empresarial Introducci\u00f3n y respaldo por expertos En el complejo laberinto de herramientas de arquitectura empresarial (EA), la elecci\u00f3n de la plataforma adecuada puede parecer una tarea&#8230;<\/p>\n<\/div><\/div><\/article><article class=\"et_pb_post et_pb_post_id_24600 clearfix et_pb_blog_item_0_1 post-24600 post type-post status-publish format-standard has-post-thumbnail hentry category-tendencias\"><a href=\"https:\/\/assist.com.co\/en\/2026\/04\/20\/arquitectura-software-ejecucion\/\" class=\"entry-featured-image-url\"><img loading=\"lazy\" decoding=\"async\" src=\"https:\/\/assist.com.co\/wp-content\/uploads\/2026\/04\/arquitectura-empresarial-1.jpg\" width=\"1080\" height=\"525\" alt=\"arquitectura-empresarial\" class=\"et_pb_post_main_image\" \/><span data-icon=\"\ue050\" class=\"et_overlay et_pb_inline_icon\"><\/span><\/a><h2 class=\"entry-title\"><a href=\"https:\/\/assist.com.co\/en\/2026\/04\/20\/arquitectura-software-ejecucion\/\">Arquitectura de Software Empresarial: M\u00e1s All\u00e1 del Dise\u00f1o<\/a><\/h2><p class=\"post-meta\">by <span class=\"author vcard\"><a href=\"https:\/\/assist.com.co\/en\/author\/adctadmin\/\" title=\"Posts by Assist\" rel=\"author\">Assist<\/a><\/span> | <span class=\"published\">Apr 20, 2026<\/span> | <span class=\"entry-categories\"><a href=\"https:\/\/assist.com.co\/en\/category\/tendencias\/\" rel=\"tag\">Trends<\/a><\/span><\/p><div class=\"post-content\"><div class=\"post-content-inner\"><p>Arquitectura de Software Empresarial: Lo que el C\u00f3digo Ense\u00f1a y el Dise\u00f1o Ignora | Assist Consultores Arquitectura de Software Empresarial Arquitectura de Software Empresarial: Lo que el c\u00f3digo ense\u00f1a y el dise\u00f1o ignora La distancia entre un diagrama perfectamente&#8230;<\/p>\n<\/div><\/div><\/article><article class=\"et_pb_post et_pb_post_id_24555 clearfix et_pb_blog_item_0_2 post-24555 post type-post status-publish format-standard has-post-thumbnail hentry category-tendencias\"><a href=\"https:\/\/assist.com.co\/en\/2026\/04\/14\/ia-gestion-cambios-cab-servicedesk-plus\/\" class=\"entry-featured-image-url\"><img loading=\"lazy\" decoding=\"async\" src=\"https:\/\/assist.com.co\/wp-content\/uploads\/2026\/04\/Manageengine.jpg\" width=\"1080\" height=\"672\" alt=\"Manageengine\" class=\"et_pb_post_main_image\" \/><span data-icon=\"\ue050\" class=\"et_overlay et_pb_inline_icon\"><\/span><\/a><h2 class=\"entry-title\"><a href=\"https:\/\/assist.com.co\/en\/2026\/04\/14\/ia-gestion-cambios-cab-servicedesk-plus\/\">IA en gesti\u00f3n de cambios IT<\/a><\/h2><p class=\"post-meta\">by <span class=\"author vcard\"><a href=\"https:\/\/assist.com.co\/en\/author\/adctadmin\/\" title=\"Posts by Assist\" rel=\"author\">Assist<\/a><\/span> | <span class=\"published\">Apr 14, 2026<\/span> | <span class=\"entry-categories\"><a href=\"https:\/\/assist.com.co\/en\/category\/tendencias\/\" rel=\"tag\">Trends<\/a><\/span><\/p><div class=\"post-content\"><div class=\"post-content-inner\"><p>C\u00f3mo la IA redefine el papel de los comit\u00e9s asesores de cambios (CAB) | Assist Consultores Assist Consultores ITSM \u00b7 IA En alianza con ManageEngine \u00b7 ServiceDesk Plus An\u00e1lisis tecnol\u00f3gico \/ Gesti\u00f3n de cambios \u00b7 Inteligencia Artificial C\u00f3mo la IA redefine el papel de&#8230;<\/p>\n<\/div><\/div><\/article><article class=\"et_pb_post et_pb_post_id_24515 clearfix et_pb_blog_item_0_3 post-24515 post type-post status-publish format-standard has-post-thumbnail hentry category-aliados-estrategicos category-tendencias\"><a href=\"https:\/\/assist.com.co\/en\/2026\/04\/08\/ibm-confluent-ia-tiempo-real-arquitectura-eventos\/\" class=\"entry-featured-image-url\"><img loading=\"lazy\" decoding=\"async\" src=\"https:\/\/assist.com.co\/wp-content\/uploads\/2026\/04\/el-fin-de-los-datos-obsoletos.jpg\" width=\"1080\" height=\"672\" alt=\"el-fin-de-los-datos-obsoletos\" class=\"et_pb_post_main_image\" \/><span data-icon=\"\ue050\" class=\"et_overlay et_pb_inline_icon\"><\/span><\/a><h2 class=\"entry-title\"><a href=\"https:\/\/assist.com.co\/en\/2026\/04\/08\/ibm-confluent-ia-tiempo-real-arquitectura-eventos\/\">IBM y Confluent<\/a><\/h2><p class=\"post-meta\">by <span class=\"author vcard\"><a href=\"https:\/\/assist.com.co\/en\/author\/adctadmin\/\" title=\"Posts by Assist\" rel=\"author\">Assist<\/a><\/span> | <span class=\"published\">Apr 8, 2026<\/span> | <span class=\"entry-categories\"><a href=\"https:\/\/assist.com.co\/en\/category\/aliados-estrategicos\/\" rel=\"tag\">Aliados Estrat\u00e9gicos<\/a>, <a href=\"https:\/\/assist.com.co\/en\/category\/tendencias\/\" rel=\"tag\">Trends<\/a><\/span><\/p><div class=\"post-content\"><div class=\"post-content-inner\"><p>An\u00e1lisis Tecnol\u00f3gico \u00b7 Inteligencia Artificial IBM adquiere Confluent por $11.000 millones: qu\u00e9 significa para la IA empresarial en tiempo real Noticias IBM \u00b7 Confluent \u00b7 watsonx Abril 2026 IBM ha formalizado la adquisici\u00f3n de Confluent, Inc. por un valor de 11.000&#8230;<\/p>\n<\/div><\/div><\/article><article class=\"et_pb_post et_pb_post_id_24461 clearfix et_pb_blog_item_0_4 post-24461 post type-post status-publish format-standard has-post-thumbnail hentry category-tendencias\"><a href=\"https:\/\/assist.com.co\/en\/2026\/03\/27\/latam-healthtech-forum-2026-salud-digital-colombia\/\" class=\"entry-featured-image-url\"><img loading=\"lazy\" decoding=\"async\" src=\"https:\/\/assist.com.co\/wp-content\/uploads\/2026\/03\/healthtech.jpg\" width=\"1080\" height=\"672\" alt=\"healthtech\" class=\"et_pb_post_main_image\" \/><span data-icon=\"\ue050\" class=\"et_overlay et_pb_inline_icon\"><\/span><\/a><h2 class=\"entry-title\"><a href=\"https:\/\/assist.com.co\/en\/2026\/03\/27\/latam-healthtech-forum-2026-salud-digital-colombia\/\">Latam HealthTech Forum 2026 y el futuro de la salud digital<\/a><\/h2><p class=\"post-meta\">by <span class=\"author vcard\"><a href=\"https:\/\/assist.com.co\/en\/author\/adctadmin\/\" title=\"Posts by Assist\" rel=\"author\">Assist<\/a><\/span> | <span class=\"published\">Mar 27, 2026<\/span> | <span class=\"entry-categories\"><a href=\"https:\/\/assist.com.co\/en\/category\/tendencias\/\" rel=\"tag\">Trends<\/a><\/span><\/p><div class=\"post-content\"><div class=\"post-content-inner\"><p>La transformaci\u00f3n digital en el sector salud ha dejado de ser una promesa de futuro para convertirse en una exigencia operativa y legal. Durante el 19 y 20 de marzo de 2026, el Centro de Convenciones Compensar en Bogot\u00e1 se consolid\u00f3 como el epicentro de esta evoluci\u00f3n&#8230;<\/p>\n<\/div><\/div><\/article><article class=\"et_pb_post et_pb_post_id_24432 clearfix et_pb_blog_item_0_5 post-24432 post type-post status-publish format-standard has-post-thumbnail hentry category-aliados-estrategicos category-tendencias\"><a href=\"https:\/\/assist.com.co\/en\/2026\/03\/16\/ia-agentica-ibm-flashsystem\/\" class=\"entry-featured-image-url\"><img loading=\"lazy\" decoding=\"async\" src=\"https:\/\/assist.com.co\/wp-content\/uploads\/2026\/03\/ia-agentica.jpg\" width=\"1080\" height=\"672\" alt=\"ia-agentica\" class=\"et_pb_post_main_image\" \/><span data-icon=\"\ue050\" class=\"et_overlay et_pb_inline_icon\"><\/span><\/a><h2 class=\"entry-title\"><a href=\"https:\/\/assist.com.co\/en\/2026\/03\/16\/ia-agentica-ibm-flashsystem\/\">IBM y la IA Ag\u00e9ntica<\/a><\/h2><p class=\"post-meta\">by <span class=\"author vcard\"><a href=\"https:\/\/assist.com.co\/en\/author\/adctadmin\/\" title=\"Posts by Assist\" rel=\"author\">Assist<\/a><\/span> | <span class=\"published\">Mar 16, 2026<\/span> | <span class=\"entry-categories\"><a href=\"https:\/\/assist.com.co\/en\/category\/aliados-estrategicos\/\" rel=\"tag\">Aliados Estrat\u00e9gicos<\/a>, <a href=\"https:\/\/assist.com.co\/en\/category\/tendencias\/\" rel=\"tag\">Trends<\/a><\/span><\/p><div class=\"post-content\"><div class=\"post-content-inner\"><p>En la \u00faltima semana de febrero de 2026, el paradigma tecnol\u00f3gico ha dado un giro definitivo. Hemos pasado de la era del &#8220;Copilot&#8221; \u2014ese asistente que nos sugiere, a la era de la IA Ag\u00e9ntica: sistemas aut\u00f3nomos que no solo analizan, sino que act\u00faan, deciden y reparan&#8230;.<\/p>\n<\/div><\/div><\/article><article class=\"et_pb_post et_pb_post_id_24415 clearfix et_pb_blog_item_0_6 post-24415 post type-post status-publish format-standard has-post-thumbnail hentry category-tendencias\"><a href=\"https:\/\/assist.com.co\/en\/2026\/03\/11\/manageengine-servicedesk-plus-genai-hub\/\" class=\"entry-featured-image-url\"><img loading=\"lazy\" decoding=\"async\" src=\"https:\/\/assist.com.co\/wp-content\/uploads\/2026\/03\/destacada-11.jpg\" width=\"1080\" height=\"672\" alt=\"ServiceDesk Plus GenAI Hub\" class=\"et_pb_post_main_image\" \/><span data-icon=\"\ue050\" class=\"et_overlay et_pb_inline_icon\"><\/span><\/a><h2 class=\"entry-title\"><a href=\"https:\/\/assist.com.co\/en\/2026\/03\/11\/manageengine-servicedesk-plus-genai-hub\/\">ServiceDesk Plus GenAI Hub<\/a><\/h2><p class=\"post-meta\">by <span class=\"author vcard\"><a href=\"https:\/\/assist.com.co\/en\/author\/adctadmin\/\" title=\"Posts by Assist\" rel=\"author\">Assist<\/a><\/span> | <span class=\"published\">Mar 11, 2026<\/span> | <span class=\"entry-categories\"><a href=\"https:\/\/assist.com.co\/en\/category\/tendencias\/\" rel=\"tag\">Trends<\/a><\/span><\/p><div class=\"post-content\"><div class=\"post-content-inner\"><p>La gesti\u00f3n de servicios ha dejado de ser una cuesti\u00f3n de voluntad para convertirse en una de arquitectura. Mientras lees esto, miles de departamentos de IT siguen atrapados en la m\u00e9trica del SLA (Service Level Agreement), celebrando tiempos de respuesta r\u00e1pidos&#8230;<\/p>\n<\/div><\/div><\/article><article class=\"et_pb_post et_pb_post_id_23969 clearfix et_pb_blog_item_0_7 post-23969 post type-post status-publish format-standard has-post-thumbnail hentry category-tendencias\"><a href=\"https:\/\/assist.com.co\/en\/2026\/02\/24\/perdiendo-ventas-por-un-ticket-mal-redactado\/\" class=\"entry-featured-image-url\"><img loading=\"lazy\" decoding=\"async\" src=\"https:\/\/assist.com.co\/wp-content\/uploads\/2026\/02\/perdida-de-ventas.jpg\" width=\"1080\" height=\"672\" alt=\"\u00bfPerdiendo ventas por un ticket mal redactado?\" class=\"et_pb_post_main_image\" \/><span data-icon=\"\ue050\" class=\"et_overlay et_pb_inline_icon\"><\/span><\/a><h2 class=\"entry-title\"><a href=\"https:\/\/assist.com.co\/en\/2026\/02\/24\/perdiendo-ventas-por-un-ticket-mal-redactado\/\">\u00bfPerdiendo ventas por un ticket mal redactado?<\/a><\/h2><p class=\"post-meta\">by <span class=\"author vcard\"><a href=\"https:\/\/assist.com.co\/en\/author\/adctadmin\/\" title=\"Posts by Assist\" rel=\"author\">Assist<\/a><\/span> | <span class=\"published\">Feb 24, 2026<\/span> | <span class=\"entry-categories\"><a href=\"https:\/\/assist.com.co\/en\/category\/tendencias\/\" rel=\"tag\">Trends<\/a><\/span><\/p><div class=\"post-content\"><div class=\"post-content-inner\"><p>El fin del soporte reactivo en el 2026 La disponibilidad tecnol\u00f3gica es la moneda de cambio. Si tu infraestructura f\u00edsica falla, tu facturaci\u00f3n se detiene. En 2026, el verdadero enemigo no es el fallo t\u00e9cnico, sino el &#8220;silencio operativo&#8221;: esos 20 minutos que pierde&#8230;<\/p>\n<\/div><\/div><\/article><article class=\"et_pb_post et_pb_post_id_23910 clearfix et_pb_blog_item_0_8 post-23910 post type-post status-publish format-standard has-post-thumbnail hentry category-tendencias\"><a href=\"https:\/\/assist.com.co\/en\/2026\/02\/17\/resiliencia-predictiva-banca-ia-privada\/\" class=\"entry-featured-image-url\"><img loading=\"lazy\" decoding=\"async\" src=\"https:\/\/assist.com.co\/wp-content\/uploads\/2026\/02\/algoritmo.jpg\" width=\"1080\" height=\"672\" alt=\"algoritmo\" class=\"et_pb_post_main_image\" \/><span data-icon=\"\ue050\" class=\"et_overlay et_pb_inline_icon\"><\/span><\/a><h2 class=\"entry-title\"><a href=\"https:\/\/assist.com.co\/en\/2026\/02\/17\/resiliencia-predictiva-banca-ia-privada\/\">Resiliencia Predictiva en la Banca con IA Privada<\/a><\/h2><p class=\"post-meta\">by <span class=\"author vcard\"><a href=\"https:\/\/assist.com.co\/en\/author\/adctadmin\/\" title=\"Posts by Assist\" rel=\"author\">Assist<\/a><\/span> | <span class=\"published\">Feb 17, 2026<\/span> | <span class=\"entry-categories\"><a href=\"https:\/\/assist.com.co\/en\/category\/tendencias\/\" rel=\"tag\">Trends<\/a><\/span><\/p><div class=\"post-content\"><div class=\"post-content-inner\"><p>En el sector financiero de 2026, la estabilidad no es una meta t\u00e9cnica, es un activo reputacional. Para un banco, un minuto de desconexi\u00f3n en su plataforma m\u00f3vil no se traduce solo en transacciones fallidas; se mide en la erosi\u00f3n de la confianza del cliente. Hoy, el&#8230;<\/p>\n<\/div><\/div><\/article><article class=\"et_pb_post et_pb_post_id_23882 clearfix et_pb_blog_item_0_9 post-23882 post type-post status-publish format-standard has-post-thumbnail hentry category-tendencias\"><a href=\"https:\/\/assist.com.co\/en\/2026\/02\/05\/sistemas-multiagente-rpa-2026\/\" class=\"entry-featured-image-url\"><img loading=\"lazy\" decoding=\"async\" src=\"https:\/\/assist.com.co\/wp-content\/uploads\/2026\/02\/La-automatizacion-ha-muerto.-Bienvenido-a-la-Orquestacion.jpg\" width=\"1080\" height=\"672\" alt=\"La-automatizaci\u00f3n-ha-muerto.-Bienvenido-a-la-Orquestaci\u00f3n\" class=\"et_pb_post_main_image\" \/><span data-icon=\"\ue050\" class=\"et_overlay et_pb_inline_icon\"><\/span><\/a><h2 class=\"entry-title\"><a href=\"https:\/\/assist.com.co\/en\/2026\/02\/05\/sistemas-multiagente-rpa-2026\/\">Adi\u00f3s al RPA tradicional<\/a><\/h2><p class=\"post-meta\">by <span class=\"author vcard\"><a href=\"https:\/\/assist.com.co\/en\/author\/adctadmin\/\" title=\"Posts by Assist\" rel=\"author\">Assist<\/a><\/span> | <span class=\"published\">Feb 5, 2026<\/span> | <span class=\"entry-categories\"><a href=\"https:\/\/assist.com.co\/en\/category\/tendencias\/\" rel=\"tag\">Trends<\/a><\/span><\/p><div class=\"post-content\"><div class=\"post-content-inner\"><p>En Colombia y Centroam\u00e9rica el a\u00f1o 2026 entra marcando el fin de una era. Hemos visto c\u00f3mo la automatizaci\u00f3n de tareas \u2014ese anhelo de delegar lo repetitivo a una secuencia de comandos\u2014 se ha vuelto insuficiente. Hoy el mercado no sufre por falta de herramientas, sino&#8230;<\/p>\n<\/div><\/div><\/article><article class=\"et_pb_post et_pb_post_id_23863 clearfix et_pb_blog_item_0_10 post-23863 post type-post status-publish format-standard has-post-thumbnail hentry category-tendencias\"><a href=\"https:\/\/assist.com.co\/en\/2026\/02\/04\/el-ocaso-del-curriculum-reclutamiento-ti-en-2026\/\" class=\"entry-featured-image-url\"><img loading=\"lazy\" decoding=\"async\" src=\"https:\/\/assist.com.co\/wp-content\/uploads\/2026\/02\/curriculum.jpg\" width=\"1080\" height=\"672\" alt=\"curriculum\" class=\"et_pb_post_main_image\" \/><span data-icon=\"\ue050\" class=\"et_overlay et_pb_inline_icon\"><\/span><\/a><h2 class=\"entry-title\"><a href=\"https:\/\/assist.com.co\/en\/2026\/02\/04\/el-ocaso-del-curriculum-reclutamiento-ti-en-2026\/\">El ocaso del curr\u00edculum: Reclutamiento TI en 2026<\/a><\/h2><p class=\"post-meta\">by <span class=\"author vcard\"><a href=\"https:\/\/assist.com.co\/en\/author\/adctadmin\/\" title=\"Posts by Assist\" rel=\"author\">Assist<\/a><\/span> | <span class=\"published\">Feb 4, 2026<\/span> | <span class=\"entry-categories\"><a href=\"https:\/\/assist.com.co\/en\/category\/tendencias\/\" rel=\"tag\">Trends<\/a><\/span><\/p><div class=\"post-content\"><div class=\"post-content-inner\"><p>En el umbral de 2026, la industria tecnol\u00f3gica en Colombia y Centroam\u00e9rica enfrenta una evoluci\u00f3n t\u00e9cnica, una metamorfosis en su tejido humano impulsada por la integraci\u00f3n masiva de sistemas multiagente e Inteligencia Artificial. Los procesos de selecci\u00f3n que hace&#8230;<\/p>\n<\/div><\/div><\/article><\/div><div class=\"pagination clearfix\">\n\t<div class=\"alignleft\"><a href=\"https:\/\/assist.com.co\/en\/wp-json\/wp\/v2\/pages\/2500\/page\/2\/?et_blog\" >&laquo; Older Entries<\/a><\/div>\n\t<div class=\"alignright\"><\/div>\n<\/div><\/div><\/div><\/div><\/div><\/div>","protected":false},"excerpt":{"rendered":"","protected":false},"author":1,"featured_media":0,"parent":0,"menu_order":0,"comment_status":"closed","ping_status":"closed","template":"","meta":{"inline_featured_image":false,"footnotes":""},"class_list":["post-2500","page","type-page","status-publish","hentry"],"yoast_head":"<!-- This site is optimized with the Yoast SEO Premium plugin v25.2 (Yoast SEO v27.5) - https:\/\/yoast.com\/product\/yoast-seo-premium-wordpress\/ -->\n<title>\u00daLTIMAS NOTICIAS - Assist Consultores<\/title>\n<meta name=\"robots\" content=\"index, follow, max-snippet:-1, max-image-preview:large, max-video-preview:-1\" \/>\n<link rel=\"canonical\" href=\"https:\/\/assist.com.co\/en\/ultimas-noticias\/\" \/>\n<meta property=\"og:locale\" content=\"en_US\" \/>\n<meta property=\"og:type\" content=\"article\" \/>\n<meta property=\"og:title\" content=\"\u00daLTIMAS NOTICIAS\" \/>\n<meta property=\"og:url\" content=\"https:\/\/assist.com.co\/en\/ultimas-noticias\/\" \/>\n<meta property=\"og:site_name\" content=\"Assist Consultores\" \/>\n<meta property=\"article:modified_time\" content=\"2026-02-25T15:27:33+00:00\" \/>\n<meta name=\"twitter:card\" content=\"summary_large_image\" \/>\n<script type=\"application\/ld+json\" class=\"yoast-schema-graph\">{\"@context\":\"https:\\\/\\\/schema.org\",\"@graph\":[{\"@type\":\"WebPage\",\"@id\":\"https:\\\/\\\/assist.com.co\\\/ultimas-noticias\\\/\",\"url\":\"https:\\\/\\\/assist.com.co\\\/ultimas-noticias\\\/\",\"name\":\"\u00daLTIMAS NOTICIAS - Assist Consultores\",\"isPartOf\":{\"@id\":\"https:\\\/\\\/assist.com.co\\\/#website\"},\"datePublished\":\"2019-02-15T17:34:28+00:00\",\"dateModified\":\"2026-02-25T15:27:33+00:00\",\"breadcrumb\":{\"@id\":\"https:\\\/\\\/assist.com.co\\\/ultimas-noticias\\\/#breadcrumb\"},\"inLanguage\":\"en-US\",\"potentialAction\":[{\"@type\":\"ReadAction\",\"target\":[\"https:\\\/\\\/assist.com.co\\\/ultimas-noticias\\\/\"]}]},{\"@type\":\"BreadcrumbList\",\"@id\":\"https:\\\/\\\/assist.com.co\\\/ultimas-noticias\\\/#breadcrumb\",\"itemListElement\":[{\"@type\":\"ListItem\",\"position\":1,\"name\":\"Home\",\"item\":\"https:\\\/\\\/assist.com.co\\\/\"},{\"@type\":\"ListItem\",\"position\":2,\"name\":\"\u00daLTIMAS NOTICIAS\"}]},{\"@type\":\"WebSite\",\"@id\":\"https:\\\/\\\/assist.com.co\\\/#website\",\"url\":\"https:\\\/\\\/assist.com.co\\\/\",\"name\":\"Assist Consultores\",\"description\":\"Transformando Capacidades Empresariales en Sistemas Innovadores\",\"potentialAction\":[{\"@type\":\"SearchAction\",\"target\":{\"@type\":\"EntryPoint\",\"urlTemplate\":\"https:\\\/\\\/assist.com.co\\\/?s={search_term_string}\"},\"query-input\":{\"@type\":\"PropertyValueSpecification\",\"valueRequired\":true,\"valueName\":\"search_term_string\"}}],\"inLanguage\":\"en-US\"}]}<\/script>\n<!-- \/ Yoast SEO Premium plugin. -->","yoast_head_json":{"title":"\u00daLTIMAS NOTICIAS - Assist Consultores","robots":{"index":"index","follow":"follow","max-snippet":"max-snippet:-1","max-image-preview":"max-image-preview:large","max-video-preview":"max-video-preview:-1"},"canonical":"https:\/\/assist.com.co\/en\/ultimas-noticias\/","og_locale":"en_US","og_type":"article","og_title":"\u00daLTIMAS NOTICIAS","og_url":"https:\/\/assist.com.co\/en\/ultimas-noticias\/","og_site_name":"Assist Consultores","article_modified_time":"2026-02-25T15:27:33+00:00","twitter_card":"summary_large_image","schema":{"@context":"https:\/\/schema.org","@graph":[{"@type":"WebPage","@id":"https:\/\/assist.com.co\/ultimas-noticias\/","url":"https:\/\/assist.com.co\/ultimas-noticias\/","name":"\u00daLTIMAS NOTICIAS - Assist Consultores","isPartOf":{"@id":"https:\/\/assist.com.co\/#website"},"datePublished":"2019-02-15T17:34:28+00:00","dateModified":"2026-02-25T15:27:33+00:00","breadcrumb":{"@id":"https:\/\/assist.com.co\/ultimas-noticias\/#breadcrumb"},"inLanguage":"en-US","potentialAction":[{"@type":"ReadAction","target":["https:\/\/assist.com.co\/ultimas-noticias\/"]}]},{"@type":"BreadcrumbList","@id":"https:\/\/assist.com.co\/ultimas-noticias\/#breadcrumb","itemListElement":[{"@type":"ListItem","position":1,"name":"Home","item":"https:\/\/assist.com.co\/"},{"@type":"ListItem","position":2,"name":"\u00daLTIMAS NOTICIAS"}]},{"@type":"WebSite","@id":"https:\/\/assist.com.co\/#website","url":"https:\/\/assist.com.co\/","name":"Assist Consultores","description":"Transformando Capacidades Empresariales en Sistemas Innovadores","potentialAction":[{"@type":"SearchAction","target":{"@type":"EntryPoint","urlTemplate":"https:\/\/assist.com.co\/?s={search_term_string}"},"query-input":{"@type":"PropertyValueSpecification","valueRequired":true,"valueName":"search_term_string"}}],"inLanguage":"en-US"}]}},"_links":{"self":[{"href":"https:\/\/assist.com.co\/en\/wp-json\/wp\/v2\/pages\/2500","targetHints":{"allow":["GET"]}}],"collection":[{"href":"https:\/\/assist.com.co\/en\/wp-json\/wp\/v2\/pages"}],"about":[{"href":"https:\/\/assist.com.co\/en\/wp-json\/wp\/v2\/types\/page"}],"author":[{"embeddable":true,"href":"https:\/\/assist.com.co\/en\/wp-json\/wp\/v2\/users\/1"}],"replies":[{"embeddable":true,"href":"https:\/\/assist.com.co\/en\/wp-json\/wp\/v2\/comments?post=2500"}],"version-history":[{"count":5,"href":"https:\/\/assist.com.co\/en\/wp-json\/wp\/v2\/pages\/2500\/revisions"}],"predecessor-version":[{"id":24135,"href":"https:\/\/assist.com.co\/en\/wp-json\/wp\/v2\/pages\/2500\/revisions\/24135"}],"wp:attachment":[{"href":"https:\/\/assist.com.co\/en\/wp-json\/wp\/v2\/media?parent=2500"}],"curies":[{"name":"wp","href":"https:\/\/api.w.org\/{rel}","templated":true}]}}