{"id":2928,"date":"2019-04-16T17:18:41","date_gmt":"2019-04-16T17:18:41","guid":{"rendered":"https:\/\/assist.com.co\/?page_id=2928"},"modified":"2026-02-25T15:27:50","modified_gmt":"2026-02-25T15:27:50","slug":"trabaja-con-nosotros","status":"publish","type":"page","link":"https:\/\/assist.com.co\/en\/trabaja-con-nosotros\/","title":{"rendered":"Trabaja con Nosotros"},"content":{"rendered":"<div class=\"et_pb_section_0 et_pb_section et_section_regular et_block_section et_animated et-pb-has-background-video et_pb_preload preset--module--divi-section--default\"><span class=\"et-pb-background-video\"><video autoplay loop playsinline muted><source type=\"video\/mp4\" src=\"https:\/\/assist.com.co\/wp-content\/uploads\/2022\/01\/work-office.mp4\" \/><\/video><\/span><div class=\"et_pb_row_0 et_pb_row et_block_row\"><div class=\"et_pb_column_0 et_pb_column et_pb_column_3_5 et_block_column et_pb_css_mix_blend_mode_passthrough\"><div class=\"et_pb_text_0 et_pb_text et_pb_bg_layout_light et_animated et_pb_module et_block_module\"><div class=\"et_pb_text_inner\"><h2 style=\"text-align: center;\"><span style=\"color: #ffffff;\"><strong><\/strong><\/span><\/h2>\n<h2 style=\"text-align: center;\"><span style=\"color: #ffffff;\"><strong><\/strong><\/span><\/h2>\n<h2 style=\"text-align: center;\"><span style=\"color: #ffffff;\"><strong><\/strong><\/span><\/h2>\n<h2 style=\"text-align: center;\"><span style=\"color: #ffffff;\"><strong><\/strong><\/span><\/h2>\n<h2 style=\"text-align: center;\"><span style=\"color: #ffffff;\"><strong>\u00a0WORK WITH\u00a0<\/strong><\/span><\/h2>\n<h2 style=\"text-align: center;\"><strong><span style=\"color: #ff0000;\">US<\/span><\/strong><\/h2>\n<\/div><\/div><div class=\"et_pb_text_1 et_pb_text et_pb_bg_layout_light et_pb_module et_block_module\"><div class=\"et_pb_text_inner\"><h1 class=\"et_pb_module_header\" style=\"text-align: center;\"><span style=\"color: #ffffff;\"><\/span><\/h1>\n<h1 class=\"et_pb_module_header\" style=\"text-align: center;\"><span style=\"color: #ffffff;\"><\/span><\/h1>\n<h1 class=\"et_pb_module_header\" style=\"text-align: center;\"><span style=\"color: #ffffff;\"><\/span><\/h1>\n<h1 class=\"et_pb_module_header\" style=\"text-align: center;\"><span style=\"color: #ffffff;\">100% Remote <\/span><\/h1>\n<h1 class=\"et_pb_module_header\" style=\"text-align: center;\"><span style=\"color: #ffffff;\">&amp; On Site Openings.<\/span><\/h1>\n<div>\n<h2 style=\"text-align: center;\"><\/h2>\n<\/div>\n<\/div><\/div><div class=\"et_pb_icon_0 et_pb_icon et_pb_module et_block_module\"><span class=\"et_pb_icon_wrap\"><span class=\"et-pb-icon\">?<\/span><\/span><\/div><div class=\"et_pb_code_0 et_pb_code et_pb_module\"><\/div><\/div><div class=\"et_pb_column_1 et_pb_column et_pb_column_2_5 et-last-child et_block_column et_pb_css_mix_blend_mode_passthrough\"><div class=\"et_pb_cta_0 et_pb_promo et_pb_bg_layout_dark et_pb_module et_block_module\"><div class=\"et_pb_promo_description\"><div class=\"et_pb_promo_content\"><h2>We bring you the chance to kick off, scale up, and grow your career alongside the best squad in the game.<\/h2>\n<h3 style=\"text-align: justify;\"><span style=\"color: #ffffff;\"><strong>Contract type:<\/strong>\u00a0Permanent from Colombia or Freelance.<\/span><\/h3>\n<h3 style=\"text-align: justify;\"><span style=\"color: #ffffff;\"><strong>Extra Perks and benefits.<\/strong><\/span><\/h3>\n<\/div><\/div><\/div><\/div><\/div><div class=\"et_pb_row_1 et_pb_row et-vb-row--no-module et_block_row\"><div class=\"et_pb_column_2 et_pb_column et_pb_column_4_4 et-last-child et_block_column et_pb_column_empty et_pb_css_mix_blend_mode_passthrough\"><\/div><\/div><\/div><div class=\"et_pb_section_1 et_pb_section et_section_regular et_block_section et_animated preset--module--divi-section--default\"><div class=\"et_pb_row_2 et_pb_row et_block_row\"><div class=\"et_pb_column_3 et_pb_column et_pb_column_4_4 et-last-child et_block_column et_pb_css_mix_blend_mode_passthrough\"><div class=\"et_pb_text_2 et_pb_text et_pb_bg_layout_light et_pb_module et_block_module\"><div class=\"et_pb_text_inner\"><h1 style=\"text-align: center;\"><span style=\"color: #ff0000;\"><strong><em>EXPERIENCES:<\/em><\/strong><\/span><\/h1>\n<\/div><\/div><\/div><\/div><div class=\"et_pb_row_3 et_pb_row et_block_row\"><div class=\"et_pb_column_4 et_pb_column et_pb_column_2_5 et_block_column et_pb_css_mix_blend_mode_passthrough\"><div class=\"et_pb_video_0 et_pb_video et_pb_module et_block_module\"><div class=\"et_pb_video_box\"><iframe loading=\"lazy\" title=\"Experiencias Assist\" width=\"1080\" height=\"608\" src=\"https:\/\/www.youtube.com\/embed\/ItWANhF7-14?feature=oembed\"  allow=\"accelerometer; autoplay; clipboard-write; encrypted-media; gyroscope; picture-in-picture; web-share\" referrerpolicy=\"strict-origin-when-cross-origin\" allowfullscreen><\/iframe><\/div><\/div><\/div><div class=\"et_pb_column_5 et_pb_column et_pb_column_3_5 et-last-child et_block_column et_pb_css_mix_blend_mode_passthrough\"><div class=\"et_pb_testimonial_0 et_pb_testimonial et_pb_testimonial_no_image et_pb_bg_layout_light et_pb_module et_block_module\"><div class=\"et_pb_testimonial_inner\"><div class=\"et_pb_testimonial_description\"><div class=\"et_pb_testimonial_description_inner\"><div class=\"et_pb_testimonial_content\"><h1><span style=\"color: #ff0000;\"><strong><em>The professional growth of everyone who has been part of our company has been nothing short of a win story.<\/em><\/strong><\/span><\/h1>\n<\/div><\/div><div class=\"et_pb_testimonial_meta\"><\/div><\/div><\/div><\/div><div class=\"et_pb_divider_0 et_pb_divider et_pb_space et_pb_divider_position_top et_pb_module\"><div class=\"et_pb_divider_internal\"><\/div><\/div><div class=\"et_pb_testimonial_1 et_pb_testimonial et_pb_testimonial_no_image et_pb_bg_layout_light et_pb_module et_block_module\"><div class=\"et_pb_testimonial_inner\"><div class=\"et_pb_testimonial_description\"><div class=\"et_pb_testimonial_description_inner\"><div class=\"et_pb_testimonial_content\"><h1><strong>We offer professional growth opportunities in a dynamic, collaborative, and future forward environment. <\/strong><\/h1>\n<p style=\"text-align: justify;\"><span style=\"color: #000000;\">Enjoy next level benefits like subscriptions to entertainment and wellness platforms, plus flexible remote work setups and the option to choose between permanent or freelance contracts. We\u2019re a company that truly values and boosts diversity, inclusion, and team synergy.<\/span><\/p>\n<\/div><\/div><div class=\"et_pb_testimonial_meta\"><\/div><\/div><\/div><\/div><div class=\"et_pb_text_3 et_pb_text et_pb_bg_layout_light et_pb_module et_block_module\"><div class=\"et_pb_text_inner\"><h2><strong><em>Click the button to explore the open roles and become part of our Team.<\/em><\/strong><\/h2>\n<\/div><\/div><div class=\"et_pb_module et_pb_button_module_wrapper et_pb_button_0_wrapper\"><a class=\"et_pb_button_0 et_pb_button et_pb_bg_layout_light et_pb_module et_block_module\" href=\"https:\/\/assist.buk.co\/trabaja-con-nosotros\">CLIC HERE<\/a><\/div><\/div><\/div><div class=\"et_pb_row_4 et_pb_row et_block_row\"><div class=\"et_pb_column_6 et_pb_column et_pb_column_4_4 et-last-child et_block_column et_pb_css_mix_blend_mode_passthrough\"><div class=\"et_pb_testimonial_2 et_pb_testimonial et_pb_testimonial_no_image et_pb_bg_layout_light et_pb_text_align_center et_pb_module et_block_module\"><div class=\"et_pb_testimonial_inner\"><div class=\"et_pb_testimonial_description\"><div class=\"et_pb_testimonial_description_inner\"><div class=\"et_pb_testimonial_content\"><h2><em><span style=\"color: #000000;\">\"Somos una empresa que valora y promueve la diversidad, la inclusi\u00f3n y el trabajo en equipo. <\/span><\/em><\/h2>\n<h2><em><span style=\"color: #000000;\">\u00a1\u00danete a nuestra familia!\"<\/span><\/em><\/h2>\n<\/div><\/div><div class=\"et_pb_testimonial_meta\"><\/div><\/div><\/div><\/div><\/div><\/div><\/div>","protected":false},"excerpt":{"rendered":"","protected":false},"author":1,"featured_media":0,"parent":0,"menu_order":0,"comment_status":"closed","ping_status":"closed","template":"","meta":{"inline_featured_image":false,"footnotes":""},"class_list":["post-2928","page","type-page","status-publish","hentry"],"yoast_head":"<!-- This site is optimized with the Yoast SEO Premium plugin v25.2 (Yoast SEO v27.3) - https:\/\/yoast.com\/product\/yoast-seo-premium-wordpress\/ -->\n<title>Trabaja con Nosotros - Se parte de la familia Assist Consultores<\/title>\n<meta name=\"description\" content=\"La familia Assist siempre est\u00e1 en b\u00fasqueda de talento humano, ofreciendo los mejores beneficios, crecimiento y el mejor ambiente laboral.\" \/>\n<meta name=\"robots\" content=\"index, follow, max-snippet:-1, max-image-preview:large, max-video-preview:-1\" \/>\n<link rel=\"canonical\" href=\"https:\/\/assist.com.co\/en\/trabaja-con-nosotros\/\" \/>\n<meta property=\"og:locale\" content=\"en_US\" \/>\n<meta property=\"og:type\" content=\"article\" \/>\n<meta property=\"og:title\" content=\"\u00a1Siguenos en Facebook!\" \/>\n<meta property=\"og:description\" content=\"Somos una compa\u00f1\u00eda que provee servicios de consultor\u00eda e implementaci\u00f3n de negocios apoyada por IT, con m\u00e1s de 17 a\u00f1os de experiencia y m\u00e1s de 250 proyectos exitosos; Contamos con personal capacitado y las mejores metodolog\u00edas que aseguran el \u00e9xito de los proyectos.\" \/>\n<meta property=\"og:url\" content=\"https:\/\/assist.com.co\/en\/trabaja-con-nosotros\/\" \/>\n<meta property=\"og:site_name\" content=\"Assist Consultores\" \/>\n<meta property=\"article:modified_time\" content=\"2026-02-25T15:27:50+00:00\" \/>\n<meta name=\"twitter:card\" content=\"summary_large_image\" \/>\n<meta name=\"twitter:title\" content=\"Trabaja con Nosotros\" \/>\n<meta name=\"twitter:label1\" content=\"Est. reading time\" \/>\n\t<meta name=\"twitter:data1\" content=\"5 minutes\" \/>\n<script type=\"application\/ld+json\" class=\"yoast-schema-graph\">{\"@context\":\"https:\\\/\\\/schema.org\",\"@graph\":[{\"@type\":\"WebPage\",\"@id\":\"https:\\\/\\\/assist.com.co\\\/trabaja-con-nosotros\\\/\",\"url\":\"https:\\\/\\\/assist.com.co\\\/trabaja-con-nosotros\\\/\",\"name\":\"Trabaja con Nosotros - Se parte de la familia Assist Consultores\",\"isPartOf\":{\"@id\":\"https:\\\/\\\/assist.com.co\\\/#website\"},\"datePublished\":\"2019-04-16T17:18:41+00:00\",\"dateModified\":\"2026-02-25T15:27:50+00:00\",\"description\":\"La familia Assist siempre est\u00e1 en b\u00fasqueda de talento humano, ofreciendo los mejores beneficios, crecimiento y el mejor ambiente laboral.\",\"breadcrumb\":{\"@id\":\"https:\\\/\\\/assist.com.co\\\/trabaja-con-nosotros\\\/#breadcrumb\"},\"inLanguage\":\"en-US\",\"potentialAction\":[{\"@type\":\"ReadAction\",\"target\":[\"https:\\\/\\\/assist.com.co\\\/trabaja-con-nosotros\\\/\"]}]},{\"@type\":\"BreadcrumbList\",\"@id\":\"https:\\\/\\\/assist.com.co\\\/trabaja-con-nosotros\\\/#breadcrumb\",\"itemListElement\":[{\"@type\":\"ListItem\",\"position\":1,\"name\":\"Home\",\"item\":\"https:\\\/\\\/assist.com.co\\\/\"},{\"@type\":\"ListItem\",\"position\":2,\"name\":\"Trabaja con Nosotros\"}]},{\"@type\":\"WebSite\",\"@id\":\"https:\\\/\\\/assist.com.co\\\/#website\",\"url\":\"https:\\\/\\\/assist.com.co\\\/\",\"name\":\"Assist Consultores\",\"description\":\"Transformando Capacidades Empresariales en Sistemas Innovadores\",\"potentialAction\":[{\"@type\":\"SearchAction\",\"target\":{\"@type\":\"EntryPoint\",\"urlTemplate\":\"https:\\\/\\\/assist.com.co\\\/?s={search_term_string}\"},\"query-input\":{\"@type\":\"PropertyValueSpecification\",\"valueRequired\":true,\"valueName\":\"search_term_string\"}}],\"inLanguage\":\"en-US\"}]}<\/script>\n<!-- \/ Yoast SEO Premium plugin. -->","yoast_head_json":{"title":"Trabaja con Nosotros - Se parte de la familia Assist Consultores","description":"La familia Assist siempre est\u00e1 en b\u00fasqueda de talento humano, ofreciendo los mejores beneficios, crecimiento y el mejor ambiente laboral.","robots":{"index":"index","follow":"follow","max-snippet":"max-snippet:-1","max-image-preview":"max-image-preview:large","max-video-preview":"max-video-preview:-1"},"canonical":"https:\/\/assist.com.co\/en\/trabaja-con-nosotros\/","og_locale":"en_US","og_type":"article","og_title":"\u00a1Siguenos en Facebook!","og_description":"Somos una compa\u00f1\u00eda que provee servicios de consultor\u00eda e implementaci\u00f3n de negocios apoyada por IT, con m\u00e1s de 17 a\u00f1os de experiencia y m\u00e1s de 250 proyectos exitosos; Contamos con personal capacitado y las mejores metodolog\u00edas que aseguran el \u00e9xito de los proyectos.","og_url":"https:\/\/assist.com.co\/en\/trabaja-con-nosotros\/","og_site_name":"Assist Consultores","article_modified_time":"2026-02-25T15:27:50+00:00","twitter_card":"summary_large_image","twitter_title":"Trabaja con Nosotros","twitter_misc":{"Est. reading time":"5 minutes"},"schema":{"@context":"https:\/\/schema.org","@graph":[{"@type":"WebPage","@id":"https:\/\/assist.com.co\/trabaja-con-nosotros\/","url":"https:\/\/assist.com.co\/trabaja-con-nosotros\/","name":"Trabaja con Nosotros - Se parte de la familia Assist Consultores","isPartOf":{"@id":"https:\/\/assist.com.co\/#website"},"datePublished":"2019-04-16T17:18:41+00:00","dateModified":"2026-02-25T15:27:50+00:00","description":"La familia Assist siempre est\u00e1 en b\u00fasqueda de talento humano, ofreciendo los mejores beneficios, crecimiento y el mejor ambiente laboral.","breadcrumb":{"@id":"https:\/\/assist.com.co\/trabaja-con-nosotros\/#breadcrumb"},"inLanguage":"en-US","potentialAction":[{"@type":"ReadAction","target":["https:\/\/assist.com.co\/trabaja-con-nosotros\/"]}]},{"@type":"BreadcrumbList","@id":"https:\/\/assist.com.co\/trabaja-con-nosotros\/#breadcrumb","itemListElement":[{"@type":"ListItem","position":1,"name":"Home","item":"https:\/\/assist.com.co\/"},{"@type":"ListItem","position":2,"name":"Trabaja con Nosotros"}]},{"@type":"WebSite","@id":"https:\/\/assist.com.co\/#website","url":"https:\/\/assist.com.co\/","name":"Assist Consultores","description":"Transformando Capacidades Empresariales en Sistemas Innovadores","potentialAction":[{"@type":"SearchAction","target":{"@type":"EntryPoint","urlTemplate":"https:\/\/assist.com.co\/?s={search_term_string}"},"query-input":{"@type":"PropertyValueSpecification","valueRequired":true,"valueName":"search_term_string"}}],"inLanguage":"en-US"}]}},"_links":{"self":[{"href":"https:\/\/assist.com.co\/en\/wp-json\/wp\/v2\/pages\/2928","targetHints":{"allow":["GET"]}}],"collection":[{"href":"https:\/\/assist.com.co\/en\/wp-json\/wp\/v2\/pages"}],"about":[{"href":"https:\/\/assist.com.co\/en\/wp-json\/wp\/v2\/types\/page"}],"author":[{"embeddable":true,"href":"https:\/\/assist.com.co\/en\/wp-json\/wp\/v2\/users\/1"}],"replies":[{"embeddable":true,"href":"https:\/\/assist.com.co\/en\/wp-json\/wp\/v2\/comments?post=2928"}],"version-history":[{"count":8,"href":"https:\/\/assist.com.co\/en\/wp-json\/wp\/v2\/pages\/2928\/revisions"}],"predecessor-version":[{"id":24137,"href":"https:\/\/assist.com.co\/en\/wp-json\/wp\/v2\/pages\/2928\/revisions\/24137"}],"wp:attachment":[{"href":"https:\/\/assist.com.co\/en\/wp-json\/wp\/v2\/media?parent=2928"}],"curies":[{"name":"wp","href":"https:\/\/api.w.org\/{rel}","templated":true}]}}