{"id":3214,"date":"2019-05-29T20:52:48","date_gmt":"2019-05-29T20:52:48","guid":{"rendered":"https:\/\/assist.com.co\/?page_id=3214"},"modified":"2026-02-25T15:27:55","modified_gmt":"2026-02-25T15:27:55","slug":"creatio-marketing","status":"publish","type":"page","link":"https:\/\/assist.com.co\/en\/crm-assist\/creatio-marketing\/","title":{"rendered":"CREATIO MARKETING"},"content":{"rendered":"<div class=\"et_pb_section_0 et_pb_section et_pb_fullwidth_section et_section_regular et_block_section\"><div class=\"et_pb_fullwidth_image_0 et_pb_fullwidth_image et_animated et_pb_module\"><a href=\"https:\/\/assist.com.co\/en\/crm-%e2%80%a2-assist\/\"><img decoding=\"async\" src=\"https:\/\/assist.com.co\/wp-content\/uploads\/2019\/11\/Banner-creatio-marketing.png\" \/><\/a><\/div><\/div><div class=\"et_pb_section_1 et_pb_section et_section_regular et_block_section et_animated preset--module--divi-section--default\"><div class=\"et_pb_row_0 et_pb_row et_block_row\"><div class=\"et_pb_column_0 et_pb_column et_pb_column_4_4 et-last-child et_block_column et_pb_css_mix_blend_mode_passthrough\"><div class=\"et_pb_text_0 et_pb_text et_pb_bg_layout_light et_pb_module et_block_module\"><div class=\"et_pb_text_inner\"><h1 style=\"text-align: center;\"><span style=\"color: #ffffff;\"><strong>Un software hol\u00edstico de gesti\u00f3n de marketing multicanal impulsado por los mejores procedimientos de pr\u00e1ctica inmediata que ofrecen excelencia en la generaci\u00f3n de demanda<\/strong><\/span><\/h1>\n<\/div><\/div><\/div><\/div><\/div><div class=\"et_pb_section_2 et_pb_section et_section_regular et_block_section preset--module--divi-section--default\"><div class=\"et_pb_row_1 et_pb_row et_block_row\"><div class=\"et_pb_column_1 et_pb_column et_pb_column_4_4 et-last-child et_block_column et_pb_css_mix_blend_mode_passthrough\"><div class=\"et_pb_text_1 et_pb_text et_pb_bg_layout_light et_pb_module et_block_module\"><div class=\"et_pb_text_inner\"><h1 style=\"text-align: center;\"><span style=\"font-size: xx-large; font-family: Arial; font-weight: normal;\"><strong><span style=\"color: #002d47;\">Browse and discover more about our CRM.<\/span><\/strong><\/span><\/h1>\n<\/div><\/div><div class=\"et_pb_divider_0 et_pb_divider et_pb_space et_pb_divider_position_top et_pb_module\"><div class=\"et_pb_divider_internal\"><\/div><\/div><\/div><\/div><div class=\"et_pb_row_2 et_pb_row et_pb_row_4col et_block_row et_block_row_4col et_animated\"><div class=\"et_pb_column_2 et_pb_column et_pb_column_1_4 et_block_column et_pb_css_mix_blend_mode_passthrough\"><div class=\"et_pb_image_0 et_pb_image et_pb_module et_block_module\"><a href=\"https:\/\/assist.com.co\/en\/crm-%E2%80%A2-assist\/\"><span class=\"et_pb_image_wrap\"><img decoding=\"async\" src=\"https:\/\/assist.com.co\/wp-content\/uploads\/2019\/07\/home-bpm.png\" \/><\/span><\/a><\/div><div class=\"et_pb_text_2 et_pb_text et_pb_bg_layout_light et_pb_module et_block_module\"><div class=\"et_pb_text_inner\"><h1 style=\"text-align: center;\">HOME<\/h1>\n<\/div><\/div><\/div><div class=\"et_pb_column_3 et_pb_column et_pb_column_1_4 et_block_column et_pb_css_mix_blend_mode_passthrough\"><div class=\"et_pb_image_1 et_pb_image et_pb_module et_block_module\"><a href=\"https:\/\/assist.com.co\/en\/crm-\u2022-assist\/creatio-sales\/\"><span class=\"et_pb_image_wrap\"><img decoding=\"async\" src=\"https:\/\/assist.com.co\/wp-content\/uploads\/2019\/07\/sales-bpm.png\" \/><\/span><\/a><\/div><div class=\"et_pb_text_3 et_pb_text et_pb_bg_layout_light et_pb_module et_block_module\"><div class=\"et_pb_text_inner\"><h1 style=\"text-align: center;\">SALES<\/h1>\n<\/div><\/div><\/div><div class=\"et_pb_column_4 et_pb_column et_pb_column_1_4 et_block_column et_pb_css_mix_blend_mode_passthrough\"><div class=\"et_pb_image_2 et_pb_image et_pb_module et_block_module\"><a href=\"https:\/\/assist.com.co\/en\/crm-%e2%80%a2-assist\/creatio-studio\/\"><span class=\"et_pb_image_wrap\"><img decoding=\"async\" src=\"https:\/\/assist.com.co\/wp-content\/uploads\/2019\/07\/studio-bpm.png\" \/><\/span><\/a><\/div><div class=\"et_pb_text_4 et_pb_text et_pb_bg_layout_light et_pb_module et_block_module\"><div class=\"et_pb_text_inner\"><h1 style=\"text-align: center;\">STUDIO<\/h1>\n<\/div><\/div><\/div><div class=\"et_pb_column_5 et_pb_column et_pb_column_1_4 et-last-child et_block_column et_pb_css_mix_blend_mode_passthrough\"><div class=\"et_pb_image_3 et_pb_image et_pb_module et_block_module\"><a href=\"https:\/\/assist.com.co\/en\/crm-\u2022-assist\/creatio-service\/\"><span class=\"et_pb_image_wrap\"><img decoding=\"async\" src=\"https:\/\/assist.com.co\/wp-content\/uploads\/2019\/07\/service-bpm.png\" \/><\/span><\/a><\/div><div class=\"et_pb_text_5 et_pb_text et_pb_bg_layout_light et_pb_module et_block_module\"><div class=\"et_pb_text_inner\"><h1 style=\"text-align: center;\">SERVICE<\/h1>\n<\/div><\/div><\/div><\/div><\/div><div class=\"et_pb_section_3 et_pb_section et_section_regular et_block_section et_pb_section_parallax preset--module--divi-section--default\"><span class=\"et-pb-parallax-wrapper\"><span class=\"et-pb-parallax-background et-pb-parallax-background-module--divi-section-3\" style=\"background-image:url(https:\/\/assist.com.co\/wp-content\/uploads\/2025\/05\/pieza-email-BIAN-fondo-scaled.png)\"><\/span><\/span><div class=\"et_pb_row_3 et_pb_row et_block_row\"><div class=\"et_pb_column_6 et_pb_column et_pb_column_4_4 et-last-child et_block_column et_pb_css_mix_blend_mode_passthrough\"><div class=\"et_pb_text_6 et_pb_text et_pb_bg_layout_light et_pb_module et_block_module\"><div class=\"et_pb_text_inner\"><h1 style=\"text-align: center;\"><span style=\"color: #002d47;\"><strong>Utilice procesos listos para usar en la gesti\u00f3n de clientes potenciales.<\/strong><\/span><\/h1>\n<p style=\"text-align: center;\"><span style=\"font-size: x-large;\">El marketing en l\u00ednea de Bpm brinda los mejores procedimientos para la gesti\u00f3n eficiente de clientes potenciales, desde la generaci\u00f3n de la demanda hasta la crianza de clientes potenciales, hasta el traspaso final a las ventas. Aseg\u00farese de que su equipo de ventas se centre solo en clientes potenciales calificados y listos para la venta.<\/span><\/p>\n<\/div><\/div><\/div><\/div><div class=\"et_pb_row_4 et_pb_row et_block_row\"><div class=\"et_pb_column_7 et_pb_column et_pb_column_1_2 et_block_column et_pb_css_mix_blend_mode_passthrough\"><div class=\"et_pb_video_0 et_pb_video et_pb_module et_block_module\"><div class=\"et_pb_video_box\"><iframe loading=\"lazy\" title=\"How to overcome marketing challenges - Creatio CRM\" width=\"1080\" height=\"608\" src=\"https:\/\/www.youtube.com\/embed\/Abns2PjVuBo?feature=oembed\"  allow=\"accelerometer; autoplay; clipboard-write; encrypted-media; gyroscope; picture-in-picture; web-share\" referrerpolicy=\"strict-origin-when-cross-origin\" allowfullscreen><\/iframe><\/div><\/div><\/div><div class=\"et_pb_column_8 et_pb_column et_pb_column_1_2 et-last-child et_block_column et_pb_css_mix_blend_mode_passthrough\"><div class=\"et_pb_text_7 et_pb_text et_pb_bg_layout_light et_pb_module et_block_module\"><div class=\"et_pb_text_inner\"><h1><span style=\"font-size: xx-large; color: #00234c;\"><strong>Campa\u00f1as de marketing<\/strong><\/span><\/h1>\n<\/div><\/div><div class=\"et_pb_text_8 et_pb_text et_pb_bg_layout_light et_pb_module et_block_module\"><div class=\"et_pb_text_inner\"><p><span style=\"font-size: x-large; color: #003c6b;\">Aprende a superar los retos de marketing. Explore c\u00f3mo utilizar un dise\u00f1ador de campa\u00f1as visuales en bpm'oline CRM. Llega al p\u00fablico con el mensaje m\u00e1s relevante en el canal correcto<\/span><\/p>\n<\/div><\/div><\/div><\/div><\/div><div class=\"et_pb_section_4 et_pb_section et_section_regular et_block_section et_pb_section_parallax preset--module--divi-section--default\"><span class=\"et-pb-parallax-wrapper\"><span class=\"et-pb-parallax-background et-pb-parallax-background-module--divi-section-4\" style=\"background-image:url(https:\/\/assist.com.co\/wp-content\/uploads\/2025\/05\/pieza-email-BIAN-fondo-scaled.png)\"><\/span><\/span><div class=\"et_pb_row_5 et_pb_row et_block_row et_animated\"><div class=\"et_pb_column_9 et_pb_column et_pb_column_4_4 et-last-child et_block_column et_pb_css_mix_blend_mode_passthrough\"><div class=\"et_pb_video_1 et_pb_video et_pb_module et_block_module\"><div class=\"et_pb_video_box\"><iframe loading=\"lazy\" title=\"Marketing Creatio demo video: multichannel marketing platform\" width=\"1080\" height=\"608\" src=\"https:\/\/www.youtube.com\/embed\/KdtDneBSGww?feature=oembed\"  allow=\"accelerometer; autoplay; clipboard-write; encrypted-media; gyroscope; picture-in-picture; web-share\" referrerpolicy=\"strict-origin-when-cross-origin\" allowfullscreen><\/iframe><\/div><\/div><\/div><\/div><\/div><div class=\"et_pb_section_5 et_pb_section et_section_regular et_block_section et_animated preset--module--divi-section--default\"><div class=\"et_pb_row_6 et_pb_row et_block_row\"><div class=\"et_pb_column_10 et_pb_column et_pb_column_1_2 et_block_column et_pb_css_mix_blend_mode_passthrough\"><div class=\"et_pb_text_9 et_pb_text et_pb_bg_layout_light et_pb_module et_block_module\"><div class=\"et_pb_text_inner\"><h1><span style=\"font-size: xx-large; color: #00234c;\"><strong>Manten un Dialogo constante con tus Clientes<br \/> <\/strong><\/span><\/h1>\n<\/div><\/div><div class=\"et_pb_text_10 et_pb_text et_pb_bg_layout_light et_pb_module et_block_module\"><div class=\"et_pb_text_inner\"><p><span style=\"font-size: x-large; color: #003c6b;\">Utilice las herramientas de marketing por correo electr\u00f3nico para establecer y mantener comunicaciones personalizadas con cada cliente. Optimice su estrategia de comunicaci\u00f3n basada en respuestas de correo masivo.<\/span><\/p>\n<\/div><\/div><\/div><div class=\"et_pb_column_11 et_pb_column et_pb_column_1_2 et-last-child et_block_column et_pb_css_mix_blend_mode_passthrough\"><div class=\"et_pb_image_4 et_pb_image et_pb_module et_block_module\"><span class=\"et_pb_image_wrap\"><img decoding=\"async\" src=\"https:\/\/assist.com.co\/wp-content\/uploads\/2019\/05\/101573-bpm-online-marketing-1467111434-3008091.png\" \/><\/span><\/div><\/div><\/div><\/div><div class=\"et_pb_section_6 et_pb_section et_section_regular et_block_section preset--module--divi-section--default\"><div class=\"et_pb_row_7 et_pb_row et_block_row\"><div class=\"et_pb_column_12 et_pb_column et_pb_column_3_5 et_block_column et_pb_css_mix_blend_mode_passthrough\"><div class=\"et_pb_text_11 et_pb_text et_pb_bg_layout_light et_pb_module et_block_module\"><div class=\"et_pb_text_inner\"><h1><span style=\"font-size: xx-large;\"><strong><span style=\"font-family: Roboto;\"><span style=\"color: #FF4013;\">Accelerate service delivery and achieve customer satisfaction with a<br \/>\nSmart management<\/span><\/span><\/strong><\/span><\/h1>\n<\/div><\/div><\/div><div class=\"et_pb_column_13 et_pb_column et_pb_column_2_5 et-last-child et_block_column et_pb_css_mix_blend_mode_passthrough\"><div class=\"et_pb_image_5 et_pb_image et_pb_module et_block_module\"><span class=\"et_pb_image_wrap\"><img decoding=\"async\" src=\"https:\/\/assist.com.co\/wp-content\/uploads\/2019\/11\/Creatio-logo-blsnco.png\" \/><\/span><\/div><\/div><\/div><\/div><div class=\"et_pb_section_7 et_pb_section et_section_regular et_block_section et_pb_section_parallax preset--module--divi-section--default\"><span class=\"et-pb-parallax-wrapper\"><span class=\"et-pb-parallax-background et-pb-parallax-background-module--divi-section-7\" style=\"background-image:url(https:\/\/assist.com.co\/wp-content\/uploads\/2018\/06\/space-background-compressor.jpg)\"><\/span><\/span><div class=\"et_pb_row_8 et_pb_row et_block_row\"><div class=\"et_pb_column_14 et_pb_column et_pb_column_1_2 et_block_column et_pb_css_mix_blend_mode_passthrough\"><div class=\"et_pb_text_12 et_pb_text et_pb_bg_layout_dark et_pb_module et_block_module\"><div class=\"et_pb_text_inner\"><h1 class=\"heading-title\">Contact us through this medium and receive personalized advice.<\/h1>\n<p>&nbsp;<\/p>\n<\/div><\/div><\/div><div class=\"et_pb_column_15 et_pb_column et_pb_column_1_2 et-last-child et_block_column et_pb_css_mix_blend_mode_passthrough\"><div class=\"et_pb_contact_form_0 et_pb_contact_form_container clearfix et_pb_module et_flex_module\" data-form_unique_num=\"0\" data-form_unique_id=\"7067d836e5cc6b8d0df5f1ee01accc26\" id=\"et_pb_contact_form_0\"><div class=\"et-pb-contact-message\"><\/div><div class=\"et_pb_contact\"><form class=\"et_pb_contact_form et_flex_module\" method=\"post\" action=\"https:\/\/assist.com.co\/en\/wp-json\/wp\/v2\/pages\/3214\" data-trp-original-action=\"https:\/\/assist.com.co\/en\/wp-json\/wp\/v2\/pages\/3214\"><div class=\"et_pb_contact_field_0 et_pb_contact_field et_pb_module et_flex_module et_flex_column_12_24 et_flex_column_12_24_tablet et_flex_column_12_24_phone\" data-id=\"nombre\" data-type=\"input\"><label class=\"et_pb_contact_form_label\">Name<\/label><input type=\"text\" name=\"et_pb_contact_0_nombre_0\" id=\"et_pb_contact_0_nombre_0\" class=\"input\" data-required_mark=\"required\" data-field_type=\"input\" data-original_id=\"nombre\" placeholder=\"Name\" title=\"\" value=\"\" \/><\/div><div class=\"et_pb_contact_field_1 et_pb_contact_field et_pb_module et_flex_module et_flex_column_12_24 et_flex_column_12_24_tablet et_flex_column_12_24_phone\" data-id=\"empresa\" data-type=\"input\"><label class=\"et_pb_contact_form_label\">Enterprise<\/label><input type=\"text\" name=\"et_pb_contact_0_empresa_1\" id=\"et_pb_contact_0_empresa_1\" class=\"input\" data-required_mark=\"required\" data-field_type=\"input\" data-original_id=\"empresa\" placeholder=\"Enterprise\" title=\"\" value=\"\" \/><\/div><div class=\"et_pb_contact_field_2 et_pb_contact_field et_pb_module et_flex_module et_flex_column_24_24 et_flex_column_24_24_tablet et_flex_column_24_24_phone\" data-id=\"telefono\" data-type=\"input\"><label class=\"et_pb_contact_form_label\">Phone<\/label><input type=\"text\" name=\"et_pb_contact_0_telefono_2\" id=\"et_pb_contact_0_telefono_2\" class=\"input\" data-required_mark=\"required\" data-field_type=\"input\" data-original_id=\"telefono\" placeholder=\"Phone\" title=\"\" value=\"\" \/><\/div><div class=\"et_pb_contact_field_3 et_pb_contact_field et_pb_module et_flex_module et_flex_column_12_24 et_flex_column_12_24_tablet et_flex_column_12_24_phone\" data-id=\"cargo\" data-type=\"input\"><label class=\"et_pb_contact_form_label\">Position<\/label><input type=\"text\" name=\"et_pb_contact_0_cargo_3\" id=\"et_pb_contact_0_cargo_3\" class=\"input\" data-required_mark=\"required\" data-field_type=\"input\" data-original_id=\"cargo\" placeholder=\"Position\" title=\"\" value=\"\" \/><\/div><div class=\"et_pb_contact_field_4 et_pb_contact_field et_pb_module et_flex_module et_flex_column_12_24 et_flex_column_12_24_tablet et_flex_column_12_24_phone\" data-id=\"correo\" data-type=\"email\"><label class=\"et_pb_contact_form_label\">Mail<\/label><input type=\"text\" name=\"et_pb_contact_0_correo_4\" id=\"et_pb_contact_0_correo_4\" class=\"input\" data-required_mark=\"required\" data-field_type=\"email\" data-original_id=\"correo\" placeholder=\"Mail\" title=\"\" value=\"\" \/><\/div><div class=\"et_pb_contact_field_5 et_pb_contact_field et_pb_module et_flex_module et_flex_column_24_24 et_flex_column_24_24_tablet et_flex_column_24_24_phone\" data-id=\"mensaje\" data-type=\"text\"><label class=\"et_pb_contact_form_label\">Message<\/label><textarea name=\"et_pb_contact_0_mensaje_5\" id=\"et_pb_contact_0_mensaje_5\" class=\"et_pb_contact_message input\" data-required_mark=\"required\" data-field_type=\"text\" data-original_id=\"mensaje\" placeholder=\"Message\"><\/textarea><\/div><input type=\"hidden\" name=\"et_pb_contactform_submit_7067d836e5cc6b8d0df5f1ee01accc26\" value=\"et_contact_proccess\" \/><div class=\"et_contact_bottom_container\"><div class=\"et_pb_contact_right et_pb_contact_field\"><p class=\"clearfix\"><span class=\"et_pb_contact_captcha_question\">11 + 15<\/span> = <input type=\"text\" size=\"2\" class=\"input et_pb_contact_captcha\" data-first_digit=\"11\" data-second_digit=\"15\" data-required_mark=\"required\" name=\"et_pb_contact_captcha_7067d836e5cc6b8d0df5f1ee01accc26\" autocomplete=\"off\" \/><\/p><\/div><div class=\"et_pb_button_wrapper\"><button type=\"submit\" name=\"et_builder_submit_button\" class=\"et_pb_button et_pb_contact_submit\">SEND<\/button><\/div><\/div><input type=\"hidden\" id=\"_wpnonce-et-pb-contact-form-submitted-7067d836e5cc6b8d0df5f1ee01accc26\" name=\"_wpnonce-et-pb-contact-form-submitted-7067d836e5cc6b8d0df5f1ee01accc26\" value=\"f88d0234e2\" \/><input type=\"hidden\" name=\"_wp_http_referer\" value=\"\/en\/wp-json\/wp\/v2\/pages\/3214\" \/><input type=\"hidden\" name=\"trp-form-language\" value=\"en\"\/><\/form><\/div><\/div><\/div><\/div><\/div>","protected":false},"excerpt":{"rendered":"","protected":false},"author":1,"featured_media":0,"parent":2982,"menu_order":0,"comment_status":"closed","ping_status":"closed","template":"","meta":{"inline_featured_image":false,"footnotes":""},"class_list":["post-3214","page","type-page","status-publish","hentry"],"yoast_head":"<!-- This site is optimized with the Yoast SEO Premium plugin v25.2 (Yoast SEO v27.4) - https:\/\/yoast.com\/product\/yoast-seo-premium-wordpress\/ -->\n<title>CREATIO MARKETING - Assist Consultores<\/title>\n<meta name=\"description\" content=\"Un software hol\u00edstico de gesti\u00f3n de marketing multicanal impulsado por los mejores procedimientos de pr\u00e1ctica inmediata que ofrecen excelencia en la generaci\u00f3n de demanda.\" \/>\n<meta name=\"robots\" content=\"index, follow, max-snippet:-1, max-image-preview:large, max-video-preview:-1\" \/>\n<link rel=\"canonical\" href=\"https:\/\/assist.com.co\/en\/crm-assist\/creatio-marketing\/\" \/>\n<meta property=\"og:locale\" content=\"en_US\" \/>\n<meta property=\"og:type\" content=\"article\" \/>\n<meta property=\"og:title\" content=\"CREATIO MARKETING\" \/>\n<meta property=\"og:description\" content=\"Un software hol\u00edstico de gesti\u00f3n de marketing multicanal impulsado por los mejores procedimientos de pr\u00e1ctica inmediata que ofrecen excelencia en la generaci\u00f3n de demanda.\" \/>\n<meta property=\"og:url\" content=\"https:\/\/assist.com.co\/en\/crm-assist\/creatio-marketing\/\" \/>\n<meta property=\"og:site_name\" content=\"Assist Consultores\" \/>\n<meta property=\"article:modified_time\" content=\"2026-02-25T15:27:55+00:00\" \/>\n<meta name=\"twitter:card\" content=\"summary_large_image\" \/>\n<meta name=\"twitter:label1\" content=\"Est. reading time\" \/>\n\t<meta name=\"twitter:data1\" content=\"4 minutes\" \/>\n<script type=\"application\/ld+json\" class=\"yoast-schema-graph\">{\"@context\":\"https:\\\/\\\/schema.org\",\"@graph\":[{\"@type\":\"WebPage\",\"@id\":\"https:\\\/\\\/assist.com.co\\\/crm-assist\\\/creatio-marketing\\\/\",\"url\":\"https:\\\/\\\/assist.com.co\\\/crm-assist\\\/creatio-marketing\\\/\",\"name\":\"CREATIO MARKETING - Assist Consultores\",\"isPartOf\":{\"@id\":\"https:\\\/\\\/assist.com.co\\\/#website\"},\"datePublished\":\"2019-05-29T20:52:48+00:00\",\"dateModified\":\"2026-02-25T15:27:55+00:00\",\"description\":\"Un software hol\u00edstico de gesti\u00f3n de marketing multicanal impulsado por los mejores procedimientos de pr\u00e1ctica inmediata que ofrecen excelencia en la generaci\u00f3n de demanda.\",\"breadcrumb\":{\"@id\":\"https:\\\/\\\/assist.com.co\\\/crm-assist\\\/creatio-marketing\\\/#breadcrumb\"},\"inLanguage\":\"en-US\",\"potentialAction\":[{\"@type\":\"ReadAction\",\"target\":[\"https:\\\/\\\/assist.com.co\\\/crm-assist\\\/creatio-marketing\\\/\"]}]},{\"@type\":\"BreadcrumbList\",\"@id\":\"https:\\\/\\\/assist.com.co\\\/crm-assist\\\/creatio-marketing\\\/#breadcrumb\",\"itemListElement\":[{\"@type\":\"ListItem\",\"position\":1,\"name\":\"Home\",\"item\":\"https:\\\/\\\/assist.com.co\\\/\"},{\"@type\":\"ListItem\",\"position\":2,\"name\":\"CRM \u2022 Assist\",\"item\":\"https:\\\/\\\/assist.com.co\\\/crm-assist\\\/\"},{\"@type\":\"ListItem\",\"position\":3,\"name\":\"CREATIO MARKETING\"}]},{\"@type\":\"WebSite\",\"@id\":\"https:\\\/\\\/assist.com.co\\\/#website\",\"url\":\"https:\\\/\\\/assist.com.co\\\/\",\"name\":\"Assist Consultores\",\"description\":\"Transformando Capacidades Empresariales en Sistemas Innovadores\",\"potentialAction\":[{\"@type\":\"SearchAction\",\"target\":{\"@type\":\"EntryPoint\",\"urlTemplate\":\"https:\\\/\\\/assist.com.co\\\/?s={search_term_string}\"},\"query-input\":{\"@type\":\"PropertyValueSpecification\",\"valueRequired\":true,\"valueName\":\"search_term_string\"}}],\"inLanguage\":\"en-US\"}]}<\/script>\n<!-- \/ Yoast SEO Premium plugin. -->","yoast_head_json":{"title":"CREATIO MARKETING - Assist Consultores","description":"Un software hol\u00edstico de gesti\u00f3n de marketing multicanal impulsado por los mejores procedimientos de pr\u00e1ctica inmediata que ofrecen excelencia en la generaci\u00f3n de demanda.","robots":{"index":"index","follow":"follow","max-snippet":"max-snippet:-1","max-image-preview":"max-image-preview:large","max-video-preview":"max-video-preview:-1"},"canonical":"https:\/\/assist.com.co\/en\/crm-assist\/creatio-marketing\/","og_locale":"en_US","og_type":"article","og_title":"CREATIO MARKETING","og_description":"Un software hol\u00edstico de gesti\u00f3n de marketing multicanal impulsado por los mejores procedimientos de pr\u00e1ctica inmediata que ofrecen excelencia en la generaci\u00f3n de demanda.","og_url":"https:\/\/assist.com.co\/en\/crm-assist\/creatio-marketing\/","og_site_name":"Assist Consultores","article_modified_time":"2026-02-25T15:27:55+00:00","twitter_card":"summary_large_image","twitter_misc":{"Est. reading time":"4 minutes"},"schema":{"@context":"https:\/\/schema.org","@graph":[{"@type":"WebPage","@id":"https:\/\/assist.com.co\/crm-assist\/creatio-marketing\/","url":"https:\/\/assist.com.co\/crm-assist\/creatio-marketing\/","name":"CREATIO MARKETING - Assist Consultores","isPartOf":{"@id":"https:\/\/assist.com.co\/#website"},"datePublished":"2019-05-29T20:52:48+00:00","dateModified":"2026-02-25T15:27:55+00:00","description":"Un software hol\u00edstico de gesti\u00f3n de marketing multicanal impulsado por los mejores procedimientos de pr\u00e1ctica inmediata que ofrecen excelencia en la generaci\u00f3n de demanda.","breadcrumb":{"@id":"https:\/\/assist.com.co\/crm-assist\/creatio-marketing\/#breadcrumb"},"inLanguage":"en-US","potentialAction":[{"@type":"ReadAction","target":["https:\/\/assist.com.co\/crm-assist\/creatio-marketing\/"]}]},{"@type":"BreadcrumbList","@id":"https:\/\/assist.com.co\/crm-assist\/creatio-marketing\/#breadcrumb","itemListElement":[{"@type":"ListItem","position":1,"name":"Home","item":"https:\/\/assist.com.co\/"},{"@type":"ListItem","position":2,"name":"CRM \u2022 Assist","item":"https:\/\/assist.com.co\/crm-assist\/"},{"@type":"ListItem","position":3,"name":"CREATIO MARKETING"}]},{"@type":"WebSite","@id":"https:\/\/assist.com.co\/#website","url":"https:\/\/assist.com.co\/","name":"Assist Consultores","description":"Transformando Capacidades Empresariales en Sistemas Innovadores","potentialAction":[{"@type":"SearchAction","target":{"@type":"EntryPoint","urlTemplate":"https:\/\/assist.com.co\/?s={search_term_string}"},"query-input":{"@type":"PropertyValueSpecification","valueRequired":true,"valueName":"search_term_string"}}],"inLanguage":"en-US"}]}},"_links":{"self":[{"href":"https:\/\/assist.com.co\/en\/wp-json\/wp\/v2\/pages\/3214","targetHints":{"allow":["GET"]}}],"collection":[{"href":"https:\/\/assist.com.co\/en\/wp-json\/wp\/v2\/pages"}],"about":[{"href":"https:\/\/assist.com.co\/en\/wp-json\/wp\/v2\/types\/page"}],"author":[{"embeddable":true,"href":"https:\/\/assist.com.co\/en\/wp-json\/wp\/v2\/users\/1"}],"replies":[{"embeddable":true,"href":"https:\/\/assist.com.co\/en\/wp-json\/wp\/v2\/comments?post=3214"}],"version-history":[{"count":2,"href":"https:\/\/assist.com.co\/en\/wp-json\/wp\/v2\/pages\/3214\/revisions"}],"predecessor-version":[{"id":24139,"href":"https:\/\/assist.com.co\/en\/wp-json\/wp\/v2\/pages\/3214\/revisions\/24139"}],"up":[{"embeddable":true,"href":"https:\/\/assist.com.co\/en\/wp-json\/wp\/v2\/pages\/2982"}],"wp:attachment":[{"href":"https:\/\/assist.com.co\/en\/wp-json\/wp\/v2\/media?parent=3214"}],"curies":[{"name":"wp","href":"https:\/\/api.w.org\/{rel}","templated":true}]}}