{"id":4105,"date":"2019-07-23T20:53:43","date_gmt":"2019-07-23T20:53:43","guid":{"rendered":"https:\/\/assist.com.co\/?page_id=4105"},"modified":"2026-02-25T15:28:13","modified_gmt":"2026-02-25T15:28:13","slug":"optimizacion-de-ti","status":"publish","type":"page","link":"https:\/\/assist.com.co\/en\/optimizacion-de-ti\/","title":{"rendered":"Optimizaci\u00f3n de TI"},"content":{"rendered":"<div class=\"et_pb_section_0 et_pb_section et_pb_fullwidth_section et_section_regular et_block_section\"><section class=\"et_pb_fullwidth_header_0 et_pb_fullwidth_header et_pb_bg_layout_dark et_pb_text_align_left et_pb_section_parallax et_pb_module et_flex_module\"><span class=\"et-pb-parallax-wrapper\"><span class=\"et-pb-parallax-background et-pb-parallax-background-module--divi-fullwidth-header-0\" style=\"background-image:url(https:\/\/assist.com.co\/wp-content\/uploads\/2020\/03\/banner-oprtimizaci\u00f3n-ti.png)\"><\/span><\/span><div class=\"et_pb_fullwidth_header_container left\"><div class=\"header-content-container center\"><div class=\"header-content et_flex_module\"><h1 class=\"et_pb_module_header\">Optimizaci\u00f3n de TI<\/h1><div class=\"et_pb_header_content_wrapper\"><p>Optimiza la tecnolog\u00eda para dise\u00f1ar innovaciones para el futuro,<br \/>y al mismo tiempo dar mantenimiento a los sistemas de los<br \/>que depende tu empresa.<\/p>\n<\/div><div class=\"et_pb_header_button_wrapper\"><\/div><\/div><\/div><\/div><div class=\"et_pb_fullwidth_header_overlay\"><\/div><div class=\"et_pb_fullwidth_header_scroll\"><\/div><\/section><\/div><div class=\"et_pb_section_1 et_pb_section et_section_regular et_block_section preset--module--divi-section--default\"><div class=\"et_pb_row_0 et_pb_row et_pb_row_3-4_1-4 et_block_row et_block_row_3-4_1-4\"><div class=\"et_pb_column_0 et_pb_column et_pb_column_3_4 et_block_column et_pb_css_mix_blend_mode_passthrough\"><div class=\"et_pb_text_0 et_pb_text et_pb_bg_layout_light et_pb_module et_block_module\"><div class=\"et_pb_text_inner\"><h1>\u00bfQu\u00e9 es?<\/h1>\n<\/div><\/div><div class=\"et_pb_text_1 et_pb_text et_pb_bg_layout_light et_pb_module et_block_module\"><div class=\"et_pb_text_inner\"><p><b>Big data o informaci\u00f3n y volumenes de datos es un termino TI que est\u00e1 revolucionando los metodos de captar y gestionar\u00a0informaci\u00f3n en las compa\u00f1\u00edas a gran velocidad con una capacidad de estructurar y encriptar informaci\u00f3n\u00a0<span>\u00a0\u200b\u200butilizando herramientas de software independientes.<\/span>\u00a0<\/b><\/p>\n<\/div><\/div><\/div><div class=\"et_pb_column_1 et_pb_column et_pb_column_1_4 et-last-child et_block_column et_pb_css_mix_blend_mode_passthrough\"><div class=\"et_pb_image_0 et_pb_image et_pb_module et_block_module\"><span class=\"et_pb_image_wrap\"><img decoding=\"async\" src=\"https:\/\/assist.com.co\/wp-content\/uploads\/2018\/10\/big-data.svg\" \/><\/span><\/div><\/div><\/div><\/div><div class=\"et_pb_section_2 et_pb_section et_section_regular et_block_section et_pb_section_parallax preset--module--divi-section--default\"><span class=\"et-pb-parallax-wrapper\"><span class=\"et-pb-parallax-background et-pb-parallax-background-module--divi-section-2\" style=\"background-image:url(https:\/\/assist.com.co\/wp-content\/uploads\/2025\/05\/pieza-email-BIAN-fondo-scaled.png)\"><\/span><\/span><div class=\"et_pb_row_1 et_pb_row et_block_row\"><div class=\"et_pb_column_2 et_pb_column et_pb_column_2_3 et_block_column et_pb_css_mix_blend_mode_passthrough\"><div class=\"et_pb_text_2 et_pb_text et_pb_bg_layout_dark et_pb_module et_block_module\"><div class=\"et_pb_text_inner\"><h1><strong><span>\u25ba<\/span><\/strong><strong><br \/>Prop\u00f3sito<\/strong><\/h1>\n<\/div><\/div><div class=\"et_pb_text_3 et_pb_text et_pb_bg_layout_dark et_pb_module et_block_module\"><div class=\"et_pb_text_inner\"><p><span style=\"font-weight: 400;\">We create a totally secure environment to allow the transfer of digital data with sophisticated encryption.<\/span><\/p>\n<\/div><\/div><\/div><div class=\"et_pb_column_3 et_pb_column et_pb_column_1_3 et-last-child et_block_column et_pb_css_mix_blend_mode_passthrough\"><div class=\"et_pb_image_1 et_pb_image et_animated et_pb_module et_block_module\"><span class=\"et_pb_image_wrap\"><img decoding=\"async\" src=\"https:\/\/assist.com.co\/wp-content\/uploads\/2018\/10\/target-1.svg\" \/><\/span><\/div><\/div><\/div><\/div>","protected":false},"excerpt":{"rendered":"","protected":false},"author":1,"featured_media":0,"parent":0,"menu_order":0,"comment_status":"closed","ping_status":"closed","template":"","meta":{"inline_featured_image":false,"footnotes":""},"class_list":["post-4105","page","type-page","status-publish","hentry"],"yoast_head":"<!-- This site is optimized with the Yoast SEO Premium plugin v25.2 (Yoast SEO v27.4) - https:\/\/yoast.com\/product\/yoast-seo-premium-wordpress\/ -->\n<title>Optimizaci\u00f3n de TI - Assist Consultores<\/title>\n<meta name=\"robots\" content=\"index, follow, max-snippet:-1, max-image-preview:large, max-video-preview:-1\" \/>\n<link rel=\"canonical\" href=\"https:\/\/assist.com.co\/en\/optimizacion-de-ti\/\" \/>\n<meta property=\"og:locale\" content=\"en_US\" \/>\n<meta property=\"og:type\" content=\"article\" \/>\n<meta property=\"og:title\" content=\"Optimizaci\u00f3n de TI\" \/>\n<meta property=\"og:url\" content=\"https:\/\/assist.com.co\/en\/optimizacion-de-ti\/\" \/>\n<meta property=\"og:site_name\" content=\"Assist Consultores\" \/>\n<meta property=\"article:modified_time\" content=\"2026-02-25T15:28:13+00:00\" \/>\n<meta name=\"twitter:card\" content=\"summary_large_image\" \/>\n<script type=\"application\/ld+json\" class=\"yoast-schema-graph\">{\"@context\":\"https:\\\/\\\/schema.org\",\"@graph\":[{\"@type\":\"WebPage\",\"@id\":\"https:\\\/\\\/assist.com.co\\\/optimizacion-de-ti\\\/\",\"url\":\"https:\\\/\\\/assist.com.co\\\/optimizacion-de-ti\\\/\",\"name\":\"Optimizaci\u00f3n de TI - Assist Consultores\",\"isPartOf\":{\"@id\":\"https:\\\/\\\/assist.com.co\\\/#website\"},\"datePublished\":\"2019-07-23T20:53:43+00:00\",\"dateModified\":\"2026-02-25T15:28:13+00:00\",\"breadcrumb\":{\"@id\":\"https:\\\/\\\/assist.com.co\\\/optimizacion-de-ti\\\/#breadcrumb\"},\"inLanguage\":\"en-US\",\"potentialAction\":[{\"@type\":\"ReadAction\",\"target\":[\"https:\\\/\\\/assist.com.co\\\/optimizacion-de-ti\\\/\"]}]},{\"@type\":\"BreadcrumbList\",\"@id\":\"https:\\\/\\\/assist.com.co\\\/optimizacion-de-ti\\\/#breadcrumb\",\"itemListElement\":[{\"@type\":\"ListItem\",\"position\":1,\"name\":\"Home\",\"item\":\"https:\\\/\\\/assist.com.co\\\/\"},{\"@type\":\"ListItem\",\"position\":2,\"name\":\"Optimizaci\u00f3n de TI\"}]},{\"@type\":\"WebSite\",\"@id\":\"https:\\\/\\\/assist.com.co\\\/#website\",\"url\":\"https:\\\/\\\/assist.com.co\\\/\",\"name\":\"Assist Consultores\",\"description\":\"Transformando Capacidades Empresariales en Sistemas Innovadores\",\"potentialAction\":[{\"@type\":\"SearchAction\",\"target\":{\"@type\":\"EntryPoint\",\"urlTemplate\":\"https:\\\/\\\/assist.com.co\\\/?s={search_term_string}\"},\"query-input\":{\"@type\":\"PropertyValueSpecification\",\"valueRequired\":true,\"valueName\":\"search_term_string\"}}],\"inLanguage\":\"en-US\"}]}<\/script>\n<!-- \/ Yoast SEO Premium plugin. -->","yoast_head_json":{"title":"Optimizaci\u00f3n de TI - Assist Consultores","robots":{"index":"index","follow":"follow","max-snippet":"max-snippet:-1","max-image-preview":"max-image-preview:large","max-video-preview":"max-video-preview:-1"},"canonical":"https:\/\/assist.com.co\/en\/optimizacion-de-ti\/","og_locale":"en_US","og_type":"article","og_title":"Optimizaci\u00f3n de TI","og_url":"https:\/\/assist.com.co\/en\/optimizacion-de-ti\/","og_site_name":"Assist Consultores","article_modified_time":"2026-02-25T15:28:13+00:00","twitter_card":"summary_large_image","schema":{"@context":"https:\/\/schema.org","@graph":[{"@type":"WebPage","@id":"https:\/\/assist.com.co\/optimizacion-de-ti\/","url":"https:\/\/assist.com.co\/optimizacion-de-ti\/","name":"Optimizaci\u00f3n de TI - Assist Consultores","isPartOf":{"@id":"https:\/\/assist.com.co\/#website"},"datePublished":"2019-07-23T20:53:43+00:00","dateModified":"2026-02-25T15:28:13+00:00","breadcrumb":{"@id":"https:\/\/assist.com.co\/optimizacion-de-ti\/#breadcrumb"},"inLanguage":"en-US","potentialAction":[{"@type":"ReadAction","target":["https:\/\/assist.com.co\/optimizacion-de-ti\/"]}]},{"@type":"BreadcrumbList","@id":"https:\/\/assist.com.co\/optimizacion-de-ti\/#breadcrumb","itemListElement":[{"@type":"ListItem","position":1,"name":"Home","item":"https:\/\/assist.com.co\/"},{"@type":"ListItem","position":2,"name":"Optimizaci\u00f3n de TI"}]},{"@type":"WebSite","@id":"https:\/\/assist.com.co\/#website","url":"https:\/\/assist.com.co\/","name":"Assist Consultores","description":"Transformando Capacidades Empresariales en Sistemas Innovadores","potentialAction":[{"@type":"SearchAction","target":{"@type":"EntryPoint","urlTemplate":"https:\/\/assist.com.co\/?s={search_term_string}"},"query-input":{"@type":"PropertyValueSpecification","valueRequired":true,"valueName":"search_term_string"}}],"inLanguage":"en-US"}]}},"_links":{"self":[{"href":"https:\/\/assist.com.co\/en\/wp-json\/wp\/v2\/pages\/4105","targetHints":{"allow":["GET"]}}],"collection":[{"href":"https:\/\/assist.com.co\/en\/wp-json\/wp\/v2\/pages"}],"about":[{"href":"https:\/\/assist.com.co\/en\/wp-json\/wp\/v2\/types\/page"}],"author":[{"embeddable":true,"href":"https:\/\/assist.com.co\/en\/wp-json\/wp\/v2\/users\/1"}],"replies":[{"embeddable":true,"href":"https:\/\/assist.com.co\/en\/wp-json\/wp\/v2\/comments?post=4105"}],"version-history":[{"count":1,"href":"https:\/\/assist.com.co\/en\/wp-json\/wp\/v2\/pages\/4105\/revisions"}],"predecessor-version":[{"id":24146,"href":"https:\/\/assist.com.co\/en\/wp-json\/wp\/v2\/pages\/4105\/revisions\/24146"}],"wp:attachment":[{"href":"https:\/\/assist.com.co\/en\/wp-json\/wp\/v2\/media?parent=4105"}],"curies":[{"name":"wp","href":"https:\/\/api.w.org\/{rel}","templated":true}]}}