{"id":4172,"date":"2019-07-25T21:32:37","date_gmt":"2019-07-25T21:32:37","guid":{"rendered":"https:\/\/assist.com.co\/?page_id=4172"},"modified":"2026-02-25T15:31:23","modified_gmt":"2026-02-25T15:31:23","slug":"red-hat-integracion","status":"publish","type":"page","link":"https:\/\/assist.com.co\/en\/redhat-assist\/red-hat-integracion\/","title":{"rendered":"Red hat: Integraci\u00f3n"},"content":{"rendered":"<div class=\"et_pb_section_0 et_pb_section et_pb_fullwidth_section et_section_regular et_block_section et_animated\"><div class=\"et_pb_fullwidth_image_0 et_pb_fullwidth_image et_pb_module\"><img decoding=\"async\" src=\"https:\/\/assist.com.co\/wp-content\/uploads\/2019\/07\/banner-assist-redhat-integra.png\" \/><\/div><\/div><div class=\"et_pb_section_1 et_pb_section et_section_regular et_block_section preset--module--divi-section--default\"><div class=\"et_pb_row_0 et_pb_row et_block_row et_animated\"><div class=\"et_pb_column_0 et_pb_column et_pb_column_4_4 et-last-child et_block_column et_pb_css_mix_blend_mode_passthrough\"><div class=\"et_pb_text_0 et_pb_text et_pb_bg_layout_light et_pb_module et_block_module\"><div class=\"et_pb_text_inner\"><h1 style=\"text-align: center;\"><span style=\"color: #ffffff;\"><strong>Las tecnolog\u00edas y estrategias de integraci\u00f3n inteligentes, creando espacios sostenibles y aut\u00f3matas en beneficio de la prestaci\u00f3n de servicios a los<br \/>C L I E N T E S.<\/strong><\/span><\/h1>\n<\/div><\/div><\/div><\/div><\/div><div class=\"et_pb_section_2 et_pb_section et_section_regular et_block_section et_pb_section_parallax preset--module--divi-section--default\"><span class=\"et-pb-parallax-wrapper\"><span class=\"et-pb-parallax-background et-pb-parallax-background-module--divi-section-2\" style=\"background-image:url(https:\/\/assist.com.co\/wp-content\/uploads\/2025\/05\/pieza-email-BIAN-fondo-scaled.png)\"><\/span><\/span><div class=\"et_pb_row_1 et_pb_row et_block_row et_animated\"><div class=\"et_pb_column_1 et_pb_column et_pb_column_4_4 et-last-child et_block_column et_pb_css_mix_blend_mode_passthrough\"><div class=\"et_pb_text_1 et_pb_text et_pb_bg_layout_light et_pb_module et_block_module\"><div class=\"et_pb_text_inner\"><h1 style=\"text-align: CENTER;\"><span style=\"color:#0C101C;\"><strong>EXPLORADOR<br \/><\/strong><\/span><\/h1>\n<\/div><\/div><\/div><\/div><div class=\"et_pb_row_2 et_pb_row et_block_row et_animated\"><div class=\"et_pb_column_2 et_pb_column et_pb_column_1_3 et_block_column et_pb_css_mix_blend_mode_passthrough\"><div class=\"et_pb_text_2 et_pb_text et_pb_bg_layout_light et_pb_module et_block_module\"><div class=\"et_pb_text_inner\"><h2 style=\"text-align: center;\"><span style=\"font-family: Verdana; font-weight: normal;\"><strong><span style=\"color: #0C101C;\">Red Hat - Assist<\/span><\/strong><\/span><\/h2>\n<\/div><\/div><div class=\"et_pb_image_0 et_pb_image et_pb_module et_block_module\"><a href=\"https:\/\/assist.com.co\/en\/redhat-assist\/\" target=\"_blank\"><span class=\"et_pb_image_wrap\"><img decoding=\"async\" src=\"https:\/\/assist.com.co\/wp-content\/uploads\/2019\/07\/complementos-red-hat.png\" \/><\/span><\/a><\/div><\/div><div class=\"et_pb_column_3 et_pb_column et_pb_column_1_3 et_block_column et_pb_css_mix_blend_mode_passthrough\"><div class=\"et_pb_text_3 et_pb_text et_pb_bg_layout_light et_pb_module et_block_module\"><div class=\"et_pb_text_inner\"><h2 style=\"text-align: center;\"><span style=\"font-family: Verdana;\"><strong><span style=\"color: #0C101C;\">Infraestructura de nube h\u00edbrida<\/span><\/strong><\/span><\/h2>\n<\/div><\/div><div class=\"et_pb_image_1 et_pb_image et_pb_module et_block_module\"><a href=\"https:\/\/assist.com.co\/en\/redhat-%e2%80%a2-assist\/red-hat-infraestructura-de-cloud\/\" target=\"_blank\"><span class=\"et_pb_image_wrap\"><img decoding=\"async\" src=\"https:\/\/assist.com.co\/wp-content\/uploads\/2019\/07\/infraestructura-red-hat.png\" \/><\/span><\/a><\/div><\/div><div class=\"et_pb_column_4 et_pb_column et_pb_column_1_3 et-last-child et_block_column et_pb_css_mix_blend_mode_passthrough\"><div class=\"et_pb_text_4 et_pb_text et_pb_bg_layout_light et_pb_module et_block_module\"><div class=\"et_pb_text_inner\"><h2 style=\"text-align: center;\"><span style=\"font-family: Verdana;\"><strong><span style=\"color: #0C101C;\">Crea aplicaciones nativas de la nube<\/span><\/strong><\/span><\/h2>\n<\/div><\/div><div class=\"et_pb_image_2 et_pb_image et_pb_module et_block_module\"><a href=\"https:\/\/assist.com.co\/en\/redhat-%e2%80%a2-assist\/red-hat-apps-nativas-de-la-nube\/\" target=\"_blank\"><span class=\"et_pb_image_wrap\"><img decoding=\"async\" src=\"https:\/\/assist.com.co\/wp-content\/uploads\/2019\/07\/creapps-red-hat.png\" \/><\/span><\/a><\/div><\/div><\/div><div class=\"et_pb_row_3 et_pb_row et_pb_row_4col et_block_row et_block_row_4col et_animated\"><div class=\"et_pb_column_5 et_pb_column et_pb_column_1_4 et_block_column et_pb_column_empty et_pb_css_mix_blend_mode_passthrough\"><\/div><div class=\"et_pb_column_6 et_pb_column et_pb_column_1_4 et_block_column et_pb_css_mix_blend_mode_passthrough\"><div class=\"et_pb_text_5 et_pb_text et_pb_bg_layout_light et_pb_module et_block_module\"><div class=\"et_pb_text_inner\"><h2 style=\"text-align: center;\"><span style=\"font-family: Verdana; font-weight: normal;\"><strong><span style=\"color: #0C101C;\">Optimiza tu TI<\/span><\/strong><\/span><\/h2>\n<\/div><\/div><div class=\"et_pb_image_3 et_pb_image et_pb_module et_block_module\"><a href=\"https:\/\/assist.com.co\/en\/redhat-\u2022-assist\/red-hat-optimizacion\/\" target=\"_blank\"><span class=\"et_pb_image_wrap\"><img decoding=\"async\" src=\"https:\/\/assist.com.co\/wp-content\/uploads\/2019\/07\/optimiza-red-hat.png\" \/><\/span><\/a><\/div><\/div><div class=\"et_pb_column_7 et_pb_column et_pb_column_1_4 et_block_column et_pb_css_mix_blend_mode_passthrough\"><div class=\"et_pb_text_6 et_pb_text et_pb_bg_layout_light et_pb_module et_block_module\"><div class=\"et_pb_text_inner\"><h2 style=\"text-align: center;\"><span style=\"font-family: Verdana; font-weight: normal;\"><strong><span style=\"color: #0C101C;\">Automatiza tu TI<\/span><\/strong><\/span><\/h2>\n<\/div><\/div><div class=\"et_pb_image_4 et_pb_image et_pb_module et_block_module\"><a href=\"https:\/\/assist.com.co\/en\/redhat-%e2%80%a2-assist\/red-hat-automatizacion\/\" target=\"_blank\"><span class=\"et_pb_image_wrap\"><img decoding=\"async\" src=\"https:\/\/assist.com.co\/wp-content\/uploads\/2019\/07\/automatizs-red-hat-f.png\" \/><\/span><\/a><\/div><\/div><div class=\"et_pb_column_8 et_pb_column et_pb_column_1_4 et-last-child et_block_column et_pb_column_empty et_pb_css_mix_blend_mode_passthrough\"><\/div><\/div><\/div><div class=\"et_pb_section_3 et_pb_section et_section_regular et_block_section et_pb_section_parallax preset--module--divi-section--default\"><span class=\"et-pb-parallax-wrapper\"><span class=\"et-pb-parallax-background et-pb-parallax-background-module--divi-section-3\" style=\"background-image:url(https:\/\/assist.com.co\/wp-content\/uploads\/2025\/05\/pieza-email-BIAN-fondo-scaled.png)\"><\/span><\/span><div class=\"et_pb_row_4 et_pb_row et_block_row et_animated\"><div class=\"et_pb_column_9 et_pb_column et_pb_column_2_5 et_block_column et_pb_css_mix_blend_mode_passthrough\"><div class=\"et_pb_video_0 et_pb_video et_pb_module et_block_module\"><div class=\"et_pb_video_box\"><iframe loading=\"lazy\" title=\"Agile Integration \/ Integraci\u00f3n Agil\" width=\"1080\" height=\"608\" src=\"https:\/\/www.youtube.com\/embed\/GlQ1Qsg4ULE?feature=oembed\"  allow=\"accelerometer; autoplay; clipboard-write; encrypted-media; gyroscope; picture-in-picture; web-share\" referrerpolicy=\"strict-origin-when-cross-origin\" allowfullscreen><\/iframe><\/div><\/div><\/div><div class=\"et_pb_column_10 et_pb_column et_pb_column_3_5 et-last-child et_block_column et_pb_css_mix_blend_mode_passthrough\"><div class=\"et_pb_text_7 et_pb_text et_pb_bg_layout_light et_pb_module et_block_module\"><div class=\"et_pb_text_inner\"><h1><span style=\"font-size: xx-large; color: #ffffff;\"><strong><br \/>\u00bfPor qu\u00e9 realizar la integraci\u00f3n ahora?<\/strong><\/span><\/h1>\n<\/div><\/div><div class=\"et_pb_text_8 et_pb_text et_pb_bg_layout_light et_pb_module et_block_module\"><div class=\"et_pb_text_inner\"><p><span style=\"font-size: x-large; color: #FFF;\">Un enfoque \u00e1gil de integraci\u00f3n conecta diversas aplicaciones y fuentes de datos incorporando la integraci\u00f3n en todas las capas de su pila.<\/span><\/p>\n<\/div><\/div><\/div><\/div><\/div><div class=\"et_pb_section_4 et_pb_section et_section_regular et_block_section et_pb_section_parallax preset--module--divi-section--default\"><span class=\"et-pb-parallax-wrapper\"><span class=\"et-pb-parallax-background et-pb-parallax-background-module--divi-section-4\" style=\"background-image:url(https:\/\/assist.com.co\/wp-content\/uploads\/2019\/07\/banner-assist-redhat-qs2.jpg)\"><\/span><\/span><div class=\"et_pb_row_5 et_pb_row et_block_row et_animated\"><div class=\"et_pb_column_11 et_pb_column et_pb_column_4_4 et-last-child et_block_column et_pb_css_mix_blend_mode_passthrough\"><div class=\"et_pb_text_9 et_pb_text et_pb_bg_layout_light et_pb_module et_block_module\"><div class=\"et_pb_text_inner\"><h1><span style=\"font-size: xx-large; color: #ffffff;\"><strong>Desaf\u00edos entorno a la Integraci\u00f3n<br \/><\/strong><\/span><\/h1>\n<\/div><\/div><\/div><\/div><div class=\"et_pb_row_6 et_pb_row et_block_row et_animated\"><div class=\"et_pb_column_12 et_pb_column et_pb_column_3_5 et_block_column et_pb_css_mix_blend_mode_passthrough\"><div class=\"et_pb_text_10 et_pb_text et_pb_bg_layout_light et_pb_module et_block_module\"><div class=\"et_pb_text_inner\"><p style=\"text-align: left;\"><span style=\"font-size: x-large; color: #ffffff;\"><strong>Integrar de datos en apps<\/strong><\/span><\/p>\n<\/div><\/div><div class=\"et_pb_text_11 et_pb_text et_pb_bg_layout_light et_pb_module et_block_module\"><div class=\"et_pb_text_inner\"><h3 style=\"text-align: justify;\"><span style=\"font-size: x-large;\"><span style=\"color: #ffffff; font-family: Verdana;\">Integra y conecta todo tipo de nube, incorporando interfaces de programaci\u00f3n de aplicaciones, sistemas de transmisi\u00f3n de datos y servicios de mensajer\u00eda livianos; seg\u00fan su entorno.<\/span><\/span><\/h3>\n<\/div><\/div><\/div><div class=\"et_pb_column_13 et_pb_column et_pb_column_2_5 et-last-child et_block_column et_pb_css_mix_blend_mode_passthrough\"><div class=\"et_pb_image_5 et_pb_image et_pb_module et_block_module\"><span class=\"et_pb_image_wrap\"><img decoding=\"async\" src=\"https:\/\/assist.com.co\/wp-content\/uploads\/2019\/07\/red-datapp.gif\" \/><\/span><\/div><\/div><\/div><div class=\"et_pb_row_7 et_pb_row et_block_row et_animated\"><div class=\"et_pb_column_14 et_pb_column et_pb_column_3_5 et_block_column et_pb_css_mix_blend_mode_passthrough\"><div class=\"et_pb_text_12 et_pb_text et_pb_bg_layout_light et_pb_module et_block_module\"><div class=\"et_pb_text_inner\"><p style=\"text-align: left;\"><span style=\"font-size: x-large; color: #ffffff;\"><strong>Utiliza datos para tomar mejores decisiones<\/strong><\/span><\/p>\n<\/div><\/div><div class=\"et_pb_text_13 et_pb_text et_pb_bg_layout_light et_pb_module et_block_module\"><div class=\"et_pb_text_inner\"><h3 style=\"text-align: justify;\"><span style=\"font-size: x-large;\"><span style=\"color: #ffffff; font-family: Verdana;\">Gracias a una l\u00f3gica empresarial adecuada e integrada, nuestra soluci\u00f3n automatiza procesos e identifica los datos \u00fatiles ejecutando de forma instant\u00e1nea y consistente las tareas complejas que mejoran la experiencia de sus clientes.<\/span><\/span><\/h3>\n<\/div><\/div><\/div><div class=\"et_pb_column_15 et_pb_column et_pb_column_2_5 et-last-child et_block_column et_pb_css_mix_blend_mode_passthrough\"><div class=\"et_pb_image_6 et_pb_image et_pb_module et_block_module\"><span class=\"et_pb_image_wrap\"><img decoding=\"async\" src=\"https:\/\/assist.com.co\/wp-content\/uploads\/2019\/07\/red-datamejor.gif\" \/><\/span><\/div><\/div><\/div><\/div><div class=\"et_pb_section_5 et_pb_section et_section_regular et_block_section et_pb_section_parallax preset--module--divi-section--default\"><span class=\"et-pb-parallax-wrapper\"><span class=\"et-pb-parallax-background et-pb-parallax-background-module--divi-section-5\" style=\"background-image:url(https:\/\/assist.com.co\/wp-content\/uploads\/2019\/07\/banner-assist-redhat-qs.jpg)\"><\/span><\/span><div class=\"et_pb_row_8 et_pb_row et_block_row\"><div class=\"et_pb_column_16 et_pb_column et_pb_column_1_2 et_block_column et_pb_css_mix_blend_mode_passthrough\"><div class=\"et_pb_text_14 et_pb_text et_pb_bg_layout_dark et_pb_module et_block_module\"><div class=\"et_pb_text_inner\"><h1 class=\"heading-title\">Contact us through this medium and receive personalized advice.<\/h1>\n<p>&nbsp;<\/p>\n<\/div><\/div><\/div><div class=\"et_pb_column_17 et_pb_column et_pb_column_1_2 et-last-child et_block_column et_pb_css_mix_blend_mode_passthrough\"><div class=\"et_pb_contact_form_0 et_pb_contact_form_container clearfix et_pb_module et_flex_module\" data-form_unique_num=\"0\" data-form_unique_id=\"7067d836e5cc6b8d0df5f1ee01accc26\" id=\"et_pb_contact_form_0\"><div class=\"et-pb-contact-message\"><\/div><div class=\"et_pb_contact\"><form class=\"et_pb_contact_form et_flex_module\" method=\"post\" action=\"https:\/\/assist.com.co\/en\/wp-json\/wp\/v2\/pages\/4172\" data-trp-original-action=\"https:\/\/assist.com.co\/en\/wp-json\/wp\/v2\/pages\/4172\"><div class=\"et_pb_contact_field_0 et_pb_contact_field et_pb_module et_flex_module et_flex_column_12_24 et_flex_column_12_24_tablet et_flex_column_12_24_phone\" data-id=\"nombre\" data-type=\"input\"><label class=\"et_pb_contact_form_label\">Name<\/label><input type=\"text\" name=\"et_pb_contact_0_nombre_0\" id=\"et_pb_contact_0_nombre_0\" class=\"input\" data-required_mark=\"required\" data-field_type=\"input\" data-original_id=\"nombre\" placeholder=\"Name\" title=\"\" value=\"\" \/><\/div><div class=\"et_pb_contact_field_1 et_pb_contact_field et_pb_module et_flex_module et_flex_column_12_24 et_flex_column_12_24_tablet et_flex_column_12_24_phone\" data-id=\"empresa\" data-type=\"input\"><label class=\"et_pb_contact_form_label\">Enterprise<\/label><input type=\"text\" name=\"et_pb_contact_0_empresa_1\" id=\"et_pb_contact_0_empresa_1\" class=\"input\" data-required_mark=\"required\" data-field_type=\"input\" data-original_id=\"empresa\" placeholder=\"Enterprise\" title=\"\" value=\"\" \/><\/div><div class=\"et_pb_contact_field_2 et_pb_contact_field et_pb_module et_flex_module et_flex_column_24_24 et_flex_column_24_24_tablet et_flex_column_24_24_phone\" data-id=\"telefono\" data-type=\"input\"><label class=\"et_pb_contact_form_label\">Phone<\/label><input type=\"text\" name=\"et_pb_contact_0_telefono_2\" id=\"et_pb_contact_0_telefono_2\" class=\"input\" data-required_mark=\"required\" data-field_type=\"input\" data-original_id=\"telefono\" placeholder=\"Phone\" title=\"\" value=\"\" \/><\/div><div class=\"et_pb_contact_field_3 et_pb_contact_field et_pb_module et_flex_module et_flex_column_12_24 et_flex_column_12_24_tablet et_flex_column_12_24_phone\" data-id=\"cargo\" data-type=\"input\"><label class=\"et_pb_contact_form_label\">Position<\/label><input type=\"text\" name=\"et_pb_contact_0_cargo_3\" id=\"et_pb_contact_0_cargo_3\" class=\"input\" data-required_mark=\"required\" data-field_type=\"input\" data-original_id=\"cargo\" placeholder=\"Position\" title=\"\" value=\"\" \/><\/div><div class=\"et_pb_contact_field_4 et_pb_contact_field et_pb_module et_flex_module et_flex_column_12_24 et_flex_column_12_24_tablet et_flex_column_12_24_phone\" data-id=\"correo\" data-type=\"email\"><label class=\"et_pb_contact_form_label\">Mail<\/label><input type=\"text\" name=\"et_pb_contact_0_correo_4\" id=\"et_pb_contact_0_correo_4\" class=\"input\" data-required_mark=\"required\" data-field_type=\"email\" data-original_id=\"correo\" placeholder=\"Mail\" title=\"\" value=\"\" \/><\/div><div class=\"et_pb_contact_field_5 et_pb_contact_field et_pb_module et_flex_module et_flex_column_24_24 et_flex_column_24_24_tablet et_flex_column_24_24_phone\" data-id=\"mensaje\" data-type=\"text\"><label class=\"et_pb_contact_form_label\">Message<\/label><textarea name=\"et_pb_contact_0_mensaje_5\" id=\"et_pb_contact_0_mensaje_5\" class=\"et_pb_contact_message input\" data-required_mark=\"required\" data-field_type=\"text\" data-original_id=\"mensaje\" placeholder=\"Message\"><\/textarea><\/div><input type=\"hidden\" name=\"et_pb_contactform_submit_7067d836e5cc6b8d0df5f1ee01accc26\" value=\"et_contact_proccess\" \/><div class=\"et_contact_bottom_container\"><div class=\"et_pb_contact_right et_pb_contact_field\"><p class=\"clearfix\"><span class=\"et_pb_contact_captcha_question\">9 + 3<\/span> = <input type=\"text\" size=\"2\" class=\"input et_pb_contact_captcha\" data-first_digit=\"9\" data-second_digit=\"3\" data-required_mark=\"required\" name=\"et_pb_contact_captcha_7067d836e5cc6b8d0df5f1ee01accc26\" autocomplete=\"off\" \/><\/p><\/div><div class=\"et_pb_button_wrapper\"><button type=\"submit\" name=\"et_builder_submit_button\" class=\"et_pb_button et_pb_contact_submit\">SEND<\/button><\/div><\/div><input type=\"hidden\" id=\"_wpnonce-et-pb-contact-form-submitted-7067d836e5cc6b8d0df5f1ee01accc26\" name=\"_wpnonce-et-pb-contact-form-submitted-7067d836e5cc6b8d0df5f1ee01accc26\" value=\"aa60a78e17\" \/><input type=\"hidden\" name=\"_wp_http_referer\" value=\"\/en\/wp-json\/wp\/v2\/pages\/4172\" \/><input type=\"hidden\" name=\"trp-form-language\" value=\"en\"\/><\/form><\/div><\/div><\/div><\/div><\/div>","protected":false},"excerpt":{"rendered":"","protected":false},"author":1,"featured_media":0,"parent":4054,"menu_order":0,"comment_status":"closed","ping_status":"closed","template":"","meta":{"inline_featured_image":false,"footnotes":""},"class_list":["post-4172","page","type-page","status-publish","hentry"],"yoast_head":"<!-- This site is optimized with the Yoast SEO Premium plugin v25.2 (Yoast SEO v27.3) - https:\/\/yoast.com\/product\/yoast-seo-premium-wordpress\/ -->\n<title>Red hat: Integraci\u00f3n - Assist Consultores<\/title>\n<meta name=\"robots\" content=\"index, follow, max-snippet:-1, max-image-preview:large, max-video-preview:-1\" \/>\n<link rel=\"canonical\" href=\"https:\/\/assist.com.co\/en\/redhat-assist\/red-hat-integracion\/\" \/>\n<meta property=\"og:locale\" content=\"en_US\" \/>\n<meta property=\"og:type\" content=\"article\" \/>\n<meta property=\"og:title\" content=\"Red hat: Integraci\u00f3n\" \/>\n<meta property=\"og:url\" content=\"https:\/\/assist.com.co\/en\/redhat-assist\/red-hat-integracion\/\" \/>\n<meta property=\"og:site_name\" content=\"Assist Consultores\" \/>\n<meta property=\"article:modified_time\" content=\"2026-02-25T15:31:23+00:00\" \/>\n<meta name=\"twitter:card\" content=\"summary_large_image\" \/>\n<script type=\"application\/ld+json\" class=\"yoast-schema-graph\">{\"@context\":\"https:\\\/\\\/schema.org\",\"@graph\":[{\"@type\":\"WebPage\",\"@id\":\"https:\\\/\\\/assist.com.co\\\/redhat-assist\\\/red-hat-integracion\\\/\",\"url\":\"https:\\\/\\\/assist.com.co\\\/redhat-assist\\\/red-hat-integracion\\\/\",\"name\":\"Red hat: Integraci\u00f3n - Assist Consultores\",\"isPartOf\":{\"@id\":\"https:\\\/\\\/assist.com.co\\\/#website\"},\"datePublished\":\"2019-07-25T21:32:37+00:00\",\"dateModified\":\"2026-02-25T15:31:23+00:00\",\"breadcrumb\":{\"@id\":\"https:\\\/\\\/assist.com.co\\\/redhat-assist\\\/red-hat-integracion\\\/#breadcrumb\"},\"inLanguage\":\"en-US\",\"potentialAction\":[{\"@type\":\"ReadAction\",\"target\":[\"https:\\\/\\\/assist.com.co\\\/redhat-assist\\\/red-hat-integracion\\\/\"]}]},{\"@type\":\"BreadcrumbList\",\"@id\":\"https:\\\/\\\/assist.com.co\\\/redhat-assist\\\/red-hat-integracion\\\/#breadcrumb\",\"itemListElement\":[{\"@type\":\"ListItem\",\"position\":1,\"name\":\"Home\",\"item\":\"https:\\\/\\\/assist.com.co\\\/\"},{\"@type\":\"ListItem\",\"position\":2,\"name\":\"REDHAT \u2022 Assist\",\"item\":\"https:\\\/\\\/assist.com.co\\\/redhat-assist\\\/\"},{\"@type\":\"ListItem\",\"position\":3,\"name\":\"Red hat: Integraci\u00f3n\"}]},{\"@type\":\"WebSite\",\"@id\":\"https:\\\/\\\/assist.com.co\\\/#website\",\"url\":\"https:\\\/\\\/assist.com.co\\\/\",\"name\":\"Assist Consultores\",\"description\":\"Transformando Capacidades Empresariales en Sistemas Innovadores\",\"potentialAction\":[{\"@type\":\"SearchAction\",\"target\":{\"@type\":\"EntryPoint\",\"urlTemplate\":\"https:\\\/\\\/assist.com.co\\\/?s={search_term_string}\"},\"query-input\":{\"@type\":\"PropertyValueSpecification\",\"valueRequired\":true,\"valueName\":\"search_term_string\"}}],\"inLanguage\":\"en-US\"}]}<\/script>\n<!-- \/ Yoast SEO Premium plugin. -->","yoast_head_json":{"title":"Red hat: Integraci\u00f3n - Assist Consultores","robots":{"index":"index","follow":"follow","max-snippet":"max-snippet:-1","max-image-preview":"max-image-preview:large","max-video-preview":"max-video-preview:-1"},"canonical":"https:\/\/assist.com.co\/en\/redhat-assist\/red-hat-integracion\/","og_locale":"en_US","og_type":"article","og_title":"Red hat: Integraci\u00f3n","og_url":"https:\/\/assist.com.co\/en\/redhat-assist\/red-hat-integracion\/","og_site_name":"Assist Consultores","article_modified_time":"2026-02-25T15:31:23+00:00","twitter_card":"summary_large_image","schema":{"@context":"https:\/\/schema.org","@graph":[{"@type":"WebPage","@id":"https:\/\/assist.com.co\/redhat-assist\/red-hat-integracion\/","url":"https:\/\/assist.com.co\/redhat-assist\/red-hat-integracion\/","name":"Red hat: Integraci\u00f3n - Assist Consultores","isPartOf":{"@id":"https:\/\/assist.com.co\/#website"},"datePublished":"2019-07-25T21:32:37+00:00","dateModified":"2026-02-25T15:31:23+00:00","breadcrumb":{"@id":"https:\/\/assist.com.co\/redhat-assist\/red-hat-integracion\/#breadcrumb"},"inLanguage":"en-US","potentialAction":[{"@type":"ReadAction","target":["https:\/\/assist.com.co\/redhat-assist\/red-hat-integracion\/"]}]},{"@type":"BreadcrumbList","@id":"https:\/\/assist.com.co\/redhat-assist\/red-hat-integracion\/#breadcrumb","itemListElement":[{"@type":"ListItem","position":1,"name":"Home","item":"https:\/\/assist.com.co\/"},{"@type":"ListItem","position":2,"name":"REDHAT \u2022 Assist","item":"https:\/\/assist.com.co\/redhat-assist\/"},{"@type":"ListItem","position":3,"name":"Red hat: Integraci\u00f3n"}]},{"@type":"WebSite","@id":"https:\/\/assist.com.co\/#website","url":"https:\/\/assist.com.co\/","name":"Assist Consultores","description":"Transformando Capacidades Empresariales en Sistemas Innovadores","potentialAction":[{"@type":"SearchAction","target":{"@type":"EntryPoint","urlTemplate":"https:\/\/assist.com.co\/?s={search_term_string}"},"query-input":{"@type":"PropertyValueSpecification","valueRequired":true,"valueName":"search_term_string"}}],"inLanguage":"en-US"}]}},"_links":{"self":[{"href":"https:\/\/assist.com.co\/en\/wp-json\/wp\/v2\/pages\/4172","targetHints":{"allow":["GET"]}}],"collection":[{"href":"https:\/\/assist.com.co\/en\/wp-json\/wp\/v2\/pages"}],"about":[{"href":"https:\/\/assist.com.co\/en\/wp-json\/wp\/v2\/types\/page"}],"author":[{"embeddable":true,"href":"https:\/\/assist.com.co\/en\/wp-json\/wp\/v2\/users\/1"}],"replies":[{"embeddable":true,"href":"https:\/\/assist.com.co\/en\/wp-json\/wp\/v2\/comments?post=4172"}],"version-history":[{"count":1,"href":"https:\/\/assist.com.co\/en\/wp-json\/wp\/v2\/pages\/4172\/revisions"}],"predecessor-version":[{"id":24148,"href":"https:\/\/assist.com.co\/en\/wp-json\/wp\/v2\/pages\/4172\/revisions\/24148"}],"up":[{"embeddable":true,"href":"https:\/\/assist.com.co\/en\/wp-json\/wp\/v2\/pages\/4054"}],"wp:attachment":[{"href":"https:\/\/assist.com.co\/en\/wp-json\/wp\/v2\/media?parent=4172"}],"curies":[{"name":"wp","href":"https:\/\/api.w.org\/{rel}","templated":true}]}}