{"id":749,"date":"2018-09-28T22:33:53","date_gmt":"2018-09-28T22:33:53","guid":{"rendered":"https:\/\/assist.com.co\/?page_id=749"},"modified":"2026-02-25T15:27:22","modified_gmt":"2026-02-25T15:27:22","slug":"automatizacion-de-procesos-para-tu-negocio","status":"publish","type":"page","link":"https:\/\/assist.com.co\/en\/automatizacion-de-procesos-para-tu-negocio\/","title":{"rendered":"Automatizaci\u00f3n de Procesos"},"content":{"rendered":"<div class=\"et_pb_section_0 et_pb_section et_pb_fullwidth_section et_section_regular et_block_section\"><div class=\"et_pb_fullwidth_code_0 et_pb_fullwidth_code et_pb_module\"><div class=\"et_pb_code_inner\">[rev_slider alias=\"automatizacion-de-procesos\"]<\/div><\/div><\/div><div class=\"et_pb_section_1 et_pb_section et_section_regular et_block_section preset--module--divi-section--default\"><div class=\"et_pb_row_0 et_pb_row et_block_row\"><div class=\"et_pb_column_0 et_pb_column et_pb_column_1_3 et_block_column et_pb_css_mix_blend_mode_passthrough\"><div class=\"et_pb_text_0 et_pb_text et_pb_bg_layout_light et_pb_module et_block_module\"><div class=\"et_pb_text_inner\"><h1><strong><span>\u25ba<\/span><\/strong><br \/>\u00bfC\u00f3mo lo Hacemos?<\/h1>\n<\/div><\/div><\/div><div class=\"et_pb_column_1 et_pb_column et_pb_column_2_3 et-last-child et_block_column et_pb_css_mix_blend_mode_passthrough\"><div class=\"et_pb_text_1 et_pb_text et_pb_bg_layout_light et_pb_module et_block_module\"><div class=\"et_pb_text_inner\"><p><span style=\"font-weight: 400;\">Nuestro servicio BPM se enfoca a una disciplina orientada a los procesos de negocio, pero realizando un enfoque integral entre procesos, personas y tecnolog\u00edas de la informaci\u00f3n.\u200b<\/span><span style=\"font-weight: 400;\"><br \/><\/span><span style=\"font-weight: 400;\">-Consultor\u00eda en An\u00e1lisis de madurez de los procesos en la organizaci\u00f3n<\/span><span style=\"font-weight: 400;\"><br \/><\/span><span style=\"font-weight: 400;\">-Consultor\u00eda en Alineaci\u00f3n Estrat\u00e9gica con BPM<\/span><span style=\"font-weight: 400;\"><br \/><\/span><span style=\"font-weight: 400;\">-Consultor\u00eda en Gobernabilidad en BPM<\/span><span style=\"font-weight: 400;\"><br \/><\/span><span style=\"font-weight: 400;\">-Consultor\u00eda en Implementaci\u00f3n de BPM con Metodolog\u00eda de Victorias tempranas<\/span><span style=\"font-weight: 400;\"><br \/><\/span><span style=\"font-weight: 400;\">-Consultor\u00eda en Dise\u00f1o de tableros de control<\/span><span style=\"font-weight: 400;\"><br \/><\/span><span style=\"font-weight: 400;\">-Consultor\u00eda en Capacitaciones en educaci\u00f3n y aprendizaje de procesos, colaboraci\u00f3n y comunicaciones, formar l\u00edderes de gesti\u00f3n de procesos<\/span><span style=\"font-weight: 400;\"><br \/><\/span><span style=\"font-weight: 400;\">-Consultor\u00eda en Capacitaci\u00f3n en Metodolog\u00eda Victorias Tempranas.<\/span><b><br \/><\/b><\/p>\n<\/div><\/div><\/div><\/div><\/div><div class=\"et_pb_section_2 et_pb_section et_section_regular et_block_section et_pb_section_parallax preset--module--divi-section--default\"><span class=\"et-pb-parallax-wrapper\"><span class=\"et-pb-parallax-background et-pb-parallax-background-module--divi-section-2\" style=\"background-image:url(https:\/\/assist.com.co\/wp-content\/uploads\/2018\/10\/fondo-49.jpg)\"><\/span><\/span><div class=\"et_pb_row_1 et_pb_row et_block_row\"><div class=\"et_pb_column_2 et_pb_column et_pb_column_2_3 et_block_column et_pb_css_mix_blend_mode_passthrough\"><div class=\"et_pb_text_2 et_pb_text et_pb_bg_layout_dark et_pb_module et_block_module\"><div class=\"et_pb_text_inner\"><h1><strong><span>\u25ba<\/span><\/strong><\/h1>\n<h1><strong><br \/>Prop\u00f3sito<\/strong><\/h1>\n<\/div><\/div><div class=\"et_pb_text_3 et_pb_text et_pb_bg_layout_dark et_pb_module et_block_module\"><div class=\"et_pb_text_inner\"><p><span style=\"font-weight: 400;\">Implementar metodolog\u00edas efectivas en las organizaciones, identificando cada riesgo y dise\u00f1ando estrategias eficaces que puedan documentar cada proceso presentado en la organizaci\u00f3n.<\/span><b><br \/><\/b><\/p>\n<\/div><\/div><\/div><div class=\"et_pb_column_3 et_pb_column et_pb_column_1_3 et-last-child et_block_column et_pb_css_mix_blend_mode_passthrough\"><div class=\"et_pb_image_0 et_pb_image et_animated et_pb_module et_block_module\"><span class=\"et_pb_image_wrap\"><img decoding=\"async\" src=\"https:\/\/assist.com.co\/wp-content\/uploads\/2018\/10\/target-1.svg\" \/><\/span><\/div><\/div><\/div><\/div><div class=\"et_pb_section_3 et_pb_section et_section_regular et_block_section preset--module--divi-section--default\"><div class=\"et_pb_row_2 et_pb_row et_block_row\"><div class=\"et_pb_column_4 et_pb_column et_pb_column_3_4 et_block_column et_pb_css_mix_blend_mode_passthrough\"><div class=\"et_pb_text_4 et_pb_text et_pb_bg_layout_light et_pb_module et_block_module\"><div class=\"et_pb_text_inner\"><h1>\u00bfQu\u00e9 es?<\/h1>\n<\/div><\/div><div class=\"et_pb_text_5 et_pb_text et_pb_bg_layout_light et_pb_module et_block_module\"><div class=\"et_pb_text_inner\"><p><span style=\"font-weight: 400;\">La Gesti\u00f3n de Procesos de Negocio traducido de Business Process Management o B.P.M. Es una pr\u00e1ctica tecnol\u00f3gica enfocada en la gesti\u00f3n la eficiencia y la optimizaci\u00f3n de los procesos organizacionales, a trav\u00e9s de la <\/span><i><span style=\"font-weight: 400;\">gesti\u00f3n de <\/span><\/i><span style=\"font-weight: 400;\">dise\u00f1o, modelado, monitoreo, documentaci\u00f3n y optimizaci\u00f3n de manera continua.<\/span>\u00a0<\/p>\n<\/div><\/div><\/div><div class=\"et_pb_column_5 et_pb_column et_pb_column_1_4 et-last-child et_block_column et_pb_css_mix_blend_mode_passthrough\"><div class=\"et_pb_image_1 et_pb_image et_pb_module et_block_module\"><span class=\"et_pb_image_wrap\"><img decoding=\"async\" src=\"https:\/\/assist.com.co\/wp-content\/uploads\/2018\/10\/robotic-arm.svg\" \/><\/span><\/div><\/div><\/div><\/div><div class=\"et_pb_section_4 et_pb_section et_section_regular et_block_section et_pb_section_parallax preset--module--divi-section--default\"><span class=\"et-pb-parallax-wrapper\"><span class=\"et-pb-parallax-background et-pb-parallax-background-module--divi-section-4\" style=\"background-image:url(https:\/\/assist.com.co\/wp-content\/uploads\/2018\/10\/fondo-49.jpg)\"><\/span><\/span><div class=\"et_pb_row_3 et_pb_row et_block_row\"><div class=\"et_pb_column_6 et_pb_column et_pb_column_4_4 et-last-child et_block_column et_pb_css_mix_blend_mode_passthrough\"><div class=\"et_pb_text_6 et_pb_text et_pb_bg_layout_light et_pb_module et_block_module et_pb_text_align_center\"><div class=\"et_pb_text_inner\"><h1>BENEFICIOS<\/h1>\n<\/div><\/div><\/div><\/div><div class=\"et_pb_row_4 et_pb_row et_block_row\"><div class=\"et_pb_column_7 et_pb_column et_pb_column_1_4 et_block_column et_pb_css_mix_blend_mode_passthrough\"><div class=\"et_pb_text_7 et_pb_text et_pb_bg_layout_light et_pb_module et_block_module\"><div class=\"et_pb_text_inner\"><h2><span style=\"color: #ffffff;\"><span>\u25b6<\/span><br \/> <\/span><\/h2>\n<\/div><\/div><div class=\"et_pb_text_8 et_pb_text et_pb_bg_layout_light et_pb_module et_block_module\"><div class=\"et_pb_text_inner\"><p><span style=\"color: #ffffff;\">Buscamos identificar, dise\u00f1ar, ejecutar, documentar, monitorear, controlar y medir los procesos de negocios que una organizaci\u00f3n implementa.<\/span><\/p>\n<\/div><\/div><\/div><div class=\"et_pb_column_8 et_pb_column et_pb_column_1_4 et_block_column et_pb_css_mix_blend_mode_passthrough\"><div class=\"et_pb_text_9 et_pb_text et_pb_bg_layout_light et_pb_module et_block_module\"><div class=\"et_pb_text_inner\"><h2><span style=\"color: #ffffff;\"><span>\u25b6<\/span><br \/> <\/span><\/h2>\n<\/div><\/div><div class=\"et_pb_text_10 et_pb_text et_pb_bg_layout_light et_pb_module et_block_module\"><div class=\"et_pb_text_inner\"><p><span style=\"color: #ffffff;\">El enfoque contempla tanto procesos manuales como automatizados y no se orienta a una implementaci\u00f3n de software.\u200b<\/span><\/p>\n<\/div><\/div><\/div><div class=\"et_pb_column_9 et_pb_column et_pb_column_1_4 et_block_column et_pb_css_mix_blend_mode_passthrough\"><div class=\"et_pb_text_11 et_pb_text et_pb_bg_layout_light et_pb_module et_block_module\"><div class=\"et_pb_text_inner\"><h2><span style=\"color: #ffffff;\"><span>\u25b6<\/span><br \/> <\/span><\/h2>\n<\/div><\/div><div class=\"et_pb_text_12 et_pb_text et_pb_bg_layout_light et_pb_module et_block_module\"><div class=\"et_pb_text_inner\"><p><span style=\"color: #ffffff;\">Algo importante a tener presente es que BPM no es una tecnolog\u00eda de software, pero se apoya y hace uso de las mismas para su implementaci\u00f3n efectiva<\/span><b><span>.<\/span><\/b><\/p>\n<\/div><\/div><\/div><div class=\"et_pb_column_10 et_pb_column et_pb_column_1_4 et-last-child et_block_column et_pb_css_mix_blend_mode_passthrough\"><div class=\"et_pb_text_13 et_pb_text et_pb_bg_layout_light et_pb_module et_block_module\"><div class=\"et_pb_text_inner\"><h2><span style=\"color: #ffffff;\"><span>\u25b6<\/span><br \/> <\/span><\/h2>\n<\/div><\/div><div class=\"et_pb_text_14 et_pb_text et_pb_bg_layout_light et_pb_module et_block_module\"><div class=\"et_pb_text_inner\"><p><span style=\"color: #ffffff;\">Dependiendo del uso del enfoque y su aplicaci\u00f3n, BPM puede verse como una metodolog\u00eda, como una herramienta estrat\u00e9gica o bien como conjunto de herramientas tecnol\u00f3gicas, no existe definici\u00f3n precisa, todo depende del prisma que utilicemos para ver la realidad.\u200b<\/span><\/p>\n<\/div><\/div><\/div><\/div><\/div><div class=\"et_pb_section_5 et_pb_section et_section_regular et_block_section et_pb_section_parallax preset--module--divi-section--default\"><span class=\"et-pb-parallax-wrapper\"><span class=\"et-pb-parallax-background et-pb-parallax-background-module--divi-section-5\" style=\"background-image:url(https:\/\/assist.com.co\/wp-content\/uploads\/2018\/06\/space-background-compressor.jpg)\"><\/span><\/span><div class=\"et_pb_row_5 et_pb_row et_block_row\"><div class=\"et_pb_column_11 et_pb_column et_pb_column_1_2 et_block_column et_pb_css_mix_blend_mode_passthrough\"><div class=\"et_pb_text_15 et_pb_text et_pb_bg_layout_dark et_pb_module et_block_module\"><div class=\"et_pb_text_inner\"><h1 class=\"heading-title\">Promovemos la Transformaci\u00f3n Digital en su Empresa<\/h1>\n<\/div><\/div><div class=\"et_pb_text_16 et_pb_text et_pb_bg_layout_dark et_pb_module et_block_module\"><div class=\"et_pb_text_inner\"><p>Contacte con nosotros para recibir asesor\u00eda personalizada.<\/p>\n<\/div><\/div><\/div><div class=\"et_pb_column_12 et_pb_column et_pb_column_1_2 et-last-child et_block_column et_pb_css_mix_blend_mode_passthrough\"><div class=\"et_pb_code_0 et_pb_code et_pb_module\"><div class=\"et_pb_code_inner\">\t[wpforms id=\"2172\"]<\/div><\/div><\/div><\/div><\/div>","protected":false},"excerpt":{"rendered":"","protected":false},"author":1,"featured_media":0,"parent":0,"menu_order":0,"comment_status":"closed","ping_status":"closed","template":"","meta":{"inline_featured_image":false,"footnotes":""},"class_list":["post-749","page","type-page","status-publish","hentry"],"yoast_head":"<!-- This site is optimized with the Yoast SEO Premium plugin v25.2 (Yoast SEO v27.4) - https:\/\/yoast.com\/product\/yoast-seo-premium-wordpress\/ -->\n<title>Automatizaci\u00f3n de Procesos para la mejora continua - Assist Consultores<\/title>\n<meta name=\"description\" content=\"Automatiza los procesos de tu negocio a trav\u00e9s del software para una mejora continua adem\u00e1s de crear un despliegue de actividades m\u00e1s r\u00e1pido.\" \/>\n<meta name=\"robots\" content=\"index, follow, max-snippet:-1, max-image-preview:large, max-video-preview:-1\" \/>\n<link rel=\"canonical\" href=\"https:\/\/assist.com.co\/en\/automatizacion-de-procesos-para-tu-negocio\/\" \/>\n<meta property=\"og:locale\" content=\"en_US\" \/>\n<meta property=\"og:type\" content=\"article\" \/>\n<meta property=\"og:title\" content=\"Automatizaci\u00f3n de Procesos\" \/>\n<meta property=\"og:description\" content=\"Automatiza los procesos de tu negocio a trav\u00e9s del software para una mejora continua adem\u00e1s de crear un despliegue de actividades m\u00e1s r\u00e1pido.\" \/>\n<meta property=\"og:url\" content=\"https:\/\/assist.com.co\/en\/automatizacion-de-procesos-para-tu-negocio\/\" \/>\n<meta property=\"og:site_name\" content=\"Assist Consultores\" \/>\n<meta property=\"article:modified_time\" content=\"2026-02-25T15:27:22+00:00\" \/>\n<meta name=\"twitter:card\" content=\"summary_large_image\" \/>\n<meta name=\"twitter:label1\" content=\"Est. reading time\" \/>\n\t<meta name=\"twitter:data1\" content=\"3 minutes\" \/>\n<script type=\"application\/ld+json\" class=\"yoast-schema-graph\">{\"@context\":\"https:\\\/\\\/schema.org\",\"@graph\":[{\"@type\":\"WebPage\",\"@id\":\"https:\\\/\\\/assist.com.co\\\/automatizacion-de-procesos-para-tu-negocio\\\/\",\"url\":\"https:\\\/\\\/assist.com.co\\\/automatizacion-de-procesos-para-tu-negocio\\\/\",\"name\":\"Automatizaci\u00f3n de Procesos para la mejora continua - Assist Consultores\",\"isPartOf\":{\"@id\":\"https:\\\/\\\/assist.com.co\\\/#website\"},\"datePublished\":\"2018-09-28T22:33:53+00:00\",\"dateModified\":\"2026-02-25T15:27:22+00:00\",\"description\":\"Automatiza los procesos de tu negocio a trav\u00e9s del software para una mejora continua adem\u00e1s de crear un despliegue de actividades m\u00e1s r\u00e1pido.\",\"breadcrumb\":{\"@id\":\"https:\\\/\\\/assist.com.co\\\/automatizacion-de-procesos-para-tu-negocio\\\/#breadcrumb\"},\"inLanguage\":\"en-US\",\"potentialAction\":[{\"@type\":\"ReadAction\",\"target\":[\"https:\\\/\\\/assist.com.co\\\/automatizacion-de-procesos-para-tu-negocio\\\/\"]}]},{\"@type\":\"BreadcrumbList\",\"@id\":\"https:\\\/\\\/assist.com.co\\\/automatizacion-de-procesos-para-tu-negocio\\\/#breadcrumb\",\"itemListElement\":[{\"@type\":\"ListItem\",\"position\":1,\"name\":\"Home\",\"item\":\"https:\\\/\\\/assist.com.co\\\/\"},{\"@type\":\"ListItem\",\"position\":2,\"name\":\"Automatizaci\u00f3n de Procesos\"}]},{\"@type\":\"WebSite\",\"@id\":\"https:\\\/\\\/assist.com.co\\\/#website\",\"url\":\"https:\\\/\\\/assist.com.co\\\/\",\"name\":\"Assist Consultores\",\"description\":\"Transformando Capacidades Empresariales en Sistemas Innovadores\",\"potentialAction\":[{\"@type\":\"SearchAction\",\"target\":{\"@type\":\"EntryPoint\",\"urlTemplate\":\"https:\\\/\\\/assist.com.co\\\/?s={search_term_string}\"},\"query-input\":{\"@type\":\"PropertyValueSpecification\",\"valueRequired\":true,\"valueName\":\"search_term_string\"}}],\"inLanguage\":\"en-US\"}]}<\/script>\n<!-- \/ Yoast SEO Premium plugin. -->","yoast_head_json":{"title":"Automatizaci\u00f3n de Procesos para la mejora continua - Assist Consultores","description":"Automatiza los procesos de tu negocio a trav\u00e9s del software para una mejora continua adem\u00e1s de crear un despliegue de actividades m\u00e1s r\u00e1pido.","robots":{"index":"index","follow":"follow","max-snippet":"max-snippet:-1","max-image-preview":"max-image-preview:large","max-video-preview":"max-video-preview:-1"},"canonical":"https:\/\/assist.com.co\/en\/automatizacion-de-procesos-para-tu-negocio\/","og_locale":"en_US","og_type":"article","og_title":"Automatizaci\u00f3n de Procesos","og_description":"Automatiza los procesos de tu negocio a trav\u00e9s del software para una mejora continua adem\u00e1s de crear un despliegue de actividades m\u00e1s r\u00e1pido.","og_url":"https:\/\/assist.com.co\/en\/automatizacion-de-procesos-para-tu-negocio\/","og_site_name":"Assist Consultores","article_modified_time":"2026-02-25T15:27:22+00:00","twitter_card":"summary_large_image","twitter_misc":{"Est. reading time":"3 minutes"},"schema":{"@context":"https:\/\/schema.org","@graph":[{"@type":"WebPage","@id":"https:\/\/assist.com.co\/automatizacion-de-procesos-para-tu-negocio\/","url":"https:\/\/assist.com.co\/automatizacion-de-procesos-para-tu-negocio\/","name":"Automatizaci\u00f3n de Procesos para la mejora continua - Assist Consultores","isPartOf":{"@id":"https:\/\/assist.com.co\/#website"},"datePublished":"2018-09-28T22:33:53+00:00","dateModified":"2026-02-25T15:27:22+00:00","description":"Automatiza los procesos de tu negocio a trav\u00e9s del software para una mejora continua adem\u00e1s de crear un despliegue de actividades m\u00e1s r\u00e1pido.","breadcrumb":{"@id":"https:\/\/assist.com.co\/automatizacion-de-procesos-para-tu-negocio\/#breadcrumb"},"inLanguage":"en-US","potentialAction":[{"@type":"ReadAction","target":["https:\/\/assist.com.co\/automatizacion-de-procesos-para-tu-negocio\/"]}]},{"@type":"BreadcrumbList","@id":"https:\/\/assist.com.co\/automatizacion-de-procesos-para-tu-negocio\/#breadcrumb","itemListElement":[{"@type":"ListItem","position":1,"name":"Home","item":"https:\/\/assist.com.co\/"},{"@type":"ListItem","position":2,"name":"Automatizaci\u00f3n de Procesos"}]},{"@type":"WebSite","@id":"https:\/\/assist.com.co\/#website","url":"https:\/\/assist.com.co\/","name":"Assist Consultores","description":"Transformando Capacidades Empresariales en Sistemas Innovadores","potentialAction":[{"@type":"SearchAction","target":{"@type":"EntryPoint","urlTemplate":"https:\/\/assist.com.co\/?s={search_term_string}"},"query-input":{"@type":"PropertyValueSpecification","valueRequired":true,"valueName":"search_term_string"}}],"inLanguage":"en-US"}]}},"_links":{"self":[{"href":"https:\/\/assist.com.co\/en\/wp-json\/wp\/v2\/pages\/749","targetHints":{"allow":["GET"]}}],"collection":[{"href":"https:\/\/assist.com.co\/en\/wp-json\/wp\/v2\/pages"}],"about":[{"href":"https:\/\/assist.com.co\/en\/wp-json\/wp\/v2\/types\/page"}],"author":[{"embeddable":true,"href":"https:\/\/assist.com.co\/en\/wp-json\/wp\/v2\/users\/1"}],"replies":[{"embeddable":true,"href":"https:\/\/assist.com.co\/en\/wp-json\/wp\/v2\/comments?post=749"}],"version-history":[{"count":2,"href":"https:\/\/assist.com.co\/en\/wp-json\/wp\/v2\/pages\/749\/revisions"}],"predecessor-version":[{"id":24130,"href":"https:\/\/assist.com.co\/en\/wp-json\/wp\/v2\/pages\/749\/revisions\/24130"}],"wp:attachment":[{"href":"https:\/\/assist.com.co\/en\/wp-json\/wp\/v2\/media?parent=749"}],"curies":[{"name":"wp","href":"https:\/\/api.w.org\/{rel}","templated":true}]}}