{"id":8461,"date":"2020-10-13T22:29:38","date_gmt":"2020-10-13T22:29:38","guid":{"rendered":"https:\/\/assist.com.co\/?page_id=8461"},"modified":"2026-02-25T15:31:54","modified_gmt":"2026-02-25T15:31:54","slug":"oss-assist","status":"publish","type":"page","link":"https:\/\/assist.com.co\/en\/oss-assist\/","title":{"rendered":"OSS Assist"},"content":{"rendered":"<div class=\"et_pb_section_0 et_pb_section et_pb_fullwidth_section et_section_regular et_block_section\"><div class=\"et_pb_fullwidth_code_0 et_pb_fullwidth_code et_pb_module\"><div class=\"et_pb_code_inner\">[rev_slider alias=\"oss-assist-final\"]<\/div><\/div><\/div><div class=\"et_pb_section_1 et_pb_section et_section_regular et_block_section preset--module--divi-section--default\"><div class=\"et_pb_row_0 et_pb_row et-vb-row--no-module et_block_row\"><div class=\"et_pb_column_0 et_pb_column et_pb_column_4_4 et-last-child et_block_column et_pb_column_empty et_pb_css_mix_blend_mode_passthrough\"><\/div><\/div><\/div><div class=\"et_pb_section_2 et_pb_section et_section_regular et_block_section et_pb_section_parallax preset--module--divi-section--default\"><span class=\"et-pb-parallax-wrapper\"><span class=\"et-pb-parallax-background et-pb-parallax-background--css et-pb-parallax-background-module--divi-section-2\" style=\"background-image:url(https:\/\/assist.com.co\/wp-content\/uploads\/2019\/12\/backgrounds-ini.png)\"><\/span><\/span><div class=\"et_pb_row_1 et_pb_row et_pb_row_4col et_block_row et_block_row_4col et_animated\"><div class=\"et_pb_column_1 et_pb_column et_pb_column_1_4 et_block_column et_pb_css_mix_blend_mode_passthrough\"><div class=\"et_pb_module et_pb_button_module_wrapper et_pb_button_0_wrapper\"><a class=\"et_pb_button_0 et_pb_button et_pb_bg_layout_light et_pb_module et_block_module\" href=\"#descubre\">DESCUBRE<\/a><\/div><\/div><div class=\"et_pb_column_2 et_pb_column et_pb_column_1_4 et_block_column et_pb_css_mix_blend_mode_passthrough\"><div class=\"et_pb_module et_pb_button_module_wrapper et_pb_button_1_wrapper\"><a class=\"et_pb_button_1 et_pb_button et_pb_bg_layout_light et_pb_module et_block_module\" href=\"#ventajas\">VENTAJAS<\/a><\/div><\/div><div class=\"et_pb_column_3 et_pb_column et_pb_column_1_4 et_block_column et_pb_css_mix_blend_mode_passthrough\"><div class=\"et_pb_module et_pb_button_module_wrapper et_pb_button_2_wrapper\"><a class=\"et_pb_button_2 et_pb_button et_pb_bg_layout_light et_pb_module et_block_module\" href=\"#soporte\">SOPORTE<\/a><\/div><\/div><div class=\"et_pb_column_4 et_pb_column et_pb_column_1_4 et-last-child et_block_column et_pb_css_mix_blend_mode_passthrough\"><div class=\"et_pb_module et_pb_button_module_wrapper et_pb_button_3_wrapper\"><a class=\"et_pb_button_3 et_pb_button et_pb_bg_layout_light et_pb_module et_block_module\" href=\"#contacto\">ESCR\u00cdBENOS<\/a><\/div><\/div><\/div><\/div><div class=\"et_pb_section_3 et_pb_section et_section_regular et_block_section et_pb_section_parallax preset--module--divi-section--default\" id=\"descubre\"><span class=\"et-pb-parallax-wrapper\"><span class=\"et-pb-parallax-background et-pb-parallax-background--css et-pb-parallax-background-module--divi-section-3\" style=\"background-image:url(https:\/\/assist.com.co\/wp-content\/uploads\/2019\/12\/backgrounds-ini.png)\"><\/span><\/span><div class=\"et_pb_row_2 et_pb_row et_block_row\"><div class=\"et_pb_column_5 et_pb_column et_pb_column_4_4 et-last-child et_block_column et_pb_css_mix_blend_mode_passthrough\"><div class=\"et_pb_text_0 et_pb_text et_pb_bg_layout_light et_pb_module et_block_module\"><div class=\"et_pb_text_inner\"><h1 class=\"ibm-h2 ibm-h3-small ibm-padding-top-1 ibm-padding-bottom-1 ibm-textcolor-default\" live-edit-field-label=\"Headline\" style=\"text-align: center;\"><span style=\"color: #ffffff;\">Descubra c\u00f3mo el soporte de c\u00f3digo abierto puede liberar el valor de sus equipos<\/span><\/h1>\n<\/div><\/div><\/div><\/div><div class=\"et_pb_row_3 et_pb_row et_block_row et_animated\"><div class=\"et_pb_column_6 et_pb_column et_pb_column_3_5 et_block_column et_pb_css_mix_blend_mode_passthrough\"><div class=\"et_pb_text_1 et_pb_text et_pb_bg_layout_light et_pb_module et_block_module\"><div class=\"et_pb_text_inner\"><div class=\"ibm-textcolor-default ibm-padding-top-1 ibm-padding-bottom-1\" live-edit-field-label=\"Body\">\n<p>Una reciente encuesta de investigaci\u00f3n de Forrester mostr\u00f3 que el 55% de las empresas est\u00e1n utilizando 5 o m\u00e1s tipos de software de c\u00f3digo abierto, pero el 79% de ellos tiene dificultades para ofrecer soporte en tiempo real. Algunos de los mayores retos a los que se enfrentan las empresas con el soporte de su software de c\u00f3digo abierto son:<\/p>\n<ul>\n<li>Seguridad y riesgos de conformidad<\/li>\n<li>Mayores costos de utilizaci\u00f3n de licencias comerciales a escala<\/li>\n<li>Problemas de interoperatividad<\/li>\n<li>Integraci\u00f3n con proyectos y tecnolog\u00edas de c\u00f3digo abierto<\/li>\n<li>Falta de personal y habilidades<\/li>\n<\/ul>\n<p>&nbsp;<\/p>\n<\/div>\n<\/div><\/div><\/div><div class=\"et_pb_column_7 et_pb_column et_pb_column_2_5 et-last-child et_block_column et_pb_css_mix_blend_mode_passthrough\"><div class=\"et_pb_video_0 et_pb_video et_pb_module et_block_module\"><div class=\"et_pb_video_box\"><\/div><\/div><\/div><\/div><\/div><div class=\"et_pb_section_4 et_pb_section et_section_regular et_block_section et_animated et_pb_section_parallax preset--module--divi-section--default\" id=\"ventajas\"><span class=\"et-pb-parallax-wrapper\"><span class=\"et-pb-parallax-background et-pb-parallax-background--css et-pb-parallax-background-module--divi-section-4\" style=\"background-image:url(https:\/\/assist.com.co\/wp-content\/uploads\/2019\/12\/backgrounds-ini.png)\"><\/span><\/span><div class=\"et_pb_row_4 et_pb_row et_block_row\"><div class=\"et_pb_column_8 et_pb_column et_pb_column_4_4 et-last-child et_block_column et_pb_css_mix_blend_mode_passthrough\"><div class=\"et_pb_text_2 et_pb_text et_pb_bg_layout_light et_pb_module et_block_module\"><div class=\"et_pb_text_inner\"><h1 style=\"text-align: center;\"><span style=\"color: #002c56;\">VENTAJAS DEL SOPORTE DE C\u00d3DIGO ABIERTO DE IBM<\/span><\/h1>\n<h1><\/h1>\n<\/div><\/div><div class=\"et_pb_divider_0 et_pb_divider et_pb_space et_pb_divider_position_top et_pb_module\"><div class=\"et_pb_divider_internal\"><\/div><\/div><\/div><\/div><div class=\"et_pb_row_5 et_pb_row et_pb_row_4col et_block_row et_block_row_4col\"><div class=\"et_pb_column_9 et_pb_column et_pb_column_1_4 et_block_column et_pb_css_mix_blend_mode_passthrough\"><div class=\"et_pb_image_0 et_pb_image et_animated et_pb_module et_block_module\"><span class=\"et_pb_image_wrap\"><img decoding=\"async\" src=\"https:\/\/assist.com.co\/wp-content\/uploads\/2020\/10\/oss-ben.png\" \/><\/span><\/div><div class=\"et_pb_text_3 et_pb_text et_pb_bg_layout_light et_animated et_pb_module et_block_module\"><div class=\"et_pb_text_inner\"><h1 style=\"text-align: CENTER;\"><span color=\"#002c56\" face=\"Roboto\" style=\"color: #002c56; font-family: Roboto; font-size: 28px;\">Simplifique la resoluci\u00f3n de problemas<\/span><\/h1>\n<\/div><\/div><div class=\"et_pb_text_4 et_pb_text et_pb_bg_layout_light et_animated et_pb_module et_block_module\"><div class=\"et_pb_text_inner\"><h2 style=\"text-align: CENTER;\"><span color=\"#002c56\" face=\"Roboto\" size=\"5\" style=\"color: #002c56; font-family: Roboto; font-size: 20px;\">Una \u00fanica fuente de soporte y de responsabilidad para los problemas de software de c\u00f3digo abierto ayuda a reducir la complejidad<\/span><\/p>\n<\/div><\/div><\/div><div class=\"et_pb_column_10 et_pb_column et_pb_column_1_4 et_block_column et_pb_css_mix_blend_mode_passthrough\"><div class=\"et_pb_image_1 et_pb_image et_animated et_pb_module et_block_module\"><span class=\"et_pb_image_wrap\"><img decoding=\"async\" src=\"https:\/\/assist.com.co\/wp-content\/uploads\/2020\/10\/oss-ben-2.png\" \/><\/span><\/div><div class=\"et_pb_text_5 et_pb_text et_pb_bg_layout_light et_animated et_pb_module et_block_module\"><div class=\"et_pb_text_inner\"><h1 style=\"text-align: CENTER;\"><span color=\"#002c56\" face=\"Roboto\" style=\"color: #002c56; font-family: Roboto; font-size: 28px;\">Reduzca el riesgo<\/span><\/h1>\n<\/div><\/div><div class=\"et_pb_text_6 et_pb_text et_pb_bg_layout_light et_animated et_pb_module et_block_module\"><div class=\"et_pb_text_inner\"><h2 style=\"text-align: CENTER;\"><span color=\"#002c56\" face=\"Roboto\" size=\"5\" style=\"color: #002c56; font-family: Roboto; font-size: 20px;\">Adopte un abordaje preventivo y proactivo con relaci\u00f3n a los problemas de seguridad y conformidad<\/span><\/p>\n<\/div><\/div><\/div><div class=\"et_pb_column_11 et_pb_column et_pb_column_1_4 et_block_column et_pb_css_mix_blend_mode_passthrough\"><div class=\"et_pb_image_2 et_pb_image et_animated et_pb_module et_block_module\"><span class=\"et_pb_image_wrap\"><img decoding=\"async\" src=\"https:\/\/assist.com.co\/wp-content\/uploads\/2020\/10\/oss-ben-3.png\" \/><\/span><\/div><div class=\"et_pb_text_7 et_pb_text et_pb_bg_layout_light et_animated et_pb_module et_block_module\"><div class=\"et_pb_text_inner\"><h1 style=\"text-align: CENTER;\"><span color=\"#002c56\" face=\"Roboto\" style=\"color: #002c56; font-family: Roboto; font-size: 28px;\">Costos m\u00e1s bajos<\/span><\/h1>\n<\/div><\/div><div class=\"et_pb_text_8 et_pb_text et_pb_bg_layout_light et_animated et_pb_module et_block_module\"><div class=\"et_pb_text_inner\"><h2 style=\"text-align: CENTER;\"><span color=\"#002c56\" face=\"Roboto\" size=\"5\" style=\"color: #002c56; font-family: Roboto; font-size: 20px;\">Reduzca el costo del uso de software con licencia comercial a escala<\/span><\/p>\n<\/div><\/div><\/div><div class=\"et_pb_column_12 et_pb_column et_pb_column_1_4 et-last-child et_block_column et_pb_css_mix_blend_mode_passthrough\"><div class=\"et_pb_image_3 et_pb_image et_animated et_pb_module et_block_module\"><span class=\"et_pb_image_wrap\"><img decoding=\"async\" src=\"https:\/\/assist.com.co\/wp-content\/uploads\/2020\/10\/oss-ben-4.png\" \/><\/span><\/div><div class=\"et_pb_text_9 et_pb_text et_pb_bg_layout_light et_animated et_pb_module et_block_module\"><div class=\"et_pb_text_inner\"><h1 style=\"text-align: CENTER;\"><span color=\"#002c56\" face=\"Roboto\" style=\"color: #002c56; font-family: Roboto; font-size: 28px;\">Mejore la productividad<\/span><\/h1>\n<\/div><\/div><div class=\"et_pb_text_10 et_pb_text et_pb_bg_layout_light et_animated et_pb_module et_block_module\"><div class=\"et_pb_text_inner\"><h2 style=\"text-align: CENTER;\"><span color=\"#002c56\" face=\"Roboto\" size=\"5\" style=\"color: #002c56; font-family: Roboto; font-size: 20px;\">Los servicios de soporte de IBM proporcionan un soporte confiable para que sus equipos puedan dedicar menos tiempo a arreglar y m\u00e1s tiempo a innovar<\/span><\/p>\n<\/div><\/div><\/div><\/div><\/div><div class=\"et_pb_section_5 et_pb_section et_section_regular et_block_section et_pb_section_parallax preset--module--divi-section--default\" id=\"soporte\"><span class=\"et-pb-parallax-wrapper\"><span class=\"et-pb-parallax-background et-pb-parallax-background--css et-pb-parallax-background-module--divi-section-5\" style=\"background-image:url(https:\/\/assist.com.co\/wp-content\/uploads\/2020\/10\/banner-ibm-background.png)\"><\/span><\/span><div class=\"et_pb_row_6 et_pb_row et_block_row et_animated\" id=\"hopex\"><div class=\"et_pb_column_13 et_pb_column et_pb_column_1_2 et_block_column et_pb_css_mix_blend_mode_passthrough\"><div class=\"et_pb_text_11 et_pb_text et_pb_bg_layout_light et_pb_module et_block_module\"><div class=\"et_pb_text_inner\"><h1 style=\"text-align: left;\"><span style=\"color: #FFFFFF;\"><strong>Soporte para software de c\u00f3digo abierto comercial<\/strong><\/span><span style=\"font-size: 25px;\"><strong><span style=\"font-family: Roboto;\"><span style=\"color: #FFFFFF;\"><br \/>\n<\/span><\/span><\/strong><\/span><\/h1>\n<h2 style=\"text-align: left;\"><span style=\"font-size: 18px;\"><span style=\"font-family: Roboto;\"><span style=\"color: #FFFFFF;\">1. IBM lleva m\u00e1s de 20 a\u00f1os dando soporte al c\u00f3digo abierto<br \/>\n2. Las soluciones de soporte est\u00e1n disponibles para los portafolios de Red Hat y SUSE<br \/>\n3. Los t\u00e9cnicos de IBM han obtenido las principales certificaciones del sector<br \/>\n4. Las ofertas de soporte premium est\u00e1n disponibles, incluyendo servicios proactivos y predictivos<br \/>\n<\/span><\/span><\/span><\/h2>\n<\/div><\/div><\/div><div class=\"et_pb_column_14 et_pb_column et_pb_column_1_2 et-last-child et_block_column et_pb_css_mix_blend_mode_passthrough\"><div class=\"et_pb_image_4 et_pb_image et_pb_module et_block_module\"><span class=\"et_pb_image_wrap\"><img decoding=\"async\" src=\"https:\/\/assist.com.co\/wp-content\/uploads\/2019\/06\/reunion.png\" \/><\/span><\/div><\/div><\/div><div class=\"et_pb_row_7 et_pb_row et_block_row et_animated\" id=\"hopex\"><div class=\"et_pb_column_15 et_pb_column et_pb_column_1_2 et_block_column et_pb_css_mix_blend_mode_passthrough\"><div class=\"et_pb_text_12 et_pb_text et_pb_bg_layout_light et_pb_module et_block_module\"><div class=\"et_pb_text_inner\"><h1 style=\"text-align: left;\"><span style=\"color: #ffffff;\"><strong>Soporte para software de c\u00f3digo abierto de la comunidad<\/strong><\/span><span style=\"font-size: 25px;\"><strong><span style=\"font-family: Roboto;\"><span style=\"color: #ffffff;\"><br \/>\n<\/span><\/span><\/strong><\/span><\/h1>\n<h2 style=\"text-align: left;\"><span style=\"font-size: 18px;\"><span style=\"font-family: Roboto;\"><span style=\"color: #ffffff;\">1. Soporte de clase empresarial para m\u00e1s de 150 versiones de comunidad <a href=\"https:\/\/www.ibm.com\/downloads\/cas\/KOAB4E9V\">de software de c\u00f3digo abierto<\/a><br \/>\n2. Soporte para OSS com\u00fan que se ejecuta en la nube o en x86, IBM Power e IBM z Systems<br \/>\n3. IBM ofrece servicios de asesor\u00eda de expertos para ayudar a los desarrolladores a obtener respuestas a preguntas sobre temas tales como interoperabilidad, instalaci\u00f3n y configuraci\u00f3n, facilit\u00e1ndole su trabajo.<br \/>\n<\/span><\/span><\/span><\/h2>\n<\/div><\/div><\/div><div class=\"et_pb_column_16 et_pb_column et_pb_column_1_2 et-last-child et_block_column et_pb_css_mix_blend_mode_passthrough\"><div class=\"et_pb_image_5 et_pb_image et_pb_module et_block_module\"><span class=\"et_pb_image_wrap\"><img decoding=\"async\" src=\"https:\/\/assist.com.co\/wp-content\/uploads\/2019\/06\/empresario.png\" \/><\/span><\/div><\/div><\/div><\/div><div class=\"et_pb_section_6 et_pb_section et_section_regular et_block_section et_clickable preset--module--divi-section--default\"><div class=\"et_pb_row_8 et_pb_row et_block_row\"><div class=\"et_pb_column_17 et_pb_column et_pb_column_4_4 et-last-child et_block_column et_pb_css_mix_blend_mode_passthrough\"><div class=\"et_pb_cta_0 et_pb_promo et_pb_bg_layout_dark et_pb_module et_block_module\"><div class=\"et_pb_promo_description\"><h1 class=\"et_pb_module_header\">Somos especialistas en implementar soluciones tecnol\u00f3gicas para todo tipo de compa\u00f1\u00eda.<\/h1><div class=\"et_pb_promo_content\"><h2 style=\"text-align: left;\"><span><\/span><\/h2>\n<h3 style=\"text-align: left;\"><span><\/span>\u00bfQuieres saber m\u00e1s?<\/h3>\n<h3 style=\"text-align: left;\"><\/h3>\n<\/div><\/div><div class=\"et_pb_button_wrapper\"><a class=\"et_pb_button et_pb_promo_button\" href=\"https:\/\/assist.com.co\/atencion-al-cliente-2\/\">Cont\u00e1ctanos<\/a><\/div><\/div><\/div><\/div><\/div>","protected":false},"excerpt":{"rendered":"","protected":false},"author":1,"featured_media":0,"parent":0,"menu_order":0,"comment_status":"closed","ping_status":"closed","template":"","meta":{"inline_featured_image":false,"footnotes":""},"class_list":["post-8461","page","type-page","status-publish","hentry"],"yoast_head":"<!-- This site is optimized with the Yoast SEO Premium plugin v25.2 (Yoast SEO v27.5) - https:\/\/yoast.com\/product\/yoast-seo-premium-wordpress\/ -->\n<title>OSS Assist - Assist Consultores<\/title>\n<meta name=\"description\" content=\"Las practicas hol\u00edsticas de GRC son un elemento clave que hace posible la integraci\u00f3n de las distintas acciones y proyectos de tecnolog\u00eda,\" \/>\n<meta name=\"robots\" content=\"index, follow, max-snippet:-1, max-image-preview:large, max-video-preview:-1\" \/>\n<link rel=\"canonical\" href=\"https:\/\/assist.com.co\/en\/oss-assist\/\" \/>\n<meta property=\"og:locale\" content=\"en_US\" \/>\n<meta property=\"og:type\" content=\"article\" \/>\n<meta property=\"og:title\" content=\"OSS Assist\" \/>\n<meta property=\"og:description\" content=\"Las practicas hol\u00edsticas de GRC son un elemento clave que hace posible la integraci\u00f3n de las distintas acciones y proyectos de tecnolog\u00eda,\" \/>\n<meta property=\"og:url\" content=\"https:\/\/assist.com.co\/en\/oss-assist\/\" \/>\n<meta property=\"og:site_name\" content=\"Assist Consultores\" \/>\n<meta property=\"article:modified_time\" content=\"2026-02-25T15:31:54+00:00\" \/>\n<meta name=\"twitter:card\" content=\"summary_large_image\" \/>\n<script type=\"application\/ld+json\" class=\"yoast-schema-graph\">{\"@context\":\"https:\\\/\\\/schema.org\",\"@graph\":[{\"@type\":\"WebPage\",\"@id\":\"https:\\\/\\\/assist.com.co\\\/oss-assist\\\/\",\"url\":\"https:\\\/\\\/assist.com.co\\\/oss-assist\\\/\",\"name\":\"OSS Assist - Assist Consultores\",\"isPartOf\":{\"@id\":\"https:\\\/\\\/assist.com.co\\\/#website\"},\"datePublished\":\"2020-10-13T22:29:38+00:00\",\"dateModified\":\"2026-02-25T15:31:54+00:00\",\"description\":\"Las practicas hol\u00edsticas de GRC son un elemento clave que hace posible la integraci\u00f3n de las distintas acciones y proyectos de tecnolog\u00eda,\",\"breadcrumb\":{\"@id\":\"https:\\\/\\\/assist.com.co\\\/oss-assist\\\/#breadcrumb\"},\"inLanguage\":\"en-US\",\"potentialAction\":[{\"@type\":\"ReadAction\",\"target\":[\"https:\\\/\\\/assist.com.co\\\/oss-assist\\\/\"]}]},{\"@type\":\"BreadcrumbList\",\"@id\":\"https:\\\/\\\/assist.com.co\\\/oss-assist\\\/#breadcrumb\",\"itemListElement\":[{\"@type\":\"ListItem\",\"position\":1,\"name\":\"Home\",\"item\":\"https:\\\/\\\/assist.com.co\\\/\"},{\"@type\":\"ListItem\",\"position\":2,\"name\":\"OSS Assist\"}]},{\"@type\":\"WebSite\",\"@id\":\"https:\\\/\\\/assist.com.co\\\/#website\",\"url\":\"https:\\\/\\\/assist.com.co\\\/\",\"name\":\"Assist Consultores\",\"description\":\"Transformando Capacidades Empresariales en Sistemas Innovadores\",\"potentialAction\":[{\"@type\":\"SearchAction\",\"target\":{\"@type\":\"EntryPoint\",\"urlTemplate\":\"https:\\\/\\\/assist.com.co\\\/?s={search_term_string}\"},\"query-input\":{\"@type\":\"PropertyValueSpecification\",\"valueRequired\":true,\"valueName\":\"search_term_string\"}}],\"inLanguage\":\"en-US\"}]}<\/script>\n<!-- \/ Yoast SEO Premium plugin. -->","yoast_head_json":{"title":"OSS Assist - Assist Consultores","description":"Las practicas hol\u00edsticas de GRC son un elemento clave que hace posible la integraci\u00f3n de las distintas acciones y proyectos de tecnolog\u00eda,","robots":{"index":"index","follow":"follow","max-snippet":"max-snippet:-1","max-image-preview":"max-image-preview:large","max-video-preview":"max-video-preview:-1"},"canonical":"https:\/\/assist.com.co\/en\/oss-assist\/","og_locale":"en_US","og_type":"article","og_title":"OSS Assist","og_description":"Las practicas hol\u00edsticas de GRC son un elemento clave que hace posible la integraci\u00f3n de las distintas acciones y proyectos de tecnolog\u00eda,","og_url":"https:\/\/assist.com.co\/en\/oss-assist\/","og_site_name":"Assist Consultores","article_modified_time":"2026-02-25T15:31:54+00:00","twitter_card":"summary_large_image","schema":{"@context":"https:\/\/schema.org","@graph":[{"@type":"WebPage","@id":"https:\/\/assist.com.co\/oss-assist\/","url":"https:\/\/assist.com.co\/oss-assist\/","name":"OSS Assist - Assist Consultores","isPartOf":{"@id":"https:\/\/assist.com.co\/#website"},"datePublished":"2020-10-13T22:29:38+00:00","dateModified":"2026-02-25T15:31:54+00:00","description":"Las practicas hol\u00edsticas de GRC son un elemento clave que hace posible la integraci\u00f3n de las distintas acciones y proyectos de tecnolog\u00eda,","breadcrumb":{"@id":"https:\/\/assist.com.co\/oss-assist\/#breadcrumb"},"inLanguage":"en-US","potentialAction":[{"@type":"ReadAction","target":["https:\/\/assist.com.co\/oss-assist\/"]}]},{"@type":"BreadcrumbList","@id":"https:\/\/assist.com.co\/oss-assist\/#breadcrumb","itemListElement":[{"@type":"ListItem","position":1,"name":"Home","item":"https:\/\/assist.com.co\/"},{"@type":"ListItem","position":2,"name":"OSS Assist"}]},{"@type":"WebSite","@id":"https:\/\/assist.com.co\/#website","url":"https:\/\/assist.com.co\/","name":"Assist Consultores","description":"Transformando Capacidades Empresariales en Sistemas Innovadores","potentialAction":[{"@type":"SearchAction","target":{"@type":"EntryPoint","urlTemplate":"https:\/\/assist.com.co\/?s={search_term_string}"},"query-input":{"@type":"PropertyValueSpecification","valueRequired":true,"valueName":"search_term_string"}}],"inLanguage":"en-US"}]}},"_links":{"self":[{"href":"https:\/\/assist.com.co\/en\/wp-json\/wp\/v2\/pages\/8461","targetHints":{"allow":["GET"]}}],"collection":[{"href":"https:\/\/assist.com.co\/en\/wp-json\/wp\/v2\/pages"}],"about":[{"href":"https:\/\/assist.com.co\/en\/wp-json\/wp\/v2\/types\/page"}],"author":[{"embeddable":true,"href":"https:\/\/assist.com.co\/en\/wp-json\/wp\/v2\/users\/1"}],"replies":[{"embeddable":true,"href":"https:\/\/assist.com.co\/en\/wp-json\/wp\/v2\/comments?post=8461"}],"version-history":[{"count":3,"href":"https:\/\/assist.com.co\/en\/wp-json\/wp\/v2\/pages\/8461\/revisions"}],"predecessor-version":[{"id":24160,"href":"https:\/\/assist.com.co\/en\/wp-json\/wp\/v2\/pages\/8461\/revisions\/24160"}],"wp:attachment":[{"href":"https:\/\/assist.com.co\/en\/wp-json\/wp\/v2\/media?parent=8461"}],"curies":[{"name":"wp","href":"https:\/\/api.w.org\/{rel}","templated":true}]}}