{"id":8631,"date":"2020-10-30T15:47:57","date_gmt":"2020-10-30T15:47:57","guid":{"rendered":"https:\/\/assist.com.co\/?page_id=8631"},"modified":"2026-02-25T15:31:59","modified_gmt":"2026-02-25T15:31:59","slug":"eventos-ti-tecnologia","status":"publish","type":"page","link":"https:\/\/assist.com.co\/en\/eventos-ti-tecnologia\/","title":{"rendered":"Assist Talks"},"content":{"rendered":"<div class=\"et_pb_section_0 et_pb_section et_section_regular et_block_section et_pb_section_parallax preset--module--divi-section--default\"><span class=\"et-pb-parallax-wrapper\"><span class=\"et-pb-parallax-background et-pb-parallax-background-module--divi-section-0\" style=\"background-image:url(https:\/\/assist.com.co\/wp-content\/uploads\/2022\/10\/marketing-bg6.png)\"><\/span><\/span><div class=\"et_pb_row_0 et_pb_row et_block_row\"><div class=\"et_pb_column_0 et_pb_column et_pb_column_4_4 et-last-child et_block_column et_pb_css_mix_blend_mode_passthrough\"><div class=\"et_pb_text_0 et_pb_text et_pb_bg_layout_light et_animated et_pb_module et_block_module\"><div class=\"et_pb_text_inner\"><h1 style=\"text-align: center;\"><span style=\"color: #ffffff;\"><em>Next events<\/em><\/span><\/h1>\n<p>&nbsp;<\/p>\n<\/div><\/div><\/div><\/div><div class=\"et_pb_row_1 et_pb_row et_block_row\"><div class=\"et_pb_column_1 et_pb_column et_pb_column_4_4 et-last-child et_block_column et_pb_css_mix_blend_mode_passthrough\"><div class=\"et_pb_text_1 et_pb_text et_pb_bg_layout_light et_pb_module et_block_module\"><div class=\"et_pb_text_inner\"><h1 style=\"text-align: center;\"><em><strong>Webinar Tendencias TI 2023<\/strong><\/em><\/h1>\n<\/div><\/div><\/div><\/div><\/div><div class=\"et_pb_section_1 et_pb_section et_section_regular et_block_section preset--module--divi-section--default\"><div class=\"et_pb_row_2 et_pb_row et_block_row\"><div class=\"et_pb_column_2 et_pb_column et_pb_column_3_5 et_block_column et_pb_css_mix_blend_mode_passthrough\"><div class=\"et_pb_image_0 et_pb_image et_pb_module et_block_module\"><span class=\"et_pb_image_wrap\"><img loading=\"lazy\" decoding=\"async\" src=\"https:\/\/assist.com.co\/wp-content\/uploads\/2023\/02\/evolution-week-assist-1.webp\" width=\"1200\" height=\"628\" srcset=\"https:\/\/assist.com.co\/wp-content\/uploads\/2023\/02\/evolution-week-assist-1.webp 1200w, https:\/\/assist.com.co\/wp-content\/uploads\/2023\/02\/evolution-week-assist-1-980x513.webp 980w, https:\/\/assist.com.co\/wp-content\/uploads\/2023\/02\/evolution-week-assist-1-480x251.webp 480w\" sizes=\"(min-width: 0px) and (max-width: 480px) 480px, (min-width: 481px) and (max-width: 980px) 980px, (min-width: 981px) 1200px, 100vw\" class=\"wp-image-15447\" title=\"evolution-week-assist\" alt=\"evolution-week-assist\" \/><\/span><\/div><\/div><div class=\"et_pb_column_3 et_pb_column et_pb_column_2_5 et-last-child et_block_column et_pb_css_mix_blend_mode_passthrough\"><div class=\"et_pb_text_2 et_pb_text et_pb_bg_layout_light et_clickable et_pb_module et_block_module\"><div class=\"et_pb_text_inner\"><h1><span><strong>Modernizaci\u00f3n TI<\/strong>, la soluci\u00f3n para integrar cultura y tecnolog\u00eda para evolucionar tu organizaci\u00f3n.<\/span><\/h1>\n<p>&nbsp;<\/p>\n<\/div><\/div><div class=\"et_pb_text_3 et_pb_text et_pb_bg_layout_light et_pb_module et_block_module\"><div class=\"et_pb_text_inner\"><h2><span style=\"font-size: x-large;\"><em>Conoceras como construir arquitecturas resilientes con <span style=\"color: #ff0000;\"><strong>modelos de automatizaci\u00f3n para soportar el Desarrollo Digital.<\/strong><\/span><\/em><\/span><\/h2>\n<\/div><\/div><div class=\"et_pb_module et_pb_button_module_wrapper et_pb_button_0_wrapper\"><a class=\"et_pb_button_0 et_pb_button et_pb_bg_layout_light et_pb_module et_block_module\" href=\"https:\/\/assist.com.co\/en\/evolution-week-assist-redhat\/\">REG\u00cdSTRATE AHORA<\/a><\/div><\/div><\/div><\/div><div class=\"et_pb_section_2 et_pb_section et_section_regular et_block_section preset--module--divi-section--default\"><div class=\"et_pb_row_3 et_pb_row et_block_row\"><div class=\"et_pb_column_4 et_pb_column et_pb_column_4_4 et-last-child et_block_column et_pb_css_mix_blend_mode_passthrough\"><div class=\"et_pb_module et_pb_button_module_wrapper et_pb_button_1_wrapper\"><a class=\"et_pb_button_1 et_pb_button et_pb_bg_layout_light et_pb_module et_block_module\" href=\"https:\/\/assist.com.co\/en\/terminos-y-condiciones\/\" target=\"_blank\">See Terms and Conditions<\/a><\/div><\/div><\/div><\/div>","protected":false},"excerpt":{"rendered":"","protected":false},"author":1,"featured_media":0,"parent":0,"menu_order":0,"comment_status":"closed","ping_status":"closed","template":"","meta":{"inline_featured_image":false,"footnotes":""},"class_list":["post-8631","page","type-page","status-publish","hentry"],"yoast_head":"<!-- This site is optimized with the Yoast SEO Premium plugin v25.2 (Yoast SEO v27.5) - https:\/\/yoast.com\/product\/yoast-seo-premium-wordpress\/ -->\n<title>Assist Talks cambia tu negocio - Assist Consultores<\/title>\n<meta name=\"description\" content=\"Eventos, Webinars, Reuniones y m\u00e1s en un solo lugar. Habla con Assist y sus partners para descubrir lo que tu empresa necesita.\" \/>\n<meta name=\"robots\" content=\"index, follow, max-snippet:-1, max-image-preview:large, max-video-preview:-1\" \/>\n<link rel=\"canonical\" href=\"https:\/\/assist.com.co\/en\/eventos-ti-tecnologia\/\" \/>\n<meta property=\"og:locale\" content=\"en_US\" \/>\n<meta property=\"og:type\" content=\"article\" \/>\n<meta property=\"og:title\" content=\"Assist Talks\" \/>\n<meta property=\"og:description\" content=\"Eventos, Webinars, Reuniones y m\u00e1s en un solo lugar. Habla con Assist y sus partners para descubrir lo que tu empresa necesita.\" \/>\n<meta property=\"og:url\" content=\"https:\/\/assist.com.co\/en\/eventos-ti-tecnologia\/\" \/>\n<meta property=\"og:site_name\" content=\"Assist Consultores\" \/>\n<meta property=\"article:modified_time\" content=\"2026-02-25T15:31:59+00:00\" \/>\n<meta name=\"twitter:card\" content=\"summary_large_image\" \/>\n<meta name=\"twitter:label1\" content=\"Est. reading time\" \/>\n\t<meta name=\"twitter:data1\" content=\"1 minute\" \/>\n<script type=\"application\/ld+json\" class=\"yoast-schema-graph\">{\"@context\":\"https:\\\/\\\/schema.org\",\"@graph\":[{\"@type\":\"WebPage\",\"@id\":\"https:\\\/\\\/assist.com.co\\\/eventos-ti-tecnologia\\\/\",\"url\":\"https:\\\/\\\/assist.com.co\\\/eventos-ti-tecnologia\\\/\",\"name\":\"Assist Talks cambia tu negocio - Assist Consultores\",\"isPartOf\":{\"@id\":\"https:\\\/\\\/assist.com.co\\\/#website\"},\"datePublished\":\"2020-10-30T15:47:57+00:00\",\"dateModified\":\"2026-02-25T15:31:59+00:00\",\"description\":\"Eventos, Webinars, Reuniones y m\u00e1s en un solo lugar. Habla con Assist y sus partners para descubrir lo que tu empresa necesita.\",\"breadcrumb\":{\"@id\":\"https:\\\/\\\/assist.com.co\\\/eventos-ti-tecnologia\\\/#breadcrumb\"},\"inLanguage\":\"en-US\",\"potentialAction\":[{\"@type\":\"ReadAction\",\"target\":[\"https:\\\/\\\/assist.com.co\\\/eventos-ti-tecnologia\\\/\"]}]},{\"@type\":\"BreadcrumbList\",\"@id\":\"https:\\\/\\\/assist.com.co\\\/eventos-ti-tecnologia\\\/#breadcrumb\",\"itemListElement\":[{\"@type\":\"ListItem\",\"position\":1,\"name\":\"Home\",\"item\":\"https:\\\/\\\/assist.com.co\\\/\"},{\"@type\":\"ListItem\",\"position\":2,\"name\":\"Assist Talks\"}]},{\"@type\":\"WebSite\",\"@id\":\"https:\\\/\\\/assist.com.co\\\/#website\",\"url\":\"https:\\\/\\\/assist.com.co\\\/\",\"name\":\"Assist Consultores\",\"description\":\"Transformando Capacidades Empresariales en Sistemas Innovadores\",\"potentialAction\":[{\"@type\":\"SearchAction\",\"target\":{\"@type\":\"EntryPoint\",\"urlTemplate\":\"https:\\\/\\\/assist.com.co\\\/?s={search_term_string}\"},\"query-input\":{\"@type\":\"PropertyValueSpecification\",\"valueRequired\":true,\"valueName\":\"search_term_string\"}}],\"inLanguage\":\"en-US\"}]}<\/script>\n<!-- \/ Yoast SEO Premium plugin. -->","yoast_head_json":{"title":"Assist Talks cambia tu negocio - Assist Consultores","description":"Eventos, Webinars, Reuniones y m\u00e1s en un solo lugar. Habla con Assist y sus partners para descubrir lo que tu empresa necesita.","robots":{"index":"index","follow":"follow","max-snippet":"max-snippet:-1","max-image-preview":"max-image-preview:large","max-video-preview":"max-video-preview:-1"},"canonical":"https:\/\/assist.com.co\/en\/eventos-ti-tecnologia\/","og_locale":"en_US","og_type":"article","og_title":"Assist Talks","og_description":"Eventos, Webinars, Reuniones y m\u00e1s en un solo lugar. Habla con Assist y sus partners para descubrir lo que tu empresa necesita.","og_url":"https:\/\/assist.com.co\/en\/eventos-ti-tecnologia\/","og_site_name":"Assist Consultores","article_modified_time":"2026-02-25T15:31:59+00:00","twitter_card":"summary_large_image","twitter_misc":{"Est. reading time":"1 minute"},"schema":{"@context":"https:\/\/schema.org","@graph":[{"@type":"WebPage","@id":"https:\/\/assist.com.co\/eventos-ti-tecnologia\/","url":"https:\/\/assist.com.co\/eventos-ti-tecnologia\/","name":"Assist Talks cambia tu negocio - Assist Consultores","isPartOf":{"@id":"https:\/\/assist.com.co\/#website"},"datePublished":"2020-10-30T15:47:57+00:00","dateModified":"2026-02-25T15:31:59+00:00","description":"Eventos, Webinars, Reuniones y m\u00e1s en un solo lugar. Habla con Assist y sus partners para descubrir lo que tu empresa necesita.","breadcrumb":{"@id":"https:\/\/assist.com.co\/eventos-ti-tecnologia\/#breadcrumb"},"inLanguage":"en-US","potentialAction":[{"@type":"ReadAction","target":["https:\/\/assist.com.co\/eventos-ti-tecnologia\/"]}]},{"@type":"BreadcrumbList","@id":"https:\/\/assist.com.co\/eventos-ti-tecnologia\/#breadcrumb","itemListElement":[{"@type":"ListItem","position":1,"name":"Home","item":"https:\/\/assist.com.co\/"},{"@type":"ListItem","position":2,"name":"Assist Talks"}]},{"@type":"WebSite","@id":"https:\/\/assist.com.co\/#website","url":"https:\/\/assist.com.co\/","name":"Assist Consultores","description":"Transformando Capacidades Empresariales en Sistemas Innovadores","potentialAction":[{"@type":"SearchAction","target":{"@type":"EntryPoint","urlTemplate":"https:\/\/assist.com.co\/?s={search_term_string}"},"query-input":{"@type":"PropertyValueSpecification","valueRequired":true,"valueName":"search_term_string"}}],"inLanguage":"en-US"}]}},"_links":{"self":[{"href":"https:\/\/assist.com.co\/en\/wp-json\/wp\/v2\/pages\/8631","targetHints":{"allow":["GET"]}}],"collection":[{"href":"https:\/\/assist.com.co\/en\/wp-json\/wp\/v2\/pages"}],"about":[{"href":"https:\/\/assist.com.co\/en\/wp-json\/wp\/v2\/types\/page"}],"author":[{"embeddable":true,"href":"https:\/\/assist.com.co\/en\/wp-json\/wp\/v2\/users\/1"}],"replies":[{"embeddable":true,"href":"https:\/\/assist.com.co\/en\/wp-json\/wp\/v2\/comments?post=8631"}],"version-history":[{"count":6,"href":"https:\/\/assist.com.co\/en\/wp-json\/wp\/v2\/pages\/8631\/revisions"}],"predecessor-version":[{"id":24162,"href":"https:\/\/assist.com.co\/en\/wp-json\/wp\/v2\/pages\/8631\/revisions\/24162"}],"wp:attachment":[{"href":"https:\/\/assist.com.co\/en\/wp-json\/wp\/v2\/media?parent=8631"}],"curies":[{"name":"wp","href":"https:\/\/api.w.org\/{rel}","templated":true}]}}