{"id":9817,"date":"2021-05-27T14:32:34","date_gmt":"2021-05-27T14:32:34","guid":{"rendered":"https:\/\/assist.com.co\/?page_id=9817"},"modified":"2026-02-25T15:32:07","modified_gmt":"2026-02-25T15:32:07","slug":"solicitudes","status":"publish","type":"page","link":"https:\/\/assist.com.co\/en\/solicitudes\/","title":{"rendered":"Requests"},"content":{"rendered":"<div class=\"et_pb_section_0 et_pb_section et_section_regular et_block_section section_has_divider et_pb_bottom_divider preset--module--divi-section--default\"><div class=\"et_pb_row_0 et_pb_row et_block_row\"><div class=\"et_pb_column_0 et_pb_column et_pb_column_1_2 et_block_column et_pb_css_mix_blend_mode_passthrough\"><div class=\"et_pb_image_0 et_pb_image et_animated et_pb_module et_block_module\"><span class=\"et_pb_image_wrap\"><img loading=\"lazy\" decoding=\"async\" src=\"https:\/\/assist.com.co\/wp-content\/uploads\/2025\/05\/0529.gif\" width=\"640\" height=\"926\" sizes=\"(min-width: 0px) and (max-width: 480px) 480px, (min-width: 481px) 640px, 100vw\" class=\"wp-image-22220\" title=\"servicio-al-cliente\" alt=\"servicio-al-cliente\" \/><\/span><\/div><\/div><div class=\"et_pb_column_1 et_pb_column et_pb_column_1_2 et-last-child et_block_column et_pb_css_mix_blend_mode_passthrough\"><div class=\"et_pb_text_0 et_pb_text et_pb_bg_layout_light et_pb_module et_block_module\"><div class=\"et_pb_text_inner\"><h1 class=\"et_pb_module_header et-fb-editable-element et-fb-editable-element__editing\" data-shortcode-id=\"0.0-1748468979422\" data-quickaccess-id=\"title\" contenteditable=\"true\"><span style=\"color: #000000;\">How can we help you?<\/span><\/h1>\n<\/div><\/div><div class=\"et_pb_text_1 et_pb_text et_pb_bg_layout_light et_pb_module et_block_module\"><div class=\"et_pb_text_inner\"><p style=\"text-align: justify;\"><span style=\"color: #000000;\">Our team is ready to listen, guide you, and provide you with straightforward answers. Whether it\u2019s a quick technical question or a full-scale digital transformation project, at Assist we partner with you to deliver solutions built around your business needs.<\/span><\/p>\n<\/div><\/div><div class=\"et_pb_text_2 et_pb_text et_pb_bg_layout_light et_pb_module et_block_module\"><div class=\"et_pb_text_inner\"><p><strong><em>Every request is unique. Every solution is designed to match.<\/em><\/strong><\/p>\n<\/div><\/div><div class=\"et_pb_module et_pb_button_module_wrapper et_pb_button_0_wrapper\"><a class=\"et_pb_button_0 et_pb_button et_pb_bg_layout_light et_pb_module et_block_module\" href=\"https:\/\/api.whatsapp.com\/send\/?pho-ne=%2B573102169640&#038;text=Ho-la%2C+quisiera+que+me+contacten.&#038;type=pho\">Speak with an Expert<\/a><\/div><div class=\"et_pb_image_1 et_pb_image et_pb_module et_block_module\"><span class=\"et_pb_image_wrap\"><img loading=\"lazy\" decoding=\"async\" src=\"https:\/\/assist.com.co\/wp-content\/uploads\/2025\/04\/target-4755_512.gif\" width=\"512\" height=\"512\" sizes=\"(min-width: 0px) and (max-width: 480px) 480px, (min-width: 481px) 512px, 100vw\" class=\"wp-image-21698\" \/><\/span><\/div><\/div><\/div><div class=\"et_pb_bottom_inside_divider et-no-transition\"><\/div><\/div><div class=\"et_pb_section_1 et_pb_section et_section_regular et_block_section section_has_divider et_pb_top_divider preset--module--divi-section--default\"><div class=\"et_pb_top_inside_divider et-no-transition\"><\/div><div class=\"et_pb_row_1 et_pb_row et_block_row\"><div class=\"et_pb_column_2 et_pb_column et_pb_column_1_2 et_block_column et_pb_css_mix_blend_mode_passthrough\"><div class=\"et_pb_text_3 et_pb_text et_pb_bg_layout_light et_pb_module et_block_module\"><div class=\"et_pb_text_inner\"><h4><strong>Support that actually delivers<\/strong><\/h4>\n<h2>Specialized advisory and hands-on expertise at every stage of your journey.<\/h2>\n<\/div><\/div><\/div><div class=\"et_pb_column_3 et_pb_column et_pb_column_1_2 et-last-child et_block_column et_pb_css_mix_blend_mode_passthrough\"><div class=\"et_pb_divider_0 et_pb_divider et_pb_space et_pb_divider_position_top et_pb_module\"><div class=\"et_pb_divider_internal\"><\/div><\/div><\/div><\/div><div class=\"et_pb_row_2 et_pb_row et_block_row\"><div class=\"et_pb_column_4 et_pb_column et_pb_column_1_2 et_block_column et_pb_css_mix_blend_mode_passthrough\"><div class=\"et_pb_blurb_0 et_pb_blurb et_pb_bg_layout_light et_pb_blurb_position_left et_pb_module et_block_module\"><div class=\"et_pb_blurb_content\"><div class=\"et_pb_main_blurb_image\"><span class=\"et_pb_image_wrap et_pb_only_image_mode_wrap\"><img loading=\"lazy\" decoding=\"async\" src=\"https:\/\/assist.com.co\/wp-content\/uploads\/2025\/05\/icnos-1.png\" width=\"150\" height=\"150\" srcset=\"https:\/\/assist.com.co\/wp-content\/uploads\/2025\/05\/icnos-1.png 150w, https:\/\/assist.com.co\/wp-content\/uploads\/2025\/05\/icnos-1-12x12.png 12w\" sizes=\"(max-width: 150px) 100vw, 150px\" class=\"et-waypoint et_pb_animation_off et_pb_animation_off_tablet et_pb_animation_off_phone wp-image-22221\" \/><\/span><\/div><div class=\"et_pb_blurb_container\"><h4 class=\"et_pb_module_header\">Do you have questions?<\/h4><div class=\"et_pb_blurb_description\"><p>We address your inquiries about services, processes, integrations, or any concerns regarding how our technology stack and consulting capabilities can support your roadmap.<\/p>\n<\/div><\/div><\/div><\/div><div class=\"et_pb_blurb_1 et_pb_blurb et_pb_bg_layout_light et_pb_blurb_position_left et_pb_module et_block_module\"><div class=\"et_pb_blurb_content\"><div class=\"et_pb_main_blurb_image\"><span class=\"et_pb_image_wrap et_pb_only_image_mode_wrap\"><img loading=\"lazy\" decoding=\"async\" src=\"https:\/\/assist.com.co\/wp-content\/uploads\/2025\/05\/icnos-2.png\" width=\"150\" height=\"150\" srcset=\"https:\/\/assist.com.co\/wp-content\/uploads\/2025\/05\/icnos-2.png 150w, https:\/\/assist.com.co\/wp-content\/uploads\/2025\/05\/icnos-2-12x12.png 12w\" sizes=\"(max-width: 150px) 100vw, 150px\" class=\"et-waypoint et_pb_animation_off et_pb_animation_off_tablet et_pb_animation_off_phone wp-image-22222\" \/><\/span><\/div><div class=\"et_pb_blurb_container\"><h4 class=\"et_pb_module_header\">Is something not working as expected?<\/h4><div class=\"et_pb_blurb_description\"><p>We are here to troubleshoot, fix, and optimize. Our technical engineers and consultants walk you through every step until your platform, system, or workflow performs the way it should.<\/p>\n<\/div><\/div><\/div><\/div><div class=\"et_pb_blurb_2 et_pb_blurb et_pb_bg_layout_light et_pb_blurb_position_left et_pb_module et_block_module\"><div class=\"et_pb_blurb_content\"><div class=\"et_pb_main_blurb_image\"><span class=\"et_pb_image_wrap et_pb_only_image_mode_wrap\"><img loading=\"lazy\" decoding=\"async\" src=\"https:\/\/assist.com.co\/wp-content\/uploads\/2025\/05\/icnos-3.png\" width=\"150\" height=\"150\" srcset=\"https:\/\/assist.com.co\/wp-content\/uploads\/2025\/05\/icnos-3.png 150w, https:\/\/assist.com.co\/wp-content\/uploads\/2025\/05\/icnos-3-12x12.png 12w\" sizes=\"(max-width: 150px) 100vw, 150px\" class=\"et-waypoint et_pb_animation_off et_pb_animation_off_tablet et_pb_animation_off_phone wp-image-22223\" \/><\/span><\/div><div class=\"et_pb_blurb_container\"><h4 class=\"et_pb_module_header\">Ready to build something together?<\/h4><div class=\"et_pb_blurb_description\"><p data-start=\"1181\" data-end=\"1298\"><span style=\"color: #000000;\">From day one, we guide you with tailored IT solutions, whether it\u2019s automation, cloud, AI, infrastructure, or custom development\u2014designed to scale with your business.<\/span><\/p>\n<\/div><\/div><\/div><\/div><div class=\"et_pb_image_2 et_pb_image et_pb_module et_block_module\"><span class=\"et_pb_image_wrap\"><img loading=\"lazy\" decoding=\"async\" src=\"https:\/\/assist.com.co\/wp-content\/uploads\/2025\/05\/Contact.gif\" width=\"1138\" height=\"640\" sizes=\"(min-width: 0px) and (max-width: 480px) 480px, (min-width: 481px) and (max-width: 980px) 980px, (min-width: 981px) 1138px, 100vw\" class=\"wp-image-22041\" \/><\/span><\/div><div class=\"et_pb_text_4 et_pb_text et_pb_bg_layout_light et_pb_module et_block_module\"><div class=\"et_pb_text_inner\"><h1><span style=\"color: #ff0000;\"><strong>Data Privacy Policy<\/strong><\/span><\/h1>\n<\/div><\/div><div class=\"et_pb_module et_pb_button_module_wrapper et_pb_button_1_wrapper\"><a class=\"et_pb_button_1 et_pb_button et_pb_bg_layout_light et_pb_module et_block_module\" href=\"https:\/\/assist.com.co\/en\/terminos-y-condiciones\/\">CLIC HERE<\/a><\/div><\/div><div class=\"et_pb_column_5 et_pb_column et_pb_column_1_2 et-last-child et_block_column et_pb_css_mix_blend_mode_passthrough\"><div class=\"et_pb_code_0 et_pb_code et_pb_module\"><div class=\"et_pb_code_inner\"><iframe loading=\"lazy\" src=\"https:\/\/docs.google.com\/forms\/d\/e\/1FAIpQLSeJS_6xiRc_3eT9sISCaJITpZeho5G-0Q8kknFhFSBnAsXOeA\/viewform?embedded=true\" width=\"800\" height=\"800\" frameborder=\"0\" marginheight=\"0\" marginwidth=\"0\">Cargando\u2026<\/iframe><\/div><\/div><\/div><\/div><\/div><div class=\"et_pb_section_2 et_pb_section et_section_regular et_block_section section_has_divider et_pb_top_divider preset--module--divi-section--default\"><div class=\"et_pb_top_inside_divider et-no-transition\"><\/div><div class=\"et_pb_row_3 et_pb_row et_block_row\"><div class=\"et_pb_column_6 et_pb_column et_pb_column_3_5 et_block_column et_pb_css_mix_blend_mode_passthrough\"><div class=\"et_pb_text_5 et_pb_text et_pb_bg_layout_dark et_pb_module et_block_module\"><div class=\"et_pb_text_inner\"><h2><span style=\"color: #000000;\"><em><strong>You can also reach us directly at:<\/strong><\/em><\/span><\/h2>\n<\/div><\/div><div class=\"et_pb_text_6 et_pb_text et_pb_bg_layout_dark et_pb_module et_block_module\"><div class=\"et_pb_text_inner\"><h1><span style=\"color: #ff0000;\"><em>comunicaciones@assist.com.co<\/em><\/span><\/h1>\n<\/div><\/div><\/div><div class=\"et_pb_column_7 et_pb_column et_pb_column_2_5 et-last-child et_block_column et_pb_css_mix_blend_mode_passthrough\"><div class=\"et_pb_image_3 et_pb_image et_pb_module et_block_module\"><span class=\"et_pb_image_wrap\"><img loading=\"lazy\" decoding=\"async\" src=\"https:\/\/assist.com.co\/wp-content\/uploads\/2025\/05\/mail-800_512.gif\" width=\"512\" height=\"512\" sizes=\"(min-width: 0px) and (max-width: 480px) 480px, (min-width: 481px) 512px, 100vw\" class=\"wp-image-22209\" \/><\/span><\/div><\/div><\/div><\/div>","protected":false},"excerpt":{"rendered":"","protected":false},"author":1,"featured_media":0,"parent":0,"menu_order":0,"comment_status":"closed","ping_status":"closed","template":"","meta":{"inline_featured_image":false,"footnotes":""},"class_list":["post-9817","page","type-page","status-publish","hentry"],"yoast_head":"<!-- This site is optimized with the Yoast SEO Premium plugin v25.2 (Yoast SEO v27.3) - https:\/\/yoast.com\/product\/yoast-seo-premium-wordpress\/ -->\n<title>Solicitudes y te ayudaremos a mejorar tu negocio - Assist Consultores<\/title>\n<meta name=\"description\" content=\"Brindamos Soluciones tecnol\u00f3gicas para el crecimiento empresarial, aumentando la productividad corporativa a trav\u00e9s de la innovaci\u00f3n.\" \/>\n<meta name=\"robots\" content=\"index, follow, max-snippet:-1, max-image-preview:large, max-video-preview:-1\" \/>\n<link rel=\"canonical\" href=\"https:\/\/assist.com.co\/en\/solicitudes\/\" \/>\n<meta property=\"og:locale\" content=\"en_US\" \/>\n<meta property=\"og:type\" content=\"article\" \/>\n<meta property=\"og:title\" content=\"Solicitudes\" \/>\n<meta property=\"og:description\" content=\"Brindamos Soluciones tecnol\u00f3gicas para el crecimiento empresarial, aumentando la productividad corporativa a trav\u00e9s de la innovaci\u00f3n.\" \/>\n<meta property=\"og:url\" content=\"https:\/\/assist.com.co\/en\/solicitudes\/\" \/>\n<meta property=\"og:site_name\" content=\"Assist Consultores\" \/>\n<meta property=\"article:modified_time\" content=\"2026-02-25T15:32:07+00:00\" \/>\n<meta name=\"twitter:card\" content=\"summary_large_image\" \/>\n<meta name=\"twitter:label1\" content=\"Est. reading time\" \/>\n\t<meta name=\"twitter:data1\" content=\"1 minute\" \/>\n<script type=\"application\/ld+json\" class=\"yoast-schema-graph\">{\"@context\":\"https:\\\/\\\/schema.org\",\"@graph\":[{\"@type\":\"WebPage\",\"@id\":\"https:\\\/\\\/assist.com.co\\\/solicitudes\\\/\",\"url\":\"https:\\\/\\\/assist.com.co\\\/solicitudes\\\/\",\"name\":\"Solicitudes y te ayudaremos a mejorar tu negocio - Assist Consultores\",\"isPartOf\":{\"@id\":\"https:\\\/\\\/assist.com.co\\\/#website\"},\"datePublished\":\"2021-05-27T14:32:34+00:00\",\"dateModified\":\"2026-02-25T15:32:07+00:00\",\"description\":\"Brindamos Soluciones tecnol\u00f3gicas para el crecimiento empresarial, aumentando la productividad corporativa a trav\u00e9s de la innovaci\u00f3n.\",\"breadcrumb\":{\"@id\":\"https:\\\/\\\/assist.com.co\\\/solicitudes\\\/#breadcrumb\"},\"inLanguage\":\"en-US\",\"potentialAction\":[{\"@type\":\"ReadAction\",\"target\":[\"https:\\\/\\\/assist.com.co\\\/solicitudes\\\/\"]}]},{\"@type\":\"BreadcrumbList\",\"@id\":\"https:\\\/\\\/assist.com.co\\\/solicitudes\\\/#breadcrumb\",\"itemListElement\":[{\"@type\":\"ListItem\",\"position\":1,\"name\":\"Home\",\"item\":\"https:\\\/\\\/assist.com.co\\\/\"},{\"@type\":\"ListItem\",\"position\":2,\"name\":\"Solicitudes\"}]},{\"@type\":\"WebSite\",\"@id\":\"https:\\\/\\\/assist.com.co\\\/#website\",\"url\":\"https:\\\/\\\/assist.com.co\\\/\",\"name\":\"Assist Consultores\",\"description\":\"Transformando Capacidades Empresariales en Sistemas Innovadores\",\"potentialAction\":[{\"@type\":\"SearchAction\",\"target\":{\"@type\":\"EntryPoint\",\"urlTemplate\":\"https:\\\/\\\/assist.com.co\\\/?s={search_term_string}\"},\"query-input\":{\"@type\":\"PropertyValueSpecification\",\"valueRequired\":true,\"valueName\":\"search_term_string\"}}],\"inLanguage\":\"en-US\"}]}<\/script>\n<!-- \/ Yoast SEO Premium plugin. -->","yoast_head_json":{"title":"Solicitudes y te ayudaremos a mejorar tu negocio - Assist Consultores","description":"Brindamos Soluciones tecnol\u00f3gicas para el crecimiento empresarial, aumentando la productividad corporativa a trav\u00e9s de la innovaci\u00f3n.","robots":{"index":"index","follow":"follow","max-snippet":"max-snippet:-1","max-image-preview":"max-image-preview:large","max-video-preview":"max-video-preview:-1"},"canonical":"https:\/\/assist.com.co\/en\/solicitudes\/","og_locale":"en_US","og_type":"article","og_title":"Solicitudes","og_description":"Brindamos Soluciones tecnol\u00f3gicas para el crecimiento empresarial, aumentando la productividad corporativa a trav\u00e9s de la innovaci\u00f3n.","og_url":"https:\/\/assist.com.co\/en\/solicitudes\/","og_site_name":"Assist Consultores","article_modified_time":"2026-02-25T15:32:07+00:00","twitter_card":"summary_large_image","twitter_misc":{"Est. reading time":"1 minute"},"schema":{"@context":"https:\/\/schema.org","@graph":[{"@type":"WebPage","@id":"https:\/\/assist.com.co\/solicitudes\/","url":"https:\/\/assist.com.co\/solicitudes\/","name":"Solicitudes y te ayudaremos a mejorar tu negocio - Assist Consultores","isPartOf":{"@id":"https:\/\/assist.com.co\/#website"},"datePublished":"2021-05-27T14:32:34+00:00","dateModified":"2026-02-25T15:32:07+00:00","description":"Brindamos Soluciones tecnol\u00f3gicas para el crecimiento empresarial, aumentando la productividad corporativa a trav\u00e9s de la innovaci\u00f3n.","breadcrumb":{"@id":"https:\/\/assist.com.co\/solicitudes\/#breadcrumb"},"inLanguage":"en-US","potentialAction":[{"@type":"ReadAction","target":["https:\/\/assist.com.co\/solicitudes\/"]}]},{"@type":"BreadcrumbList","@id":"https:\/\/assist.com.co\/solicitudes\/#breadcrumb","itemListElement":[{"@type":"ListItem","position":1,"name":"Home","item":"https:\/\/assist.com.co\/"},{"@type":"ListItem","position":2,"name":"Solicitudes"}]},{"@type":"WebSite","@id":"https:\/\/assist.com.co\/#website","url":"https:\/\/assist.com.co\/","name":"Assist Consultores","description":"Transformando Capacidades Empresariales en Sistemas Innovadores","potentialAction":[{"@type":"SearchAction","target":{"@type":"EntryPoint","urlTemplate":"https:\/\/assist.com.co\/?s={search_term_string}"},"query-input":{"@type":"PropertyValueSpecification","valueRequired":true,"valueName":"search_term_string"}}],"inLanguage":"en-US"}]}},"_links":{"self":[{"href":"https:\/\/assist.com.co\/en\/wp-json\/wp\/v2\/pages\/9817","targetHints":{"allow":["GET"]}}],"collection":[{"href":"https:\/\/assist.com.co\/en\/wp-json\/wp\/v2\/pages"}],"about":[{"href":"https:\/\/assist.com.co\/en\/wp-json\/wp\/v2\/types\/page"}],"author":[{"embeddable":true,"href":"https:\/\/assist.com.co\/en\/wp-json\/wp\/v2\/users\/1"}],"replies":[{"embeddable":true,"href":"https:\/\/assist.com.co\/en\/wp-json\/wp\/v2\/comments?post=9817"}],"version-history":[{"count":12,"href":"https:\/\/assist.com.co\/en\/wp-json\/wp\/v2\/pages\/9817\/revisions"}],"predecessor-version":[{"id":24165,"href":"https:\/\/assist.com.co\/en\/wp-json\/wp\/v2\/pages\/9817\/revisions\/24165"}],"wp:attachment":[{"href":"https:\/\/assist.com.co\/en\/wp-json\/wp\/v2\/media?parent=9817"}],"curies":[{"name":"wp","href":"https:\/\/api.w.org\/{rel}","templated":true}]}}